{"id":19937,"date":"2021-06-09T17:29:54","date_gmt":"2021-06-09T15:29:54","guid":{"rendered":"https:\/\/footballthrift.shop\/o-nas\/"},"modified":"2021-06-09T17:29:54","modified_gmt":"2021-06-09T15:29:54","slug":"o-nas-2","status":"publish","type":"page","link":"https:\/\/fts.you2.pl\/de\/o-nas-2\/","title":{"rendered":"O nas"},"content":{"rendered":"<style>.kb-row-layout-id15115_e182c3-a8 > .kt-row-column-wrap{align-content:start;}:where(.kb-row-layout-id15115_e182c3-a8 > .kt-row-column-wrap) > .wp-block-kadence-column{justify-content:start;}.kb-row-layout-id15115_e182c3-a8 > .kt-row-column-wrap{column-gap:var(--global-kb-gap-md, 2rem);row-gap:var(--global-kb-gap-md, 2rem);padding-top:var(--global-kb-spacing-sm, 1.5rem);padding-bottom:var(--global-kb-spacing-sm, 1.5rem);grid-template-columns:minmax(0, 1fr);}.kb-row-layout-id15115_e182c3-a8 > .kt-row-layout-overlay{opacity:0.30;}@media all and (max-width: 1024px){.kb-row-layout-id15115_e182c3-a8 > .kt-row-column-wrap{grid-template-columns:minmax(0, 1fr);}}@media all and (max-width: 767px){.kb-row-layout-id15115_e182c3-a8 > .kt-row-column-wrap{grid-template-columns:minmax(0, 1fr);}}<\/style><div class=\"kb-row-layout-wrap kb-row-layout-id15115_e182c3-a8 alignnone wp-block-kadence-rowlayout\"><div class=\"kt-row-column-wrap kt-has-1-columns kt-row-layout-equal kt-tab-layout-inherit kt-mobile-layout-row kt-row-valign-top\">\n<style>.kadence-column15115_616393-49 > .kt-inside-inner-col,.kadence-column15115_616393-49 > .kt-inside-inner-col:before{border-top-left-radius:0px;border-top-right-radius:0px;border-bottom-right-radius:0px;border-bottom-left-radius:0px;}.kadence-column15115_616393-49 > .kt-inside-inner-col{column-gap:var(--global-kb-gap-sm, 1rem);}.kadence-column15115_616393-49 > .kt-inside-inner-col{flex-direction:column;}.kadence-column15115_616393-49 > .kt-inside-inner-col > .aligncenter{width:100%;}.kadence-column15115_616393-49 > .kt-inside-inner-col:before{opacity:0.3;}.kadence-column15115_616393-49{position:relative;}@media all and (max-width: 1024px){.kadence-column15115_616393-49 > .kt-inside-inner-col{flex-direction:column;justify-content:center;}}@media all and (max-width: 767px){.kadence-column15115_616393-49 > .kt-inside-inner-col{flex-direction:column;justify-content:center;}}<\/style>\n<div class=\"wp-block-kadence-column kadence-column15115_616393-49\"><div class=\"kt-inside-inner-col\">\n<h1 class=\"wp-block-heading has-text-align-center\"><strong><em>FTS &#8211; koszuleczki, pi\u0142eczka, lifestyle<\/em><\/strong><\/h1>\n\n\n\n<p class=\"has-text-align-center\">Ta dewiza przy\u015bwieca\u0142a nam przy tworzeniu sklepu i do dzi\u015b towarzyszy nam, gdy funkcjonuje on ju\u017c ponad 2 lata.<\/p>\n\n\n\n<p class=\"has-text-align-left\">     Pierwsz\u0105 koszulk\u0119 pi\u0142karsk\u0105 dosta\u0142em od mojej Matki Chrzestnej, a by\u0142a to dom\u00f3wka Hiszpanii z 2006 roku, od tego zacz\u0119\u0142a si\u0119 mi\u0142o\u015b\u0107 do futbolu i do Fernando Torresa, kt\u00f3ry wtedy gra\u0142 w Liverpoolu i nie ukrywam, sympatia do The Reds pozosta\u0142a do dzi\u015b. Tak to si\u0119 wszystko zacz\u0119\u0142o, co jaki\u015b czas dostawa\u0142em kolejne koszulki, a gdy zacz\u0105\u0142em sam zarabia\u0107, pojawia\u0142y si\u0119 kolejne sztuki, wybierane na zasadzie &#8211; tanie, \u0142adne i w moim rozmiarze. Szafa powoli zacz\u0119\u0142a si\u0119 zape\u0142nia\u0107 i pomy\u015bla\u0142em, \u017ceby zacz\u0105\u0107 \u0142\u0105czy\u0107 przyjemne z po\u017cytecznym, tak powsta\u0142 Football Thrift Shop. <\/p>\n\n\n\n<p>     Przez pewien okres by\u0142 to czysto zajawkowy projekt prowadzony g\u0142\u00f3wnie na Instagramie i Twitterze, lecz gdy zainteresowanie zacz\u0119\u0142o si\u0119 zwi\u0119ksza\u0107, a koszulek sprzedawa\u0142o si\u0119 coraz wi\u0119cej, przyszed\u0142 czas na sklep internetowy z prawdziwego zdarzenia. Przez pewien czas prowadzili\u015bmy go we dw\u00f3ch, lecz nasze drogi si\u0119 rozesz\u0142y i teraz pozosta\u0142em tylko ja, Filip. Nieprzypadkowo jednak zawsze m\u00f3wi\u0119 o sklepie jako \u201enasz\u201d, ze wzgl\u0119du na niezast\u0105pionych przyjaci\u00f3\u0142, rodzin\u0119 i znajomych, kt\u00f3rzy od pocz\u0105tku funkcjonowania tego biznesu bezinteresownie pomagaj\u0105 i wspieraj\u0105 moj\u0105 pasj\u0119. <\/p>\n\n\n\n<p>    Nasz\u0105 misj\u0105 jest propagowanie zajawki w kraju, kt\u00f3ra jak widzimy, ro\u015bnie z dnia na dzie\u0144, a asortyment sklepu staramy si\u0119 dobra\u0107 tak, by ka\u017cdy znalaz\u0142 co\u015b dla siebie. Mecz\u00f3wki, klasyki, koszulki z nazwiskami, kurtki, bluzy czy trening\u00f3wki, w rozmiarach m\u0119skich i dzieci\u0119cych. Chcemy trafi\u0107 nie tylko do kolekcjoner\u00f3w, a zach\u0119ci\u0107 do noszenia koszulek na co dzie\u0144, nawet osoby niezainteresowane futbolem i zaszczepi\u0107 w nich pasj\u0119 oraz sprawi\u0107 by odzie\u017c sportowa by\u0142a po prostu elementem mody, st\u0105d \u201elifestyle\u201d we wspomnianym na pocz\u0105tku sloganie!<\/p>\n\n\n\n<p>    Jest git, dobrze ch\u0142opaki robi\u0105, dobrze wszystko jest w porz\u0105dku, pozdrawiamy ca\u0142\u0105 spo\u0142eczno\u015b\u0107 koszulkow\u0105 i niech si\u0119 to trzyma.<\/p>\n\n\n<style>.wp-block-kadence-advancedgallery .kb-gallery-type-grid.kb-gallery-id-15115_2d5f3d-af{margin:-5px;}.kb-gallery-type-grid.kb-gallery-id-15115_2d5f3d-af .kadence-blocks-gallery-item{padding:5px;}.kb-gallery-id-15115_2d5f3d-af .kadence-blocks-gallery-item .kb-gal-image-radius, .kb-gallery-id-15115_2d5f3d-af .kb-slide-item .kb-gal-image-radius img{border-radius:0px 0px 0px 0px;;}<\/style><div class=\"kb-gallery-wrap-id-15115_2d5f3d-af alignnone wp-block-kadence-advancedgallery\"><ul class=\"kb-gallery-ul kb-gallery-non-static kb-gallery-type-grid kb-gallery-id-15115_2d5f3d-af kb-gallery-caption-style-bottom-hover kb-gallery-filter-none kb-gallery-magnific-init\" data-image-filter=\"none\" data-item-selector=\".kadence-blocks-gallery-item\" data-lightbox-caption=\"false\" data-columns-xxl=\"2\" data-columns-xl=\"2\" data-columns-md=\"2\" data-columns-sm=\"2\" data-columns-xs=\"1\" data-columns-ss=\"1\"><li class=\"kadence-blocks-gallery-item\"><div class=\"kadence-blocks-gallery-item-inner\"><figure class=\"kb-gallery-figure kb-gallery-item-has-link kadence-blocks-gallery-item-hide-caption\"><a href=\"https:\/\/footballthrift.shop\/wp-content\/uploads\/2021\/06\/IMG_2187.JPG\" class=\"kb-gallery-item-link\" target=\"_blank\" rel=\"noopener\"><div class=\"kb-gal-image-radius\"><div class=\"kb-gallery-image-contain kadence-blocks-gallery-intrinsic kb-gallery-image-ratio-land32 kb-has-image-ratio-land32\" ><img loading=\"lazy\" decoding=\"async\" src=\"https:\/\/footballthrift.shop\/wp-content\/uploads\/2021\/06\/IMG_2187-1024x683.jpg\" width=\"1024\" height=\"683\" alt=\"\" data-full-image=\"https:\/\/footballthrift.shop\/wp-content\/uploads\/2021\/06\/IMG_2187.JPG\" data-light-image=\"https:\/\/footballthrift.shop\/wp-content\/uploads\/2021\/06\/IMG_2187.JPG\" data-id=\"277\" class=\"wp-image-277\"\/><\/div><\/div><\/a><\/figure><\/div><\/li><li class=\"kadence-blocks-gallery-item\"><div class=\"kadence-blocks-gallery-item-inner\"><figure class=\"kb-gallery-figure kb-gallery-item-has-link kadence-blocks-gallery-item-hide-caption\"><a href=\"https:\/\/footballthrift.shop\/wp-content\/uploads\/2021\/06\/IMG_3029.JPG\" class=\"kb-gallery-item-link\" target=\"_blank\" rel=\"noopener\"><div class=\"kb-gal-image-radius\"><div class=\"kb-gallery-image-contain kadence-blocks-gallery-intrinsic kb-gallery-image-ratio-land32 kb-has-image-ratio-land32\" ><img loading=\"lazy\" decoding=\"async\" src=\"https:\/\/footballthrift.shop\/wp-content\/uploads\/2021\/06\/IMG_3029-683x1024.jpg\" width=\"683\" height=\"1024\" alt=\"\" data-full-image=\"https:\/\/footballthrift.shop\/wp-content\/uploads\/2021\/06\/IMG_3029.JPG\" data-light-image=\"https:\/\/footballthrift.shop\/wp-content\/uploads\/2021\/06\/IMG_3029.JPG\" data-id=\"276\" class=\"wp-image-276\"\/><\/div><\/div><\/a><\/figure><\/div><\/li><\/ul><\/div><\/div><\/div>\n\n<\/div><\/div>","protected":false},"excerpt":{"rendered":"<p>FTS &#8211; koszuleczki, pi\u0142eczka, lifestyle Ta dewiza przy\u015bwieca\u0142a nam przy tworzeniu sklepu i do dzi\u015b towarzyszy nam, gdy funkcjonuje on ju\u017c ponad 2 lata. Pierwsz\u0105 koszulk\u0119 pi\u0142karsk\u0105 dosta\u0142em od mojej Matki Chrzestnej, a by\u0142a to dom\u00f3wka Hiszpanii z 2006 roku, od tego zacz\u0119\u0142a si\u0119 mi\u0142o\u015b\u0107 do futbolu i do Fernando Torresa, kt\u00f3ry wtedy gra\u0142 w&#8230;<\/p>","protected":false},"author":1,"featured_media":15113,"parent":0,"menu_order":3,"comment_status":"closed","ping_status":"closed","template":"","meta":{"_kad_blocks_custom_css":"","_kad_blocks_head_custom_js":"","_kad_blocks_body_custom_js":"","_kad_blocks_footer_custom_js":"","_kad_post_transparent":"","_kad_post_title":"","_kad_post_layout":"","_kad_post_sidebar_id":"","_kad_post_content_style":"","_kad_post_vertical_padding":"","_kad_post_feature":"","_kad_post_feature_position":"","_kad_post_header":false,"_kad_post_footer":false,"footnotes":""},"class_list":["post-19937","page","type-page","status-publish","has-post-thumbnail","hentry"],"taxonomy_info":[],"featured_image_src_large":["https:\/\/fts.you2.pl\/wp-content\/uploads\/2025\/09\/IMG_2865-768x1024.jpeg",768,1024,true],"author_info":{"display_name":"admin","author_link":"https:\/\/fts.you2.pl\/de\/author\/admin\/"},"comment_info":0,"_links":{"self":[{"href":"https:\/\/fts.you2.pl\/de\/wp-json\/wp\/v2\/pages\/19937","targetHints":{"allow":["GET"]}}],"collection":[{"href":"https:\/\/fts.you2.pl\/de\/wp-json\/wp\/v2\/pages"}],"about":[{"href":"https:\/\/fts.you2.pl\/de\/wp-json\/wp\/v2\/types\/page"}],"author":[{"embeddable":true,"href":"https:\/\/fts.you2.pl\/de\/wp-json\/wp\/v2\/users\/1"}],"replies":[{"embeddable":true,"href":"https:\/\/fts.you2.pl\/de\/wp-json\/wp\/v2\/comments?post=19937"}],"version-history":[{"count":0,"href":"https:\/\/fts.you2.pl\/de\/wp-json\/wp\/v2\/pages\/19937\/revisions"}],"wp:featuredmedia":[{"embeddable":true,"href":"https:\/\/fts.you2.pl\/de\/wp-json\/wp\/v2\/media\/15113"}],"wp:attachment":[{"href":"https:\/\/fts.you2.pl\/de\/wp-json\/wp\/v2\/media?parent=19937"}],"curies":[{"name":"wp","href":"https:\/\/api.w.org\/{rel}","templated":true}]}}