{"id":1726,"date":"2021-10-08T16:06:01","date_gmt":"2021-10-08T14:06:01","guid":{"rendered":"https:\/\/fts.you2.pl\/index.php\/produkt\/koszulka-treningowa-anglia-1994-s\/"},"modified":"2025-09-18T08:41:08","modified_gmt":"2025-09-18T06:41:08","slug":"koszulka-treningowa-anglia-1994-s","status":"publish","type":"product","link":"https:\/\/fts.you2.pl\/de\/koszulka-treningowa-anglia-1994-s\/","title":{"rendered":"Koszulka treningowa Anglia 1994 [S]"},"content":{"rendered":"<p><strong>Klub: <\/strong>Anglia<\/p>\n<p><strong>Sezon: <\/strong>1994<\/p>\n<p><strong>Rozmiar: <\/strong>S<\/p>\n<p><strong>Wymiary (szeroko\u015b\u0107 pod pachami\/d\u0142ugo\u015b\u0107) w cm:\u00a0<\/strong>57\/66<\/p>\n<p><strong>Stan:<\/strong> Bardzo dobry &#8211; napisy i nadruki na koszulce lekko straci\u0142y sw\u00f3j oryginalny kolor, drobne zabrudzenie na ko\u0142nierzu.<\/p>","protected":false},"excerpt":{"rendered":"<p data-start=\"0\" data-end=\"98\">Oryginalna koszulka pi\u0142karska <strong data-start=\"30\" data-end=\"96\">treningowa reprezentacji Anglii z 1994 roku \u2013 produkcji Umbro.<\/strong><\/p>\n<p data-start=\"100\" data-end=\"452\">Ta <strong data-start=\"103\" data-end=\"144\">oryginalna koszulka treningowa Anglii<\/strong> z 1994 roku zosta\u0142a stworzona przez mark\u0119 Umbro i utrzymana w charakterystycznej <strong data-start=\"226\" data-end=\"260\">bordowo-granatowej kolorystyce<\/strong>. Jej wyj\u0105tkowy design wyr\u00f3\u017cnia <strong data-start=\"292\" data-end=\"327\">du\u017cy herb angielskiej federacji<\/strong> umieszczony centralnie na piersi, nad kt\u00f3rym widnieje napis <strong data-start=\"388\" data-end=\"401\">\u201eENGLAND\u201d<\/strong>, podkre\u015blaj\u0105cy reprezentacyjny charakter stroju.<\/p>\n<p data-start=\"454\" data-end=\"750\">Na r\u0119kawkach znalaz\u0142y si\u0119 <strong data-start=\"497\" data-end=\"515\">logotypy Umbro<\/strong>, co nadaje koszulce wyrazistego stylu, typowego dla projekt\u00f3w tej marki z lat 90. Model wykonano z solidnych materia\u0142\u00f3w, kt\u00f3re gwarantowa\u0142y <strong data-start=\"656\" data-end=\"677\">trwa\u0142o\u015b\u0107 i wygod\u0119<\/strong>, dzi\u0119ki czemu doskonale sprawdza\u0142 si\u0119 podczas trening\u00f3w reprezentacji.<\/p>\n<p data-start=\"752\" data-end=\"983\">Lata 90. to okres, w kt\u00f3rym Umbro dostarcza\u0142o Anglii jedne z najbardziej rozpoznawalnych komplet\u00f3w w historii. Koszulki treningowe z tamtych czas\u00f3w zyska\u0142y status <strong data-start=\"915\" data-end=\"928\">kultowych<\/strong>, b\u0119d\u0105c dzi\u015b niezwykle cenionymi w\u015br\u00f3d kolekcjoner\u00f3w.<\/p>\n<p data-start=\"985\" data-end=\"1168\">To doskona\u0142a propozycja dla fan\u00f3w <strong data-start=\"1019\" data-end=\"1036\">retro futbolu<\/strong>, mi\u0142o\u015bnik\u00f3w reprezentacji Anglii oraz kolekcjoner\u00f3w, kt\u00f3rzy poszukuj\u0105 <strong data-start=\"1107\" data-end=\"1166\">oryginalnych stroj\u00f3w Umbro z unikalnym designem lat 90.<\/strong><\/p>","protected":false},"featured_media":3341,"template":"","meta":{"_kad_blocks_custom_css":"","_kad_blocks_head_custom_js":"","_kad_blocks_body_custom_js":"","_kad_blocks_footer_custom_js":"","_kad_post_transparent":"","_kad_post_title":"","_kad_post_layout":"","_kad_post_sidebar_id":"","_kad_post_content_style":"","_kad_post_vertical_padding":"","_kad_post_feature":"","_kad_post_feature_position":"","_kad_post_header":false,"_kad_post_footer":false},"product_brand":[21],"product_cat":[24,23,25,26,22],"product_tag":[],"class_list":{"0":"post-1726","1":"product","2":"type-product","3":"status-publish","4":"has-post-thumbnail","6":"product_brand-umbro","7":"product_cat-anglia","8":"product_cat-europa","9":"product_cat-inne","10":"product_cat-kurtki-bluzy-trening","11":"product_cat-reprezentacje","12":"pa_location-filip","13":"pa_rozmiar-s","14":"pa_sezon-20","16":"first","17":"instock","18":"taxable","19":"shipping-taxable","20":"purchasable","21":"product-type-simple","22":"entry","23":"content-bg","24":"loop-entry"},"taxonomy_info":{"product_brand":[{"value":21,"label":"Umbro"}],"product_cat":[{"value":24,"label":"Anglia"},{"value":23,"label":"Europa"},{"value":25,"label":"Inne"},{"value":26,"label":"Kurtki\/bluzy\/trening"},{"value":22,"label":"REPREZENTACJE"}],"pa_location":[{"value":18,"label":"FILIP"}],"pa_rozmiar":[{"value":19,"label":"S"}],"pa_sezon":[{"value":20,"label":"1994"}]},"featured_image_src_large":["https:\/\/fts.you2.pl\/wp-content\/uploads\/2025\/09\/13746-Koszulka-treningowa-Anglia-1994-S-1024x1024.jpg",1024,1024,true],"author_info":[],"comment_info":"","_links":{"self":[{"href":"https:\/\/fts.you2.pl\/de\/wp-json\/wp\/v2\/product\/1726","targetHints":{"allow":["GET"]}}],"collection":[{"href":"https:\/\/fts.you2.pl\/de\/wp-json\/wp\/v2\/product"}],"about":[{"href":"https:\/\/fts.you2.pl\/de\/wp-json\/wp\/v2\/types\/product"}],"wp:featuredmedia":[{"embeddable":true,"href":"https:\/\/fts.you2.pl\/de\/wp-json\/wp\/v2\/media\/3341"}],"wp:attachment":[{"href":"https:\/\/fts.you2.pl\/de\/wp-json\/wp\/v2\/media?parent=1726"}],"wp:term":[{"taxonomy":"product_brand","embeddable":true,"href":"https:\/\/fts.you2.pl\/de\/wp-json\/wp\/v2\/product_brand?post=1726"},{"taxonomy":"product_cat","embeddable":true,"href":"https:\/\/fts.you2.pl\/de\/wp-json\/wp\/v2\/product_cat?post=1726"},{"taxonomy":"product_tag","embeddable":true,"href":"https:\/\/fts.you2.pl\/de\/wp-json\/wp\/v2\/product_tag?post=1726"}],"curies":[{"name":"wp","href":"https:\/\/api.w.org\/{rel}","templated":true}]}}