{"id":1727,"date":"2021-10-08T16:06:23","date_gmt":"2021-10-08T14:06:23","guid":{"rendered":"https:\/\/fts.you2.pl\/index.php\/produkt\/aston-villa-1997-98-home-m\/"},"modified":"2025-09-18T08:42:48","modified_gmt":"2025-09-18T06:42:48","slug":"aston-villa-1997-98-home-m","status":"publish","type":"product","link":"https:\/\/fts.you2.pl\/de\/aston-villa-1997-98-home-m\/","title":{"rendered":"Koszulka pi\u0142karska Aston Villa 1997\/98 Home [M]"},"content":{"rendered":"<p><strong>Klub: <\/strong>Aston Villa<\/p>\n<p><strong>Sezon: <\/strong>1997\/98 Home<\/p>\n<p><strong>Rozmiar: <\/strong>M<\/p>\n<p><strong>Wymiary (szeroko\u015b\u0107 pod pachami\/d\u0142ugo\u015b\u0107) w cm:\u00a0<\/strong>53\/68<\/p>\n<p><strong>Stan:<\/strong> Dobry &#8211; p\u0119kaj\u0105cy napis sponsora.<\/p>","protected":false},"excerpt":{"rendered":"<p data-start=\"0\" data-end=\"88\">Oryginalna <strong data-start=\"11\" data-end=\"62\">koszulka pi\u0142karska Aston Villi z sezonu 1997\/98<\/strong> \u2013 produkcji <strong data-start=\"75\" data-end=\"85\">Reeboka<\/strong><\/p>\n<p data-start=\"90\" data-end=\"566\">Ta klasyczna <strong data-start=\"103\" data-end=\"134\">domowa koszulka Aston Villi<\/strong> z sezonu 1997\/98, wyprodukowana przez <strong data-start=\"173\" data-end=\"183\">Reeboka<\/strong>, zachwyca ponadczasowym stylem i klubow\u0105 tradycj\u0105. Utrzymana w <strong data-start=\"247\" data-end=\"291\">bordowym kolorze z niebieskimi r\u0119kawkami<\/strong>, stanowi jeden z najbardziej rozpoznawalnych projekt\u00f3w w historii zespo\u0142u z Villa Park. Na froncie znajduje si\u0119 charakterystyczny nadruk sponsora <strong data-start=\"438\" data-end=\"454\">AST Computer<\/strong>, a ca\u0142o\u015b\u0107 uzupe\u0142niaj\u0105 herb <strong data-start=\"482\" data-end=\"497\">Aston Villi<\/strong> oraz logo <strong data-start=\"508\" data-end=\"519\">Reeboka<\/strong>, podkre\u015blaj\u0105c oryginalny charakter koszulki.<\/p>\n<p data-start=\"568\" data-end=\"891\">Wykonana z wysokiej jako\u015bci materia\u0142\u00f3w, koszulka zapewnia\u0142a pi\u0142karzom komfort i trwa\u0142o\u015b\u0107 podczas gry, a jej klasyczny kr\u00f3j oddaje ducha angielskiego futbolu lat 90. Sezon 1997\/98 by\u0142 czasem rywalizacji w <strong data-start=\"772\" data-end=\"790\">Premier League<\/strong>, w kt\u00f3rej dru\u017cyna mog\u0142a liczy\u0107 na takich zawodnik\u00f3w jak <strong data-start=\"847\" data-end=\"863\">Dwight Yorke<\/strong> czy <strong data-start=\"868\" data-end=\"888\">Gareth Southgate<\/strong>.<\/p>\n<p data-start=\"893\" data-end=\"1184\">Dzi\u015b ta <strong data-start=\"901\" data-end=\"940\">koszulka Aston Villi Reebok 1997\/98<\/strong> to prawdziwy rarytas kolekcjonerski \u2013 \u0142\u0105cz\u0105cy w sobie <strong data-start=\"995\" data-end=\"1019\">historyczny kontekst<\/strong>, <strong data-start=\"1021\" data-end=\"1039\">kultowy design<\/strong> oraz klimat klasycznej pi\u0142ki angielskiej. To idealny wyb\u00f3r dla fan\u00f3w <strong data-start=\"1109\" data-end=\"1124\">Aston Villi<\/strong> i mi\u0142o\u015bnik\u00f3w oryginalnych <strong data-start=\"1151\" data-end=\"1181\">koszulek pi\u0142karskich retro<\/strong>.<\/p>","protected":false},"featured_media":3346,"template":"","meta":{"_kad_blocks_custom_css":"","_kad_blocks_head_custom_js":"","_kad_blocks_body_custom_js":"","_kad_blocks_footer_custom_js":"","_kad_post_transparent":"","_kad_post_title":"","_kad_post_layout":"","_kad_post_sidebar_id":"","_kad_post_content_style":"","_kad_post_vertical_padding":"","_kad_post_feature":"","_kad_post_feature_position":"","_kad_post_header":false,"_kad_post_footer":false},"product_brand":[30],"product_cat":[32,31,33],"product_tag":[],"class_list":{"0":"post-1727","1":"product","2":"type-product","3":"status-publish","4":"has-post-thumbnail","6":"product_brand-reebok","7":"product_cat-kluby-angielskie","8":"product_cat-kluby-europejskie","9":"product_cat-pozostale-kluby-angielskie","10":"pa_location-filip","11":"pa_rozmiar-m","12":"pa_sezon-1997-98","14":"first","15":"instock","16":"taxable","17":"shipping-taxable","18":"purchasable","19":"product-type-simple","20":"entry","21":"content-bg","22":"loop-entry"},"taxonomy_info":{"product_brand":[{"value":30,"label":"Reebok"}],"product_cat":[{"value":32,"label":"Kluby Angielskie"},{"value":31,"label":"Kluby Europejskie"},{"value":33,"label":"Pozosta\u0142e kluby angielskie"}],"pa_location":[{"value":18,"label":"FILIP"}],"pa_rozmiar":[{"value":28,"label":"M"}],"pa_sezon":[{"value":29,"label":"1997\/98"}]},"featured_image_src_large":["https:\/\/fts.you2.pl\/wp-content\/uploads\/2025\/09\/13744-Aston-Villa-199798-Home-M-1024x1024.jpg",1024,1024,true],"author_info":[],"comment_info":"","_links":{"self":[{"href":"https:\/\/fts.you2.pl\/de\/wp-json\/wp\/v2\/product\/1727","targetHints":{"allow":["GET"]}}],"collection":[{"href":"https:\/\/fts.you2.pl\/de\/wp-json\/wp\/v2\/product"}],"about":[{"href":"https:\/\/fts.you2.pl\/de\/wp-json\/wp\/v2\/types\/product"}],"wp:featuredmedia":[{"embeddable":true,"href":"https:\/\/fts.you2.pl\/de\/wp-json\/wp\/v2\/media\/3346"}],"wp:attachment":[{"href":"https:\/\/fts.you2.pl\/de\/wp-json\/wp\/v2\/media?parent=1727"}],"wp:term":[{"taxonomy":"product_brand","embeddable":true,"href":"https:\/\/fts.you2.pl\/de\/wp-json\/wp\/v2\/product_brand?post=1727"},{"taxonomy":"product_cat","embeddable":true,"href":"https:\/\/fts.you2.pl\/de\/wp-json\/wp\/v2\/product_cat?post=1727"},{"taxonomy":"product_tag","embeddable":true,"href":"https:\/\/fts.you2.pl\/de\/wp-json\/wp\/v2\/product_tag?post=1727"}],"curies":[{"name":"wp","href":"https:\/\/api.w.org\/{rel}","templated":true}]}}