{"id":1728,"date":"2021-10-08T16:06:25","date_gmt":"2021-10-08T14:06:25","guid":{"rendered":"https:\/\/fts.you2.pl\/index.php\/produkt\/atlante-fc-2013-14-home-m\/"},"modified":"2025-09-18T08:44:32","modified_gmt":"2025-09-18T06:44:32","slug":"atlante-fc-2013-14-home-m","status":"publish","type":"product","link":"https:\/\/fts.you2.pl\/de\/atlante-fc-2013-14-home-m\/","title":{"rendered":"Koszulka pi\u0142karska Atlante FC 2013\/14 Home [M]"},"content":{"rendered":"<p><strong>Klub: <\/strong>Atlante FC<\/p>\n<p><strong>Sezon: <\/strong>2013\/14 Home<\/p>\n<p><strong>Rozmiar: <\/strong>M<\/p>\n<p><strong>Wymiary (szeroko\u015b\u0107 pod pachami\/d\u0142ugo\u015b\u0107) w cm:\u00a0<\/strong>55\/67<\/p>\n<p><strong>Stan:<\/strong> Dobry &#8211; delikatnie p\u0119kaj\u0105ce nadruki, przetarcie materia\u0142u na r\u0119kawku.<\/p>","protected":false},"excerpt":{"rendered":"<p data-start=\"0\" data-end=\"86\">Oryginalna <strong data-start=\"11\" data-end=\"61\">koszulka pi\u0142karska Atlante FC z sezonu 2013\/14<\/strong> \u2013 produkcji <strong data-start=\"74\" data-end=\"83\">Kappa<\/strong>.<\/p>\n<p data-start=\"88\" data-end=\"464\">Ta klasyczna <strong data-start=\"101\" data-end=\"139\">domowa koszulka Atlante FC 2013\/14<\/strong>, wyprodukowana przez <strong data-start=\"161\" data-end=\"170\">Kapp\u0119<\/strong>, utrzymana jest w charakterystycznym <strong data-start=\"208\" data-end=\"239\">granatowo-czerwonym pasiaku<\/strong>, kt\u00f3ry od lat symbolizuje barwy dru\u017cyny z Canc\u00fan. Na froncie umieszczono logotyp sponsora <strong data-start=\"330\" data-end=\"346\">Riviera Maya<\/strong>, a na odwrocie charakterystyczne logo piwnego giganta <strong data-start=\"401\" data-end=\"411\">Corona<\/strong>, kt\u00f3re doskonale podkre\u015bla autentyczno\u015b\u0107 koszulki.<\/p>\n<p data-start=\"466\" data-end=\"752\">Model wyr\u00f3\u017cnia si\u0119 dopasowanym krojem i elastycznym materia\u0142em, typowym dla projekt\u00f3w <strong data-start=\"552\" data-end=\"561\">Kappy<\/strong> z tamtego okresu, gwarantuj\u0105cym pi\u0142karzom komfort i swobod\u0119 ruch\u00f3w. Na piersi znajduj\u0105 si\u0119 herb <strong data-start=\"658\" data-end=\"672\">Atlante FC<\/strong> oraz logo producenta, nadaj\u0105c koszulce oryginalny i kolekcjonerski charakter.<\/p>\n<p data-start=\"754\" data-end=\"1063\">Sezon 2013\/14 by\u0142 dla <strong data-start=\"776\" data-end=\"790\">Atlante FC<\/strong> okresem zmaga\u0144 w <strong data-start=\"808\" data-end=\"819\">Liga MX<\/strong>, a ta koszulka stanowi dzi\u015b wyj\u0105tkow\u0105 pami\u0105tk\u0119 z historii meksyka\u0144skiego futbolu. To idealny wyb\u00f3r dla kolekcjoner\u00f3w oraz fan\u00f3w, kt\u00f3rzy poszukuj\u0105 <strong data-start=\"966\" data-end=\"1009\">oryginalnych koszulek pi\u0142karskich retro<\/strong> z unikalnym designem i latynoameryka\u0144skim klimatem.<\/p>","protected":false},"featured_media":3352,"template":"","meta":{"_kad_blocks_custom_css":"","_kad_blocks_head_custom_js":"","_kad_blocks_body_custom_js":"","_kad_blocks_footer_custom_js":"","_kad_post_transparent":"","_kad_post_title":"","_kad_post_layout":"","_kad_post_sidebar_id":"","_kad_post_content_style":"","_kad_post_vertical_padding":"","_kad_post_feature":"","_kad_post_feature_position":"","_kad_post_header":false,"_kad_post_footer":false},"product_brand":[35],"product_cat":[37,36],"product_tag":[],"class_list":{"0":"post-1728","1":"product","2":"type-product","3":"status-publish","4":"has-post-thumbnail","6":"product_brand-kappa","7":"product_cat-ameryka-srodkowa-i-polnocna","8":"product_cat-kluby-reszty-swiata","9":"pa_location-filip","10":"pa_rozmiar-m","11":"pa_sezon-2013-14","13":"first","14":"instock","15":"taxable","16":"shipping-taxable","17":"purchasable","18":"product-type-simple","19":"entry","20":"content-bg","21":"loop-entry"},"taxonomy_info":{"product_brand":[{"value":35,"label":"Kappa"}],"product_cat":[{"value":37,"label":"Ameryka \u015arodkowa i P\u00f3\u0142nocna"},{"value":36,"label":"Kluby Reszty \u015awiata"}],"pa_location":[{"value":18,"label":"FILIP"}],"pa_rozmiar":[{"value":28,"label":"M"}],"pa_sezon":[{"value":34,"label":"2013\/14"}]},"featured_image_src_large":["https:\/\/fts.you2.pl\/wp-content\/uploads\/2025\/09\/11651-Atlante-FC-201314-Home-M-1024x1024.jpg",1024,1024,true],"author_info":[],"comment_info":"","_links":{"self":[{"href":"https:\/\/fts.you2.pl\/de\/wp-json\/wp\/v2\/product\/1728","targetHints":{"allow":["GET"]}}],"collection":[{"href":"https:\/\/fts.you2.pl\/de\/wp-json\/wp\/v2\/product"}],"about":[{"href":"https:\/\/fts.you2.pl\/de\/wp-json\/wp\/v2\/types\/product"}],"wp:featuredmedia":[{"embeddable":true,"href":"https:\/\/fts.you2.pl\/de\/wp-json\/wp\/v2\/media\/3352"}],"wp:attachment":[{"href":"https:\/\/fts.you2.pl\/de\/wp-json\/wp\/v2\/media?parent=1728"}],"wp:term":[{"taxonomy":"product_brand","embeddable":true,"href":"https:\/\/fts.you2.pl\/de\/wp-json\/wp\/v2\/product_brand?post=1728"},{"taxonomy":"product_cat","embeddable":true,"href":"https:\/\/fts.you2.pl\/de\/wp-json\/wp\/v2\/product_cat?post=1728"},{"taxonomy":"product_tag","embeddable":true,"href":"https:\/\/fts.you2.pl\/de\/wp-json\/wp\/v2\/product_tag?post=1728"}],"curies":[{"name":"wp","href":"https:\/\/api.w.org\/{rel}","templated":true}]}}