{"id":1729,"date":"2021-10-08T16:06:26","date_gmt":"2021-10-08T14:06:26","guid":{"rendered":"https:\/\/fts.you2.pl\/index.php\/produkt\/atlas-fc-2006-07-away-l\/"},"modified":"2025-09-18T08:46:38","modified_gmt":"2025-09-18T06:46:38","slug":"atlas-fc-2006-07-away-l","status":"publish","type":"product","link":"https:\/\/fts.you2.pl\/de\/atlas-fc-2006-07-away-l\/","title":{"rendered":"Koszulka pi\u0142karska Atlas FC 2006\/07 Away [L]"},"content":{"rendered":"<p><strong>Klub: <\/strong>Atlas FC<\/p>\n<p><strong>Sezon: <\/strong>2006\/07 Away<\/p>\n<p><strong>Rozmiar: <\/strong>L<\/p>\n<p><strong>Wymiary (szeroko\u015b\u0107 pod pachami\/d\u0142ugo\u015b\u0107) w cm:\u00a0<\/strong>57\/71<\/p>\n<p><strong>Stan:<\/strong> Bardzo dobry &#8211; kilka drobnych zaci\u0105gni\u0119\u0107, lekkie &#8222;zszarzenie&#8221; materia\u0142u.<\/p>","protected":false},"excerpt":{"rendered":"<p data-start=\"0\" data-end=\"87\">Oryginalna <strong data-start=\"11\" data-end=\"59\">koszulka pi\u0142karska Atlas FC z sezonu 2006\/07<\/strong> \u2013 produkcji <strong data-start=\"72\" data-end=\"84\">Atletica<\/strong>.<\/p>\n<p data-start=\"89\" data-end=\"558\">Ta klasyczna <strong data-start=\"102\" data-end=\"141\">wyjazdowa koszulka Atlas FC 2006\/07<\/strong>, stworzona przez <strong data-start=\"159\" data-end=\"171\">Atletic\u0119<\/strong>, wyr\u00f3\u017cnia si\u0119 eleganckim <strong data-start=\"197\" data-end=\"245\">bia\u0142ym kolorem z czarno-czerwonymi akcentami<\/strong> biegn\u0105cymi przez \u015brodek. Na froncie widnieje logo g\u0142\u00f3wnego sponsora <strong data-start=\"314\" data-end=\"327\">Bedoyecta<\/strong>, a na r\u0119kawkach umieszczono dodatkowe logotypy partner\u00f3w dru\u017cyny. Ca\u0142o\u015b\u0107 uzupe\u0142nia charakterystyczny nadruk <strong data-start=\"436\" data-end=\"449\">Coca-Cola<\/strong>, a na plecach wyeksponowane zosta\u0142o logo sponsora <strong data-start=\"500\" data-end=\"510\">Corona<\/strong>, doskonale znane kibicom meksyka\u0144skiej pi\u0142ki.<\/p>\n<p data-start=\"560\" data-end=\"817\">Koszulka charakteryzuje si\u0119 solidnym wykonaniem i klasycznym krojem, typowym dla projekt\u00f3w <strong data-start=\"651\" data-end=\"663\">Atletica<\/strong> z po\u0142owy pierwszej dekady XXI wieku. Na piersi znalaz\u0142 si\u0119 herb <strong data-start=\"728\" data-end=\"740\">Atlas FC<\/strong> oraz logo producenta, co potwierdza oryginalny charakter tego egzemplarza.<\/p>\n<p data-start=\"819\" data-end=\"1145\">Sezon 2006\/07 w <strong data-start=\"835\" data-end=\"846\">Liga MX<\/strong> by\u0142 dla <strong data-start=\"855\" data-end=\"865\">Atlasu<\/strong> czasem walki o ligowe punkty i promocj\u0119 m\u0142odych talent\u00f3w, z kt\u00f3rych s\u0142ynie akademia klubu. Ta koszulka stanowi dzi\u015b <strong data-start=\"982\" data-end=\"1016\">unikatowy model kolekcjonerski<\/strong>, \u0142\u0105cz\u0105cy w sobie <strong data-start=\"1034\" data-end=\"1050\">retro design<\/strong>, bogat\u0105 tradycj\u0119 i pi\u0142karsk\u0105 histori\u0119 jednej z najbardziej rozpoznawalnych dru\u017cyn w Meksyku.<\/p>","protected":false},"featured_media":3364,"template":"","meta":{"_kad_blocks_custom_css":"","_kad_blocks_head_custom_js":"","_kad_blocks_body_custom_js":"","_kad_blocks_footer_custom_js":"","_kad_post_transparent":"","_kad_post_title":"","_kad_post_layout":"","_kad_post_sidebar_id":"","_kad_post_content_style":"","_kad_post_vertical_padding":"","_kad_post_feature":"","_kad_post_feature_position":"","_kad_post_header":false,"_kad_post_footer":false},"product_brand":[41],"product_cat":[37,36],"product_tag":[],"class_list":{"0":"post-1729","1":"product","2":"type-product","3":"status-publish","4":"has-post-thumbnail","6":"product_brand-atletica","7":"product_cat-ameryka-srodkowa-i-polnocna","8":"product_cat-kluby-reszty-swiata","9":"pa_location-filip","10":"pa_rozmiar-l","11":"pa_sezon-2006-07","13":"first","14":"instock","15":"taxable","16":"shipping-taxable","17":"purchasable","18":"product-type-simple","19":"entry","20":"content-bg","21":"loop-entry"},"taxonomy_info":{"product_brand":[{"value":41,"label":"Atletica"}],"product_cat":[{"value":37,"label":"Ameryka \u015arodkowa i P\u00f3\u0142nocna"},{"value":36,"label":"Kluby Reszty \u015awiata"}],"pa_location":[{"value":18,"label":"FILIP"}],"pa_rozmiar":[{"value":39,"label":"L"}],"pa_sezon":[{"value":40,"label":"2006\/07"}]},"featured_image_src_large":["https:\/\/fts.you2.pl\/wp-content\/uploads\/2025\/09\/9551-Atlas-FC-200607-Away-L-1024x1024.jpg",1024,1024,true],"author_info":[],"comment_info":"","_links":{"self":[{"href":"https:\/\/fts.you2.pl\/de\/wp-json\/wp\/v2\/product\/1729","targetHints":{"allow":["GET"]}}],"collection":[{"href":"https:\/\/fts.you2.pl\/de\/wp-json\/wp\/v2\/product"}],"about":[{"href":"https:\/\/fts.you2.pl\/de\/wp-json\/wp\/v2\/types\/product"}],"wp:featuredmedia":[{"embeddable":true,"href":"https:\/\/fts.you2.pl\/de\/wp-json\/wp\/v2\/media\/3364"}],"wp:attachment":[{"href":"https:\/\/fts.you2.pl\/de\/wp-json\/wp\/v2\/media?parent=1729"}],"wp:term":[{"taxonomy":"product_brand","embeddable":true,"href":"https:\/\/fts.you2.pl\/de\/wp-json\/wp\/v2\/product_brand?post=1729"},{"taxonomy":"product_cat","embeddable":true,"href":"https:\/\/fts.you2.pl\/de\/wp-json\/wp\/v2\/product_cat?post=1729"},{"taxonomy":"product_tag","embeddable":true,"href":"https:\/\/fts.you2.pl\/de\/wp-json\/wp\/v2\/product_tag?post=1729"}],"curies":[{"name":"wp","href":"https:\/\/api.w.org\/{rel}","templated":true}]}}