{"id":1730,"date":"2021-10-08T16:06:30","date_gmt":"2021-10-08T14:06:30","guid":{"rendered":"https:\/\/fts.you2.pl\/index.php\/produkt\/bayer-04-leverkusen-2008-10-home-7-barnetta-s\/"},"modified":"2025-09-18T08:49:07","modified_gmt":"2025-09-18T06:49:07","slug":"bayer-04-leverkusen-2008-10-home-7-barnetta-s","status":"publish","type":"product","link":"https:\/\/fts.you2.pl\/de\/bayer-04-leverkusen-2008-10-home-7-barnetta-s\/","title":{"rendered":"Koszulka pi\u0142karska Bayer 04 Leverkusen 2008\/10 Home 7 Barnetta [S]"},"content":{"rendered":"<p><strong>Klub: <\/strong>Bayer 04 Leverkusen<\/p>\n<p><strong>Zawodnik: <\/strong>7 Barnetta<\/p>\n<p><strong>Sezon: <\/strong>2008\/10 Home<\/p>\n<p><strong>Rozmiar: <\/strong>S<\/p>\n<p><strong>Wymiary (szeroko\u015b\u0107 pod pachami\/d\u0142ugo\u015b\u0107):\u00a0<\/strong>49\/71<\/p>\n<p><strong>Stan:<\/strong> Zadowalaj\u0105cy &#8211; delikatnie p\u0119kaj\u0105cy nadruk sponsora oraz podniszczony numer na plecach.<\/p>","protected":false},"excerpt":{"rendered":"<p data-start=\"0\" data-end=\"97\">Oryginalna <strong data-start=\"11\" data-end=\"71\">koszulka pi\u0142karska Bayeru 04 Leverkusen z sezonu 2008\/09<\/strong> \u2013 produkcji <strong data-start=\"84\" data-end=\"94\">Adidasa<\/strong>.<\/p>\n<p data-start=\"99\" data-end=\"440\">Ta klasyczna <strong data-start=\"112\" data-end=\"157\">domowa koszulka Bayeru Leverkusen 2008\/09<\/strong>, stworzona przez <strong data-start=\"175\" data-end=\"186\">Adidasa<\/strong>, utrzymana jest w tradycyjnym <strong data-start=\"217\" data-end=\"238\">czerwonym kolorze<\/strong>, od lat kojarzonym z dru\u017cyn\u0105 z BayArena. Na froncie znajduje si\u0119 logo sponsora <strong data-start=\"318\" data-end=\"337\">Teldafax Energy<\/strong>, a na r\u0119kawkach naszywki <strong data-start=\"363\" data-end=\"377\">Bundesligi<\/strong>, potwierdzaj\u0105ce oryginalno\u015b\u0107 i autentyczny charakter stroju.<\/p>\n<p data-start=\"442\" data-end=\"760\">Na plecach widnieje numer <strong data-start=\"468\" data-end=\"473\">7<\/strong> wraz z nazwiskiem <strong data-start=\"492\" data-end=\"504\">Barnetta<\/strong>, jednego z kluczowych zawodnik\u00f3w Bayeru w tamtym okresie. Koszulka posiada r\u00f3wnie\u017c herb <strong data-start=\"593\" data-end=\"617\">Bayeru 04 Leverkusen<\/strong> oraz logo <strong data-start=\"628\" data-end=\"639\">Adidasa<\/strong>, a ca\u0142o\u015b\u0107 zosta\u0142a wykonana z lekkiego i przewiewnego materia\u0142u, zapewniaj\u0105cego pi\u0142karzom komfort gry i swobod\u0119 ruch\u00f3w.<\/p>\n<p data-start=\"762\" data-end=\"1146\">Sezon 2008\/09 by\u0142 dla <strong data-start=\"784\" data-end=\"805\">Bayeru Leverkusen<\/strong> czasem rywalizacji w <strong data-start=\"827\" data-end=\"842\">Bundeslidze<\/strong>, w kt\u00f3rej dru\u017cyna walczy\u0142a o wysokie miejsce w tabeli, opieraj\u0105c si\u0119 m.in. na dynamicznej grze Tranquillo Barnetty. Dzi\u015b ta koszulka stanowi <strong data-start=\"984\" data-end=\"1016\">ceniony model kolekcjonerski<\/strong>, \u0142\u0105cz\u0105cy w sobie <strong data-start=\"1034\" data-end=\"1062\">klasyczny design Adidasa<\/strong>, histori\u0119 klubu oraz posta\u0107 jednego z charakterystycznych zawodnik\u00f3w tamtych lat.<\/p>","protected":false},"featured_media":3371,"template":"","meta":{"_kad_blocks_custom_css":"","_kad_blocks_head_custom_js":"","_kad_blocks_body_custom_js":"","_kad_blocks_footer_custom_js":"","_kad_post_transparent":"","_kad_post_title":"","_kad_post_layout":"","_kad_post_sidebar_id":"","_kad_post_content_style":"","_kad_post_vertical_padding":"","_kad_post_feature":"","_kad_post_feature_position":"","_kad_post_header":false,"_kad_post_footer":false},"product_brand":[45],"product_cat":[47,31,46],"product_tag":[],"class_list":{"0":"post-1730","1":"product","2":"type-product","3":"status-publish","4":"has-post-thumbnail","6":"product_brand-adidas","7":"product_cat-bayer-04-leverkusen","8":"product_cat-kluby-europejskie","9":"product_cat-kluby-niemieckie","10":"pa_napis-barnetta","11":"pa_numer-43","12":"pa_rozmiar-s","13":"pa_sezon-2008-10","15":"first","16":"instock","17":"taxable","18":"shipping-taxable","19":"purchasable","20":"product-type-simple","21":"entry","22":"content-bg","23":"loop-entry"},"taxonomy_info":{"product_brand":[{"value":45,"label":"Adidas"}],"product_cat":[{"value":47,"label":"Bayer 04 Leverkusen"},{"value":31,"label":"Kluby Europejskie"},{"value":46,"label":"Kluby Niemieckie"}],"pa_napis":[{"value":42,"label":"Barnetta"}],"pa_numer":[{"value":43,"label":"7"}],"pa_rozmiar":[{"value":19,"label":"S"}],"pa_sezon":[{"value":44,"label":"2008\/10"}]},"featured_image_src_large":["https:\/\/fts.you2.pl\/wp-content\/uploads\/2025\/09\/12836-Bayer-04-Leverkusen-200810-Home-7-Barnetta-S-1024x1024.jpg",1024,1024,true],"author_info":[],"comment_info":"","_links":{"self":[{"href":"https:\/\/fts.you2.pl\/de\/wp-json\/wp\/v2\/product\/1730","targetHints":{"allow":["GET"]}}],"collection":[{"href":"https:\/\/fts.you2.pl\/de\/wp-json\/wp\/v2\/product"}],"about":[{"href":"https:\/\/fts.you2.pl\/de\/wp-json\/wp\/v2\/types\/product"}],"wp:featuredmedia":[{"embeddable":true,"href":"https:\/\/fts.you2.pl\/de\/wp-json\/wp\/v2\/media\/3371"}],"wp:attachment":[{"href":"https:\/\/fts.you2.pl\/de\/wp-json\/wp\/v2\/media?parent=1730"}],"wp:term":[{"taxonomy":"product_brand","embeddable":true,"href":"https:\/\/fts.you2.pl\/de\/wp-json\/wp\/v2\/product_brand?post=1730"},{"taxonomy":"product_cat","embeddable":true,"href":"https:\/\/fts.you2.pl\/de\/wp-json\/wp\/v2\/product_cat?post=1730"},{"taxonomy":"product_tag","embeddable":true,"href":"https:\/\/fts.you2.pl\/de\/wp-json\/wp\/v2\/product_tag?post=1730"}],"curies":[{"name":"wp","href":"https:\/\/api.w.org\/{rel}","templated":true}]}}