{"id":1735,"date":"2021-10-08T16:06:41","date_gmt":"2021-10-08T14:06:41","guid":{"rendered":"https:\/\/fts.you2.pl\/index.php\/produkt\/player-issue-borussia-dortmund-2007-08-home-10-petric-m\/"},"modified":"2025-09-18T08:57:58","modified_gmt":"2025-09-18T06:57:58","slug":"player-issue-borussia-dortmund-2007-08-home-10-petric-m","status":"publish","type":"product","link":"https:\/\/fts.you2.pl\/de\/player-issue-borussia-dortmund-2007-08-home-10-petric-m\/","title":{"rendered":"Koszulka pi\u0142karska PLAYER ISSUE Borussia Dortmund 2007\/08 Home 10 Petric [M]"},"content":{"rendered":"<p><strong>Klub: <\/strong>Borussia Dortmund<\/p>\n<p><strong>Zawodnik: <\/strong>10 Petri\u0107<\/p>\n<p><strong>Sezon: <\/strong>2007\/08 Home<\/p>\n<p><strong>Rozmiar: <\/strong>M<\/p>\n<p><strong>Stan:<\/strong> Dobry &#8211; p\u0119kaj\u0105ce nadruki na plecach i sponsora.<\/p>\n<p><strong>Wymiary (szeroko\u015b\u0107 pod pachami\/d\u0142ugo\u015b\u0107) w cm:\u00a0<\/strong>53\/70<\/p>\n<p><strong>Info:<\/strong> Koszulka w wersji PLAYER ISSUE, czyli najwy\u017cszej, odpowiadaj\u0105c\u0105 takiej, w jakiej grali pi\u0142karze. W tym wypadku wyr\u00f3\u017cnia j\u0105 klejona metka wewn\u0105trz koszulki, jest ona zamiennikiem metki papierowej, kt\u00f3ra mog\u0142aby potencjalnie dra\u017cni\u0107 i przeszkadza\u0107 zawodnikowi podczas gry.<\/p>","protected":false},"excerpt":{"rendered":"<p data-start=\"0\" data-end=\"113\">Oryginalna <strong data-start=\"11\" data-end=\"89\">koszulka pi\u0142karska Borussia Dortmund 2007\/08 \u2013 domowa, wersja PLAYER ISSUE<\/strong> \u2013 produkcji <strong data-start=\"102\" data-end=\"110\">Nike<\/strong>.<\/p>\n<p data-start=\"115\" data-end=\"541\">Ta wyj\u0105tkowa <strong data-start=\"128\" data-end=\"173\">domowa koszulka Borussia Dortmund 2007\/08<\/strong> w <strong data-start=\"176\" data-end=\"194\">\u017c\u00f3\u0142tym kolorze<\/strong> z <strong data-start=\"197\" data-end=\"226\">d\u0142ugimi czarnymi r\u0119kawami<\/strong> to model w wersji <strong data-start=\"245\" data-end=\"261\">PLAYER ISSUE<\/strong>, czyli najwy\u017cszej jako\u015bci odpowiadaj\u0105cej strojom, w kt\u00f3rych grali pi\u0142karze podczas mecz\u00f3w. Charakterystyczn\u0105 cech\u0105 tego egzemplarza jest <strong data-start=\"399\" data-end=\"434\">klejona metka wewn\u0105trz koszulki<\/strong>, zast\u0119puj\u0105ca tradycyjn\u0105 metk\u0119 papierow\u0105, co gwarantuje maksymalny komfort i brak podra\u017cnie\u0144 podczas gry.<\/p>\n<p data-start=\"543\" data-end=\"841\">Na froncie koszulki widnieje logo sponsora <strong data-start=\"586\" data-end=\"596\">Evonik<\/strong>, a na plecach nadrukowano numer <strong data-start=\"629\" data-end=\"635\">10<\/strong> oraz nazwisko <strong data-start=\"650\" data-end=\"660\">Petric<\/strong>, jednego z kluczowych zawodnik\u00f3w dru\u017cyny w tym sezonie. Na piersi znajduje si\u0119 tak\u017ce herb <strong data-start=\"751\" data-end=\"772\">Borussia Dortmund<\/strong> oraz logo producenta <strong data-start=\"794\" data-end=\"802\">Nike<\/strong>, podkre\u015blaj\u0105ce autentyczno\u015b\u0107 modelu.<\/p>\n<p data-start=\"843\" data-end=\"1221\">Koszulka zosta\u0142a wykonana z lekkiego, oddychaj\u0105cego i elastycznego materia\u0142u, zapewniaj\u0105cego komfort, swobod\u0119 ruch\u00f3w oraz optymaln\u0105 wentylacj\u0119 podczas gry. Model <strong data-start=\"1005\" data-end=\"1021\">PLAYER ISSUE<\/strong> to prawdziwy rarytas dla kolekcjoner\u00f3w i fan\u00f3w, \u0142\u0105cz\u0105cy w sobie <strong data-start=\"1086\" data-end=\"1120\">profesjonalny standard meczowy<\/strong>, <strong data-start=\"1122\" data-end=\"1152\">historyczny kontekst klubu<\/strong> i charakterystyczny <strong data-start=\"1173\" data-end=\"1218\">design Borussii Dortmund z sezonu 2007\/08<\/strong>.<\/p>","protected":false},"featured_media":3409,"template":"","meta":{"_kad_blocks_custom_css":"","_kad_blocks_head_custom_js":"","_kad_blocks_body_custom_js":"","_kad_blocks_footer_custom_js":"","_kad_post_transparent":"","_kad_post_title":"","_kad_post_layout":"","_kad_post_sidebar_id":"","_kad_post_content_style":"","_kad_post_vertical_padding":"","_kad_post_feature":"","_kad_post_feature_position":"","_kad_post_header":false,"_kad_post_footer":false},"product_brand":[55],"product_cat":[65,31,46],"product_tag":[],"class_list":{"0":"post-1735","1":"product","2":"type-product","3":"status-publish","4":"has-post-thumbnail","6":"product_brand-nike","7":"product_cat-borussia-dortmund","8":"product_cat-kluby-europejskie","9":"product_cat-kluby-niemieckie","10":"pa_location-filip","11":"pa_napis-petric","12":"pa_numer-63","13":"pa_rozmiar-m","14":"pa_sezon-2007-08","16":"first","17":"instock","18":"taxable","19":"shipping-taxable","20":"purchasable","21":"product-type-simple","22":"entry","23":"content-bg","24":"loop-entry"},"taxonomy_info":{"product_brand":[{"value":55,"label":"Nike"}],"product_cat":[{"value":65,"label":"Borussia Dortmund"},{"value":31,"label":"Kluby Europejskie"},{"value":46,"label":"Kluby Niemieckie"}],"pa_location":[{"value":18,"label":"FILIP"}],"pa_napis":[{"value":62,"label":"Petric"}],"pa_numer":[{"value":63,"label":"10"}],"pa_rozmiar":[{"value":28,"label":"M"}],"pa_sezon":[{"value":64,"label":"2007\/08"}]},"featured_image_src_large":["https:\/\/fts.you2.pl\/wp-content\/uploads\/2025\/09\/9723-PLAYER-ISSUE-Borussia-Dortmund-200708-Home-10-Petric-M-1024x1024.jpg",1024,1024,true],"author_info":[],"comment_info":"","_links":{"self":[{"href":"https:\/\/fts.you2.pl\/de\/wp-json\/wp\/v2\/product\/1735","targetHints":{"allow":["GET"]}}],"collection":[{"href":"https:\/\/fts.you2.pl\/de\/wp-json\/wp\/v2\/product"}],"about":[{"href":"https:\/\/fts.you2.pl\/de\/wp-json\/wp\/v2\/types\/product"}],"wp:featuredmedia":[{"embeddable":true,"href":"https:\/\/fts.you2.pl\/de\/wp-json\/wp\/v2\/media\/3409"}],"wp:attachment":[{"href":"https:\/\/fts.you2.pl\/de\/wp-json\/wp\/v2\/media?parent=1735"}],"wp:term":[{"taxonomy":"product_brand","embeddable":true,"href":"https:\/\/fts.you2.pl\/de\/wp-json\/wp\/v2\/product_brand?post=1735"},{"taxonomy":"product_cat","embeddable":true,"href":"https:\/\/fts.you2.pl\/de\/wp-json\/wp\/v2\/product_cat?post=1735"},{"taxonomy":"product_tag","embeddable":true,"href":"https:\/\/fts.you2.pl\/de\/wp-json\/wp\/v2\/product_tag?post=1735"}],"curies":[{"name":"wp","href":"https:\/\/api.w.org\/{rel}","templated":true}]}}