{"id":1736,"date":"2021-10-08T16:06:47","date_gmt":"2021-10-08T14:06:47","guid":{"rendered":"https:\/\/fts.you2.pl\/index.php\/produkt\/borussia-monchengladbach-1995-96-away-m\/"},"modified":"2025-09-18T08:59:38","modified_gmt":"2025-09-18T06:59:38","slug":"borussia-monchengladbach-1995-96-away-m","status":"publish","type":"product","link":"https:\/\/fts.you2.pl\/de\/borussia-monchengladbach-1995-96-away-m\/","title":{"rendered":"Koszulka pi\u0142karska Borussia Monchengladbach 1995\/96 Away [M]"},"content":{"rendered":"<p><strong>Klub: <\/strong>Borussia Monchengladbach<\/p>\n<p><strong>Sezon: <\/strong>1995\/96 Away<\/p>\n<p><strong>Rozmiar: <\/strong>M<\/p>\n<p><strong>Wymiary (szeroko\u015b\u0107 pod pachami\/d\u0142ugo\u015b\u0107) w cm:<\/strong> 55\/82<\/p>\n<p><strong>Stan:<\/strong> Dobry &#8211; brakuj\u0105ce literki z loga Reeboka.<\/p>","protected":false},"excerpt":{"rendered":"<p data-start=\"0\" data-end=\"102\">Oryginalna <strong data-start=\"11\" data-end=\"75\">wyjazdowa koszulka Borussia M\u00f6nchengladbach z sezonu 1995\/96<\/strong> \u2013 produkcji <strong data-start=\"88\" data-end=\"99\">Reeboka<\/strong>.<\/p>\n<p data-start=\"104\" data-end=\"566\">Ta klasyczna <strong data-start=\"117\" data-end=\"172\">wyjazdowa koszulka Borussia M\u00f6nchengladbach 1995\/96<\/strong> utrzymana jest w charakterystycznym <strong data-start=\"209\" data-end=\"236\">czarno-zielonym pasiaku<\/strong>, kt\u00f3ry sta\u0142 si\u0119 jednym z najbardziej rozpoznawalnych motyw\u00f3w stroj\u00f3w dru\u017cyny z po\u0142owy lat 90. Na froncie znajduje si\u0119 logo sponsora <strong data-start=\"369\" data-end=\"380\">Diebels<\/strong> oraz herb <strong data-start=\"391\" data-end=\"419\">Borussia M\u00f6nchengladbach<\/strong>, podkre\u015blaj\u0105ce autentyczno\u015b\u0107 modelu. Na plecach nadrukowano nazw\u0119 miasta <strong data-start=\"493\" data-end=\"512\">M\u00f6nchengladbach<\/strong>, dodaj\u0105c koszulce unikalnego, klubowego charakteru.<\/p>\n<p data-start=\"568\" data-end=\"826\">Koszulka wykonana jest z wysokiej jako\u015bci materia\u0142\u00f3w, typowych dla projekt\u00f3w <strong data-start=\"645\" data-end=\"656\">Reeboka<\/strong> z lat 90., co zapewnia wygod\u0119, trwa\u0142o\u015b\u0107 i swobod\u0119 ruch\u00f3w. Klasyczny kr\u00f3j i ponadczasowy design sprawiaj\u0105, \u017ce jest ona zar\u00f3wno funkcjonalna, jak i atrakcyjna wizualnie.<\/p>\n<p data-start=\"828\" data-end=\"1049\">To wyj\u0105tkowa propozycja dla fan\u00f3w <strong data-start=\"862\" data-end=\"884\">Bundesligi lat 90.<\/strong>, kolekcjoner\u00f3w <strong data-start=\"900\" data-end=\"937\">oryginalnych koszulek pi\u0142karskich<\/strong> oraz os\u00f3b ceni\u0105cych <strong data-start=\"958\" data-end=\"997\">retro stroje z niemieckiego futbolu<\/strong>, \u0142\u0105cz\u0105ca w sobie histori\u0119, styl i tradycj\u0119 klubu.<\/p>","protected":false},"featured_media":3417,"template":"","meta":{"_kad_blocks_custom_css":"","_kad_blocks_head_custom_js":"","_kad_blocks_body_custom_js":"","_kad_blocks_footer_custom_js":"","_kad_post_transparent":"","_kad_post_title":"","_kad_post_layout":"","_kad_post_sidebar_id":"","_kad_post_content_style":"","_kad_post_vertical_padding":"","_kad_post_feature":"","_kad_post_feature_position":"","_kad_post_header":false,"_kad_post_footer":false},"product_brand":[30],"product_cat":[67,31,46],"product_tag":[],"class_list":{"0":"post-1736","1":"product","2":"type-product","3":"status-publish","4":"has-post-thumbnail","6":"product_brand-reebok","7":"product_cat-borussia-monchengladbach","8":"product_cat-kluby-europejskie","9":"product_cat-kluby-niemieckie","10":"pa_location-filip","11":"pa_rozmiar-m","12":"pa_sezon-1995-96","14":"first","15":"instock","16":"taxable","17":"shipping-taxable","18":"purchasable","19":"product-type-simple","20":"entry","21":"content-bg","22":"loop-entry"},"taxonomy_info":{"product_brand":[{"value":30,"label":"Reebok"}],"product_cat":[{"value":67,"label":"Borussia M\u00f6nchengladbach"},{"value":31,"label":"Kluby Europejskie"},{"value":46,"label":"Kluby Niemieckie"}],"pa_location":[{"value":18,"label":"FILIP"}],"pa_rozmiar":[{"value":28,"label":"M"}],"pa_sezon":[{"value":66,"label":"1995\/96"}]},"featured_image_src_large":["https:\/\/fts.you2.pl\/wp-content\/uploads\/2025\/09\/9982-Borussia-Monchengladbach-199596-Away-M-1024x1024.jpg",1024,1024,true],"author_info":[],"comment_info":"","_links":{"self":[{"href":"https:\/\/fts.you2.pl\/de\/wp-json\/wp\/v2\/product\/1736","targetHints":{"allow":["GET"]}}],"collection":[{"href":"https:\/\/fts.you2.pl\/de\/wp-json\/wp\/v2\/product"}],"about":[{"href":"https:\/\/fts.you2.pl\/de\/wp-json\/wp\/v2\/types\/product"}],"wp:featuredmedia":[{"embeddable":true,"href":"https:\/\/fts.you2.pl\/de\/wp-json\/wp\/v2\/media\/3417"}],"wp:attachment":[{"href":"https:\/\/fts.you2.pl\/de\/wp-json\/wp\/v2\/media?parent=1736"}],"wp:term":[{"taxonomy":"product_brand","embeddable":true,"href":"https:\/\/fts.you2.pl\/de\/wp-json\/wp\/v2\/product_brand?post=1736"},{"taxonomy":"product_cat","embeddable":true,"href":"https:\/\/fts.you2.pl\/de\/wp-json\/wp\/v2\/product_cat?post=1736"},{"taxonomy":"product_tag","embeddable":true,"href":"https:\/\/fts.you2.pl\/de\/wp-json\/wp\/v2\/product_tag?post=1736"}],"curies":[{"name":"wp","href":"https:\/\/api.w.org\/{rel}","templated":true}]}}