{"id":1737,"date":"2021-10-08T16:06:49","date_gmt":"2021-10-08T14:06:49","guid":{"rendered":"https:\/\/fts.you2.pl\/index.php\/produkt\/borussia-monchengladbach-2011-12-away-l\/"},"modified":"2025-09-18T09:01:27","modified_gmt":"2025-09-18T07:01:27","slug":"borussia-monchengladbach-2011-12-away-l","status":"publish","type":"product","link":"https:\/\/fts.you2.pl\/de\/borussia-monchengladbach-2011-12-away-l\/","title":{"rendered":"Koszulka pi\u0142karska Borussia Monchengladbach 2011\/12 Away [L]"},"content":{"rendered":"<p><strong>Klub: <\/strong>Borussia Monchengladbach<\/p>\n<p><strong>Sezon: <\/strong>2011\/12 Away<\/p>\n<p><strong>Rozmiar: <\/strong>L<\/p>\n<p><strong>Stan:<\/strong> Bardzo dobry<\/p>\n<p><strong>Wymiary (szeroko\u015b\u0107 pod pachami\/d\u0142ugo\u015b\u0107) w cm:\u00a0<\/strong>57\/76<\/p>","protected":false},"excerpt":{"rendered":"<p data-start=\"0\" data-end=\"100\">Oryginalna <strong data-start=\"11\" data-end=\"75\">koszulka pi\u0142karska Borussia M\u00f6nchengladbach z sezonu 2011\/12<\/strong> \u2013 produkcji <strong data-start=\"88\" data-end=\"97\">Lotto<\/strong>.<\/p>\n<p data-start=\"102\" data-end=\"529\">Ta klasyczna <strong data-start=\"115\" data-end=\"160\">koszulka Borussia M\u00f6nchengladbach 2011\/12<\/strong> utrzymana jest w eleganckim <strong data-start=\"189\" data-end=\"207\">szarym kolorze<\/strong>, z charakterystycznymi <strong data-start=\"231\" data-end=\"281\">zielonymi akcentami na r\u0119kawkach i ko\u0142nierzyku<\/strong>, kt\u00f3re nadaj\u0105 modelowi nowoczesny i dynamiczny wygl\u0105d. Na froncie znajduje si\u0119 logo g\u0142\u00f3wnego sponsora <strong data-start=\"384\" data-end=\"396\">Postbank<\/strong>, a na r\u0119kawkach umieszczono subtelne <strong data-start=\"434\" data-end=\"460\">czerwone wstawki Lotto<\/strong>, kt\u00f3re podkre\u015blaj\u0105 autentyczno\u015b\u0107 i profesjonalny charakter stroju.<\/p>\n<p data-start=\"531\" data-end=\"857\">Na piersi widnieje herb <strong data-start=\"555\" data-end=\"583\">Borussia M\u00f6nchengladbach<\/strong> oraz logo producenta <strong data-start=\"605\" data-end=\"614\">Lotto<\/strong>, co potwierdza oryginalno\u015b\u0107 koszulki. Wykonana z wysokiej jako\u015bci, lekkiego i oddychaj\u0105cego materia\u0142u, zapewnia komfort, swobod\u0119 ruch\u00f3w i optymaln\u0105 wentylacj\u0119, typow\u0105 dla profesjonalnych modeli klubowych z pocz\u0105tku drugiej dekady XXI wieku.<\/p>\n<p data-start=\"859\" data-end=\"1081\">To doskona\u0142a propozycja dla fan\u00f3w <strong data-start=\"893\" data-end=\"907\">Bundesligi<\/strong>, kolekcjoner\u00f3w <strong data-start=\"923\" data-end=\"960\">oryginalnych koszulek pi\u0142karskich<\/strong> oraz os\u00f3b ceni\u0105cych <strong data-start=\"981\" data-end=\"1030\">nowoczesny design w klasycznych barwach klubu<\/strong>, \u0142\u0105cz\u0105cy w sobie funkcjonalno\u015b\u0107 i sportowy styl.<\/p>","protected":false},"featured_media":3424,"template":"","meta":{"_kad_blocks_custom_css":"","_kad_blocks_head_custom_js":"","_kad_blocks_body_custom_js":"","_kad_blocks_footer_custom_js":"","_kad_post_transparent":"","_kad_post_title":"","_kad_post_layout":"","_kad_post_sidebar_id":"","_kad_post_content_style":"","_kad_post_vertical_padding":"","_kad_post_feature":"","_kad_post_feature_position":"","_kad_post_header":false,"_kad_post_footer":false},"product_brand":[69],"product_cat":[67,31,46],"product_tag":[],"class_list":{"0":"post-1737","1":"product","2":"type-product","3":"status-publish","4":"has-post-thumbnail","6":"product_brand-lotto","7":"product_cat-borussia-monchengladbach","8":"product_cat-kluby-europejskie","9":"product_cat-kluby-niemieckie","10":"pa_location-filip","11":"pa_rozmiar-l","12":"pa_sezon-2011-12","14":"first","15":"instock","16":"taxable","17":"shipping-taxable","18":"purchasable","19":"product-type-simple","20":"entry","21":"content-bg","22":"loop-entry"},"taxonomy_info":{"product_brand":[{"value":69,"label":"Lotto"}],"product_cat":[{"value":67,"label":"Borussia M\u00f6nchengladbach"},{"value":31,"label":"Kluby Europejskie"},{"value":46,"label":"Kluby Niemieckie"}],"pa_location":[{"value":18,"label":"FILIP"}],"pa_rozmiar":[{"value":39,"label":"L"}],"pa_sezon":[{"value":68,"label":"2011\/12"}]},"featured_image_src_large":["https:\/\/fts.you2.pl\/wp-content\/uploads\/2025\/09\/13239-Borussia-Monchengladbach-201112-Away-L-1024x1024.jpg",1024,1024,true],"author_info":[],"comment_info":"","_links":{"self":[{"href":"https:\/\/fts.you2.pl\/de\/wp-json\/wp\/v2\/product\/1737","targetHints":{"allow":["GET"]}}],"collection":[{"href":"https:\/\/fts.you2.pl\/de\/wp-json\/wp\/v2\/product"}],"about":[{"href":"https:\/\/fts.you2.pl\/de\/wp-json\/wp\/v2\/types\/product"}],"wp:featuredmedia":[{"embeddable":true,"href":"https:\/\/fts.you2.pl\/de\/wp-json\/wp\/v2\/media\/3424"}],"wp:attachment":[{"href":"https:\/\/fts.you2.pl\/de\/wp-json\/wp\/v2\/media?parent=1737"}],"wp:term":[{"taxonomy":"product_brand","embeddable":true,"href":"https:\/\/fts.you2.pl\/de\/wp-json\/wp\/v2\/product_brand?post=1737"},{"taxonomy":"product_cat","embeddable":true,"href":"https:\/\/fts.you2.pl\/de\/wp-json\/wp\/v2\/product_cat?post=1737"},{"taxonomy":"product_tag","embeddable":true,"href":"https:\/\/fts.you2.pl\/de\/wp-json\/wp\/v2\/product_tag?post=1737"}],"curies":[{"name":"wp","href":"https:\/\/api.w.org\/{rel}","templated":true}]}}