{"id":1739,"date":"2021-10-08T16:06:51","date_gmt":"2021-10-08T14:06:51","guid":{"rendered":"https:\/\/fts.you2.pl\/index.php\/produkt\/brann-bergen-2008-09-home-xxl\/"},"modified":"2025-09-18T09:05:02","modified_gmt":"2025-09-18T07:05:02","slug":"brann-bergen-2008-09-home-xxl","status":"publish","type":"product","link":"https:\/\/fts.you2.pl\/de\/brann-bergen-2008-09-home-xxl\/","title":{"rendered":"Koszulka pi\u0142karska Brann Bergen 2008\/09 Home [XXL]"},"content":{"rendered":"<p><strong>Klub: <\/strong>Brann Bergen<\/p>\n<p><strong>Sezon: <\/strong>2008\/09 Home<\/p>\n<p><strong>Rozmiar: <\/strong>XXL<\/p>\n<p><strong>Wymiary (szeroko\u015b\u0107 pod pachami\/d\u0142ugo\u015b\u0107):\u00a0<\/strong>57\/77<\/p>\n<p><strong>Stan:<\/strong> Doskona\u0142y<\/p>","protected":false},"excerpt":{"rendered":"<p data-start=\"0\" data-end=\"115\">Oryginalna <strong data-start=\"11\" data-end=\"90\">koszulka pi\u0142karska Brann Bergen z sezonu 2008\/09 \u2013 domowa, z d\u0142ugim r\u0119kawem<\/strong> \u2013 produkcji <strong data-start=\"103\" data-end=\"112\">Kappa<\/strong>.<\/p>\n<p data-start=\"117\" data-end=\"514\">Ta wyj\u0105tkowa <strong data-start=\"130\" data-end=\"170\">domowa koszulka Brann Bergen 2008\/09<\/strong> utrzymana jest w intensywnym <strong data-start=\"200\" data-end=\"228\">krwistoczerwonym kolorze<\/strong>, z klasycznym <strong data-start=\"243\" data-end=\"274\">d\u0142ugim r\u0119kawem (longsleeve)<\/strong>, kt\u00f3ry nadaje jej elegancki i sportowy charakter. Na froncie koszulki widnieje logo sponsora <strong data-start=\"368\" data-end=\"388\">Sparebanken Vest<\/strong>, a na plecach umieszczono logo dodatkowego sponsora <strong data-start=\"441\" data-end=\"450\">Chess<\/strong>, co podkre\u015bla autentyczno\u015b\u0107 i profesjonalny charakter modelu.<\/p>\n<p data-start=\"516\" data-end=\"755\">Koszulka zosta\u0142a wykonana z wysokiej jako\u015bci materia\u0142\u00f3w, zapewniaj\u0105cych komfort, trwa\u0142o\u015b\u0107 i swobod\u0119 ruch\u00f3w podczas gry. Na piersi znajduje si\u0119 herb <strong data-start=\"664\" data-end=\"680\">Brann Bergen<\/strong> oraz logo producenta <strong data-start=\"702\" data-end=\"711\">Kappa<\/strong>, gwarantuj\u0105ce oficjalny charakter stroju.<\/p>\n<p data-start=\"757\" data-end=\"1219\">Sezon 2008\/09 by\u0142 dla <strong data-start=\"779\" data-end=\"795\">Brann Bergen<\/strong> czasem rywalizacji w norweskiej <strong data-start=\"828\" data-end=\"843\">Tippeligaen<\/strong>, gdzie dru\u017cyna walczy\u0142a o wysokie pozycje w tabeli, prezentuj\u0105c ofensywny styl gry i umacniaj\u0105c swoj\u0105 pozycj\u0119 w historii norweskiego futbolu. Ta koszulka to idealny wyb\u00f3r dla fan\u00f3w <strong data-start=\"1025\" data-end=\"1041\">Brann Bergen<\/strong>, kolekcjoner\u00f3w <strong data-start=\"1057\" data-end=\"1094\">oryginalnych koszulek pi\u0142karskich<\/strong> oraz os\u00f3b ceni\u0105cych <strong data-start=\"1115\" data-end=\"1158\">retro design i klasyczne stroje klubowe<\/strong>, \u0142\u0105cz\u0105ce histori\u0119, profesjonalny standard i sportowy styl.<\/p>","protected":false},"featured_media":3437,"template":"","meta":{"_kad_blocks_custom_css":"","_kad_blocks_head_custom_js":"","_kad_blocks_body_custom_js":"","_kad_blocks_footer_custom_js":"","_kad_post_transparent":"","_kad_post_title":"","_kad_post_layout":"","_kad_post_sidebar_id":"","_kad_post_content_style":"","_kad_post_vertical_padding":"","_kad_post_feature":"","_kad_post_feature_position":"","_kad_post_header":false,"_kad_post_footer":false},"product_brand":[35],"product_cat":[31,50,73],"product_tag":[],"class_list":{"0":"post-1739","1":"product","2":"type-product","3":"status-publish","4":"has-post-thumbnail","6":"product_brand-kappa","7":"product_cat-kluby-europejskie","8":"product_cat-kluby-europejskie-kluby-europejskie","9":"product_cat-skandynawia","10":"pa_location-filip","11":"pa_rozmiar-xxl","12":"pa_sezon-2008-09","14":"first","15":"instock","16":"taxable","17":"shipping-taxable","18":"purchasable","19":"product-type-simple","20":"entry","21":"content-bg","22":"loop-entry"},"taxonomy_info":{"product_brand":[{"value":35,"label":"Kappa"}],"product_cat":[{"value":31,"label":"Kluby Europejskie"},{"value":50,"label":"Kluby Europejskie"},{"value":73,"label":"Skandynawia"}],"pa_location":[{"value":18,"label":"FILIP"}],"pa_rozmiar":[{"value":71,"label":"XXL"}],"pa_sezon":[{"value":72,"label":"2008\/09"}]},"featured_image_src_large":["https:\/\/fts.you2.pl\/wp-content\/uploads\/2025\/09\/12138-Brann-Bergen-200809-Home-XXL-1024x1024.jpg",1024,1024,true],"author_info":[],"comment_info":"","_links":{"self":[{"href":"https:\/\/fts.you2.pl\/de\/wp-json\/wp\/v2\/product\/1739","targetHints":{"allow":["GET"]}}],"collection":[{"href":"https:\/\/fts.you2.pl\/de\/wp-json\/wp\/v2\/product"}],"about":[{"href":"https:\/\/fts.you2.pl\/de\/wp-json\/wp\/v2\/types\/product"}],"wp:featuredmedia":[{"embeddable":true,"href":"https:\/\/fts.you2.pl\/de\/wp-json\/wp\/v2\/media\/3437"}],"wp:attachment":[{"href":"https:\/\/fts.you2.pl\/de\/wp-json\/wp\/v2\/media?parent=1739"}],"wp:term":[{"taxonomy":"product_brand","embeddable":true,"href":"https:\/\/fts.you2.pl\/de\/wp-json\/wp\/v2\/product_brand?post=1739"},{"taxonomy":"product_cat","embeddable":true,"href":"https:\/\/fts.you2.pl\/de\/wp-json\/wp\/v2\/product_cat?post=1739"},{"taxonomy":"product_tag","embeddable":true,"href":"https:\/\/fts.you2.pl\/de\/wp-json\/wp\/v2\/product_tag?post=1739"}],"curies":[{"name":"wp","href":"https:\/\/api.w.org\/{rel}","templated":true}]}}