{"id":1740,"date":"2021-10-08T16:06:54","date_gmt":"2021-10-08T14:06:54","guid":{"rendered":"https:\/\/fts.you2.pl\/index.php\/produkt\/brazylia-1981-82-home-10-zico-m\/"},"modified":"2025-09-18T09:06:00","modified_gmt":"2025-09-18T07:06:00","slug":"brazylia-1981-82-home-10-zico-m","status":"publish","type":"product","link":"https:\/\/fts.you2.pl\/de\/brazylia-1981-82-home-10-zico-m\/","title":{"rendered":"Koszulka pi\u0142karska Brazylia 1981\/82 Home 10 Zico [M]"},"content":{"rendered":"<p><strong>Dru\u017cyna: <\/strong>Brazylia<\/p>\n<p><strong>Zawodnik: <\/strong>10 Zico<\/p>\n<p><strong>Sezon: <\/strong>1981\/82 Home<\/p>\n<p><strong>Rozmiar: <\/strong>M*<\/p>\n<p><strong>Wymiary (szeroko\u015b\u0107 pod pachami\/d\u0142ugo\u015b\u0107) w cm:\u00a0<\/strong>45\/63<\/p>\n<p><strong>Stan:<\/strong> Doskona\u0142y<\/p>","protected":false},"excerpt":{"rendered":"<p data-start=\"0\" data-end=\"131\">Oryginalna <strong data-start=\"11\" data-end=\"73\">koszulka pi\u0142karska reprezentacji Brazylii z sezonu 1981\/82<\/strong> \u2013 produkcji <strong data-start=\"86\" data-end=\"96\">Agatas<\/strong> (europejski oddzia\u0142 <strong data-start=\"117\" data-end=\"127\">Topper<\/strong>).<\/p>\n<p data-start=\"133\" data-end=\"516\">Ta wyj\u0105tkowa <strong data-start=\"146\" data-end=\"175\">koszulka Brazylii 1981\/82<\/strong> utrzymana jest w klasycznych <strong data-start=\"205\" data-end=\"243\">\u017c\u00f3\u0142to-zielonych barwach Canarinhos<\/strong>, kt\u00f3re od lat stanowi\u0105 symbol stylu i tradycji brazylijskiej pi\u0142ki. Na plecach widnieje legendarny <strong data-start=\"343\" data-end=\"355\">numer 10<\/strong>, w kt\u00f3rym w tamtym okresie wyst\u0119powa\u0142 <strong data-start=\"394\" data-end=\"402\">Zico<\/strong> \u2013 jeden z najwi\u0119kszych pi\u0142karzy w historii futbolu, znany ze swojej techniki, wizji gry i skuteczno\u015bci w ataku.<\/p>\n<p data-start=\"518\" data-end=\"798\">Koszulka wyprodukowana przez <strong data-start=\"547\" data-end=\"557\">Agatas<\/strong>, europejski oddzia\u0142 Topper, zachowuje wszystkie charakterystyczne cechy stroj\u00f3w z pocz\u0105tku lat 80.: lekki, przewiewny materia\u0142, klasyczny kr\u00f3j oraz minimalistyczny, elegancki design, kt\u00f3ry oddaje ducha brazylijskiego futbolu tamtej epoki.<\/p>\n<p data-start=\"800\" data-end=\"1217\">Sezon 1981\/82 by\u0142 okresem intensywnych przygotowa\u0144 reprezentacji Brazylii do turniej\u00f3w mi\u0119dzynarodowych. <strong data-start=\"905\" data-end=\"913\">Zico<\/strong> w tym czasie stanowi\u0142 serce dru\u017cyny, wnosz\u0105c kreatywno\u015b\u0107, indywidualn\u0105 klas\u0119 i przyw\u00f3dztwo na boisku. Na <strong data-start=\"1019\" data-end=\"1048\">Mundialu 1982 w Hiszpanii<\/strong> Brazylia zachwyca\u0142a ofensywnym stylem gry i technik\u0105, ale ostatecznie zako\u0144czy\u0142a udzia\u0142 w turnieju na <strong data-start=\"1151\" data-end=\"1167\">\u0107wier\u0107finale<\/strong>, przegrywaj\u0105c w pami\u0119tnym meczu z W\u0142ochami 2:3.<\/p>\n<p data-start=\"1219\" data-end=\"1344\">Koszulka, mimo rozmiaru <strong data-start=\"1253\" data-end=\"1258\">M<\/strong>, wypada na du\u017co mniejsz\u0105 \u2013 jest to naturalne zjawisko w przypadku stroj\u00f3w z lat 80.<\/p>\n<p data-start=\"1346\" data-end=\"1576\">To prawdziwa <strong data-start=\"1359\" data-end=\"1383\">per\u0142a kolekcjonerska<\/strong>, \u0142\u0105cz\u0105ca <strong data-start=\"1393\" data-end=\"1419\">legendarn\u0105 posta\u0107 Zico<\/strong>, <strong data-start=\"1421\" data-end=\"1468\">historyczny kontekst reprezentacji Brazylii<\/strong> i <strong data-start=\"1471\" data-end=\"1500\">klasyczny styl Canarinhos<\/strong>, idealna dla fan\u00f3w brazylijskiego futbolu i kolekcjoner\u00f3w retro koszulek.<\/p>","protected":false},"featured_media":3443,"template":"","meta":{"_kad_blocks_custom_css":"","_kad_blocks_head_custom_js":"","_kad_blocks_body_custom_js":"","_kad_blocks_footer_custom_js":"","_kad_post_transparent":"","_kad_post_title":"","_kad_post_layout":"","_kad_post_sidebar_id":"","_kad_post_content_style":"","_kad_post_vertical_padding":"","_kad_post_feature":"","_kad_post_feature_position":"","_kad_post_header":false,"_kad_post_footer":false},"product_brand":[76],"product_cat":[77,78,22],"product_tag":[],"class_list":{"0":"post-1740","1":"product","2":"type-product","3":"status-publish","4":"has-post-thumbnail","6":"product_brand-topper","7":"product_cat-ameryka-poludniowa-reprezentacje","8":"product_cat-brazylia","9":"product_cat-reprezentacje","10":"pa_location-filip","11":"pa_napis-zico","12":"pa_numer-63","13":"pa_rozmiar-m","14":"pa_sezon-1981-82","16":"first","17":"instock","18":"taxable","19":"shipping-taxable","20":"purchasable","21":"product-type-simple","22":"entry","23":"content-bg","24":"loop-entry"},"taxonomy_info":{"product_brand":[{"value":76,"label":"Topper"}],"product_cat":[{"value":77,"label":"Ameryka Po\u0142udniowa"},{"value":78,"label":"Brazylia"},{"value":22,"label":"REPREZENTACJE"}],"pa_location":[{"value":18,"label":"FILIP"}],"pa_napis":[{"value":74,"label":"Zico"}],"pa_numer":[{"value":63,"label":"10"}],"pa_rozmiar":[{"value":28,"label":"M"}],"pa_sezon":[{"value":75,"label":"1981\/82"}]},"featured_image_src_large":["https:\/\/fts.you2.pl\/wp-content\/uploads\/2025\/09\/9978-Brazylia-198182-Home-10-Zico-M-1024x1024.jpg",1024,1024,true],"author_info":[],"comment_info":"","_links":{"self":[{"href":"https:\/\/fts.you2.pl\/de\/wp-json\/wp\/v2\/product\/1740","targetHints":{"allow":["GET"]}}],"collection":[{"href":"https:\/\/fts.you2.pl\/de\/wp-json\/wp\/v2\/product"}],"about":[{"href":"https:\/\/fts.you2.pl\/de\/wp-json\/wp\/v2\/types\/product"}],"wp:featuredmedia":[{"embeddable":true,"href":"https:\/\/fts.you2.pl\/de\/wp-json\/wp\/v2\/media\/3443"}],"wp:attachment":[{"href":"https:\/\/fts.you2.pl\/de\/wp-json\/wp\/v2\/media?parent=1740"}],"wp:term":[{"taxonomy":"product_brand","embeddable":true,"href":"https:\/\/fts.you2.pl\/de\/wp-json\/wp\/v2\/product_brand?post=1740"},{"taxonomy":"product_cat","embeddable":true,"href":"https:\/\/fts.you2.pl\/de\/wp-json\/wp\/v2\/product_cat?post=1740"},{"taxonomy":"product_tag","embeddable":true,"href":"https:\/\/fts.you2.pl\/de\/wp-json\/wp\/v2\/product_tag?post=1740"}],"curies":[{"name":"wp","href":"https:\/\/api.w.org\/{rel}","templated":true}]}}