{"id":1744,"date":"2021-10-08T16:07:22","date_gmt":"2021-10-08T14:07:22","guid":{"rendered":"https:\/\/fts.you2.pl\/index.php\/produkt\/coventry-city-2012-13-away-s\/"},"modified":"2025-09-18T10:18:40","modified_gmt":"2025-09-18T08:18:40","slug":"coventry-city-2012-13-away-s","status":"publish","type":"product","link":"https:\/\/fts.you2.pl\/de\/coventry-city-2012-13-away-s\/","title":{"rendered":"Koszulka pi\u0142karska Coventry City 2012\/13 Away [S]"},"content":{"rendered":"<p><strong>Klub: <\/strong>Coventry City<\/p>\n<p><strong>Sezon: <\/strong>2012\/13 Away<\/p>\n<p><strong>Rozmiar: <\/strong>S<\/p>\n<p><strong>Stan:<\/strong> Dobry &#8211; zabrudzenie na ramieniu.<\/p>\n<p><strong>Wymiary (szeroko\u015b\u0107 pod pachami\/d\u0142ugo\u015b\u0107):\u00a0<\/strong>46\/69<\/p>\n<p>&nbsp;<\/p>","protected":false},"excerpt":{"rendered":"<p data-start=\"0\" data-end=\"98\">Oryginalna <strong data-start=\"11\" data-end=\"74\">wyjazdowa koszulka pi\u0142karska Coventry City z sezonu 2012\/13<\/strong> \u2013 produkcji <strong data-start=\"87\" data-end=\"95\">Puma<\/strong>.<\/p>\n<p data-start=\"100\" data-end=\"594\">Ta wyj\u0105tkowa <strong data-start=\"113\" data-end=\"157\">wyjazdowa koszulka Coventry City 2012\/13<\/strong> utrzymana jest w \u017cywym <strong data-start=\"181\" data-end=\"199\">\u017c\u00f3\u0142tym kolorze<\/strong> z subtelnym <strong data-start=\"212\" data-end=\"233\">zielonym akcentem<\/strong>, co nadaje jej nowoczesny i dynamiczny charakter. Na froncie koszulki widnieje logo sponsora <strong data-start=\"327\" data-end=\"340\">City Link<\/strong>, a ca\u0142o\u015b\u0107 uzupe\u0142nia herb <strong data-start=\"366\" data-end=\"383\">Coventry City<\/strong>, podkre\u015blaj\u0105cy autentyczno\u015b\u0107 modelu oraz przynale\u017cno\u015b\u0107 klubow\u0105. Koszulka wykonana jest z lekkiego, przewiewnego materia\u0142u, typowego dla projekt\u00f3w <strong data-start=\"530\" data-end=\"538\">Pumy<\/strong>, gwarantuj\u0105cego komfort i swobod\u0119 ruch\u00f3w podczas gry.<\/p>\n<p data-start=\"596\" data-end=\"945\">Sezon 2012\/13 by\u0142 dla <strong data-start=\"618\" data-end=\"635\">Coventry City<\/strong> trudnym okresem w <strong data-start=\"654\" data-end=\"668\">League One<\/strong>. Klub stara\u0142 si\u0119 odbudowa\u0107 po spadku z Championship, prezentuj\u0105c mieszank\u0119 m\u0142odych talent\u00f3w i do\u015bwiadczonych zawodnik\u00f3w. Mimo ambitnej gry dru\u017cyna zaj\u0119\u0142a \u015brodkowe pozycje w tabeli, co pozwoli\u0142o utrzyma\u0107 si\u0119 w lidze i kontynuowa\u0107 rozw\u00f3j zespo\u0142u w ni\u017cszej klasie rozgrywkowej.<\/p>","protected":false},"featured_media":3477,"template":"","meta":{"_kad_blocks_custom_css":"","_kad_blocks_head_custom_js":"","_kad_blocks_body_custom_js":"","_kad_blocks_footer_custom_js":"","_kad_post_transparent":"","_kad_post_title":"","_kad_post_layout":"","_kad_post_sidebar_id":"","_kad_post_content_style":"","_kad_post_vertical_padding":"","_kad_post_feature":"","_kad_post_feature_position":"","_kad_post_header":false,"_kad_post_footer":false},"product_brand":[86],"product_cat":[32,31,33],"product_tag":[],"class_list":{"0":"post-1744","1":"product","2":"type-product","3":"status-publish","4":"has-post-thumbnail","6":"product_brand-puma","7":"product_cat-kluby-angielskie","8":"product_cat-kluby-europejskie","9":"product_cat-pozostale-kluby-angielskie","10":"pa_location-filip","11":"pa_rozmiar-s","12":"pa_sezon-2012-13","14":"first","15":"instock","16":"taxable","17":"shipping-taxable","18":"purchasable","19":"product-type-simple","20":"entry","21":"content-bg","22":"loop-entry"},"taxonomy_info":{"product_brand":[{"value":86,"label":"Puma"}],"product_cat":[{"value":32,"label":"Kluby Angielskie"},{"value":31,"label":"Kluby Europejskie"},{"value":33,"label":"Pozosta\u0142e kluby angielskie"}],"pa_location":[{"value":18,"label":"FILIP"}],"pa_rozmiar":[{"value":19,"label":"S"}],"pa_sezon":[{"value":91,"label":"2012\/13"}]},"featured_image_src_large":["https:\/\/fts.you2.pl\/wp-content\/uploads\/2025\/09\/13301-Coventry-City-201213-Away-S-1024x1024.jpg",1024,1024,true],"author_info":[],"comment_info":"","_links":{"self":[{"href":"https:\/\/fts.you2.pl\/de\/wp-json\/wp\/v2\/product\/1744","targetHints":{"allow":["GET"]}}],"collection":[{"href":"https:\/\/fts.you2.pl\/de\/wp-json\/wp\/v2\/product"}],"about":[{"href":"https:\/\/fts.you2.pl\/de\/wp-json\/wp\/v2\/types\/product"}],"wp:featuredmedia":[{"embeddable":true,"href":"https:\/\/fts.you2.pl\/de\/wp-json\/wp\/v2\/media\/3477"}],"wp:attachment":[{"href":"https:\/\/fts.you2.pl\/de\/wp-json\/wp\/v2\/media?parent=1744"}],"wp:term":[{"taxonomy":"product_brand","embeddable":true,"href":"https:\/\/fts.you2.pl\/de\/wp-json\/wp\/v2\/product_brand?post=1744"},{"taxonomy":"product_cat","embeddable":true,"href":"https:\/\/fts.you2.pl\/de\/wp-json\/wp\/v2\/product_cat?post=1744"},{"taxonomy":"product_tag","embeddable":true,"href":"https:\/\/fts.you2.pl\/de\/wp-json\/wp\/v2\/product_tag?post=1744"}],"curies":[{"name":"wp","href":"https:\/\/api.w.org\/{rel}","templated":true}]}}