{"id":1747,"date":"2021-10-08T16:07:36","date_gmt":"2021-10-08T14:07:36","guid":{"rendered":"https:\/\/fts.you2.pl\/index.php\/produkt\/everton-fc-2009-10-away-17-cahill-m\/"},"modified":"2025-09-18T10:23:19","modified_gmt":"2025-09-18T08:23:19","slug":"everton-fc-2009-10-away-17-cahill-m","status":"publish","type":"product","link":"https:\/\/fts.you2.pl\/de\/everton-fc-2009-10-away-17-cahill-m\/","title":{"rendered":"Everton FC 2009\/10 Away 17 Cahill [M]"},"content":{"rendered":"<p><strong>Klub: <\/strong>Everton FC<\/p>\n<p><strong>Zawodnik: <\/strong>17 Cahill<\/p>\n<p><strong>Sezon: <\/strong>2009\/10 Away<\/p>\n<p><strong>Rozmiar: <\/strong>M<\/p>\n<p><strong>Stan:<\/strong> Zadowalaj\u0105cy &#8211; lekko p\u0119kaj\u0105cy nadruk sponsora, metka z rozmiarem odpad\u0142a, patche lekko starte i wyp\u0142owia\u0142e, numer i nazwisko straci\u0142y lekko kolor.<\/p>\n<p><strong>Wymiary (szeroko\u015b\u0107 pod pachami\/d\u0142ugo\u015b\u0107) w cm:\u00a0<\/strong>53\/73<\/p>","protected":false},"excerpt":{"rendered":"<p>Everton FC 2009\/10 Away 17 Cahill [M]<\/p>","protected":false},"featured_media":3499,"template":"","meta":{"_kad_blocks_custom_css":"","_kad_blocks_head_custom_js":"","_kad_blocks_body_custom_js":"","_kad_blocks_footer_custom_js":"","_kad_post_transparent":"","_kad_post_title":"","_kad_post_layout":"","_kad_post_sidebar_id":"","_kad_post_content_style":"","_kad_post_vertical_padding":"","_kad_post_feature":"","_kad_post_feature_position":"","_kad_post_header":false,"_kad_post_footer":false},"product_brand":[96],"product_cat":[92,32,31],"product_tag":[],"class_list":{"0":"post-1747","1":"product","2":"type-product","3":"status-publish","4":"has-post-thumbnail","6":"product_brand-le-coq-sportif","7":"product_cat-everton-fc","8":"product_cat-kluby-angielskie","9":"product_cat-kluby-europejskie","10":"pa_location-filip","11":"pa_napis-cahill","12":"pa_numer-94","13":"pa_rozmiar-m","14":"pa_sezon-2009-10","16":"first","17":"instock","18":"taxable","19":"shipping-taxable","20":"purchasable","21":"product-type-simple","22":"entry","23":"content-bg","24":"loop-entry"},"taxonomy_info":{"product_brand":[{"value":96,"label":"Le Coq Sportif"}],"product_cat":[{"value":92,"label":"Everton FC"},{"value":32,"label":"Kluby Angielskie"},{"value":31,"label":"Kluby Europejskie"}],"pa_location":[{"value":18,"label":"FILIP"}],"pa_napis":[{"value":93,"label":"Cahill"}],"pa_numer":[{"value":94,"label":"17"}],"pa_rozmiar":[{"value":28,"label":"M"}],"pa_sezon":[{"value":95,"label":"2009\/10"}]},"featured_image_src_large":["https:\/\/fts.you2.pl\/wp-content\/uploads\/2025\/09\/12104-Everton-FC-200910-Away-17-Cahill-M-1024x1024.jpg",1024,1024,true],"author_info":[],"comment_info":"","_links":{"self":[{"href":"https:\/\/fts.you2.pl\/de\/wp-json\/wp\/v2\/product\/1747","targetHints":{"allow":["GET"]}}],"collection":[{"href":"https:\/\/fts.you2.pl\/de\/wp-json\/wp\/v2\/product"}],"about":[{"href":"https:\/\/fts.you2.pl\/de\/wp-json\/wp\/v2\/types\/product"}],"wp:featuredmedia":[{"embeddable":true,"href":"https:\/\/fts.you2.pl\/de\/wp-json\/wp\/v2\/media\/3499"}],"wp:attachment":[{"href":"https:\/\/fts.you2.pl\/de\/wp-json\/wp\/v2\/media?parent=1747"}],"wp:term":[{"taxonomy":"product_brand","embeddable":true,"href":"https:\/\/fts.you2.pl\/de\/wp-json\/wp\/v2\/product_brand?post=1747"},{"taxonomy":"product_cat","embeddable":true,"href":"https:\/\/fts.you2.pl\/de\/wp-json\/wp\/v2\/product_cat?post=1747"},{"taxonomy":"product_tag","embeddable":true,"href":"https:\/\/fts.you2.pl\/de\/wp-json\/wp\/v2\/product_tag?post=1747"}],"curies":[{"name":"wp","href":"https:\/\/api.w.org\/{rel}","templated":true}]}}