{"id":1750,"date":"2021-10-08T16:07:59","date_gmt":"2021-10-08T14:07:59","guid":{"rendered":"https:\/\/fts.you2.pl\/index.php\/produkt\/kurtka-fc-bayern-monachium-90-s-l-xl\/"},"modified":"2025-09-18T10:28:56","modified_gmt":"2025-09-18T08:28:56","slug":"kurtka-fc-bayern-monachium-90-s-l-xl","status":"publish","type":"product","link":"https:\/\/fts.you2.pl\/de\/kurtka-fc-bayern-monachium-90-s-l-xl\/","title":{"rendered":"Kurtka FC Bayern Monachium 90&#8217;s [L\/XL]"},"content":{"rendered":"<p><strong>Klub: <\/strong>FC Bayern Monachium<\/p>\n<p><strong>Sezon: <\/strong>90&#8217;S <\/p>\n<p><strong>Rozmiar: <\/strong>L\/XL<\/p>\n<p><strong>Wymiary (szeroko\u015b\u0107 pod pachami\/d\u0142ugo\u015b\u0107) w cm:\u00a0<\/strong>63\/84<\/p>\n<p><strong>Stan:<\/strong> Dobry &#8211; dwa ma\u0142e zabrudzenia i malutki \u015blad po wypaleniu.<\/p>","protected":false},"excerpt":{"rendered":"<p>Kurtka FC Bayern Monachium 90&#8217;s [L\/XL]<\/p>","protected":false},"featured_media":3523,"template":"","meta":{"_kad_blocks_custom_css":"","_kad_blocks_head_custom_js":"","_kad_blocks_body_custom_js":"","_kad_blocks_footer_custom_js":"","_kad_post_transparent":"","_kad_post_title":"","_kad_post_layout":"","_kad_post_sidebar_id":"","_kad_post_content_style":"","_kad_post_vertical_padding":"","_kad_post_feature":"","_kad_post_feature_position":"","_kad_post_header":false,"_kad_post_footer":false},"product_brand":[45],"product_cat":[100,25,31,46,26],"product_tag":[],"class_list":{"0":"post-1750","1":"product","2":"type-product","3":"status-publish","4":"has-post-thumbnail","6":"product_brand-adidas","7":"product_cat-fc-bayern-monachium","8":"product_cat-inne","9":"product_cat-kluby-europejskie","10":"product_cat-kluby-niemieckie","11":"product_cat-kurtki-bluzy-trening","12":"pa_location-filip","13":"pa_sezon-90s","15":"first","16":"instock","17":"taxable","18":"shipping-taxable","19":"purchasable","20":"product-type-simple","21":"entry","22":"content-bg","23":"loop-entry"},"taxonomy_info":{"product_brand":[{"value":45,"label":"Adidas"}],"product_cat":[{"value":100,"label":"FC Bayern Monachium"},{"value":25,"label":"Inne"},{"value":31,"label":"Kluby Europejskie"},{"value":46,"label":"Kluby Niemieckie"},{"value":26,"label":"Kurtki\/bluzy\/trening"}],"pa_location":[{"value":18,"label":"FILIP"}],"pa_sezon":[{"value":102,"label":"90's"}]},"featured_image_src_large":["https:\/\/fts.you2.pl\/wp-content\/uploads\/2025\/09\/13677-Kurtka-FC-Bayern-Monachium-90s-LXL-1024x1024.jpg",1024,1024,true],"author_info":[],"comment_info":"","_links":{"self":[{"href":"https:\/\/fts.you2.pl\/de\/wp-json\/wp\/v2\/product\/1750","targetHints":{"allow":["GET"]}}],"collection":[{"href":"https:\/\/fts.you2.pl\/de\/wp-json\/wp\/v2\/product"}],"about":[{"href":"https:\/\/fts.you2.pl\/de\/wp-json\/wp\/v2\/types\/product"}],"wp:featuredmedia":[{"embeddable":true,"href":"https:\/\/fts.you2.pl\/de\/wp-json\/wp\/v2\/media\/3523"}],"wp:attachment":[{"href":"https:\/\/fts.you2.pl\/de\/wp-json\/wp\/v2\/media?parent=1750"}],"wp:term":[{"taxonomy":"product_brand","embeddable":true,"href":"https:\/\/fts.you2.pl\/de\/wp-json\/wp\/v2\/product_brand?post=1750"},{"taxonomy":"product_cat","embeddable":true,"href":"https:\/\/fts.you2.pl\/de\/wp-json\/wp\/v2\/product_cat?post=1750"},{"taxonomy":"product_tag","embeddable":true,"href":"https:\/\/fts.you2.pl\/de\/wp-json\/wp\/v2\/product_tag?post=1750"}],"curies":[{"name":"wp","href":"https:\/\/api.w.org\/{rel}","templated":true}]}}