{"id":1753,"date":"2021-10-08T16:08:16","date_gmt":"2021-10-08T14:08:16","guid":{"rendered":"https:\/\/fts.you2.pl\/index.php\/produkt\/feyenoord-rotterdam-2002-03-away-l\/"},"modified":"2025-09-18T10:34:08","modified_gmt":"2025-09-18T08:34:08","slug":"feyenoord-rotterdam-2002-03-away-l","status":"publish","type":"product","link":"https:\/\/fts.you2.pl\/de\/feyenoord-rotterdam-2002-03-away-l\/","title":{"rendered":"Feyenoord Rotterdam 2002\/03 Away [L]"},"content":{"rendered":"<p><strong>Klub: <\/strong>Feyenoord Rotterdam<\/p>\n<p><strong>Sezon: <\/strong>2002\/03 Away<\/p>\n<p><strong>Rozmiar: <\/strong>L<\/p>\n<p><strong>Wymiary (szeroko\u015b\u0107 pod pachami\/d\u0142ugo\u015b\u0107) w cm: <\/strong>55\/73<\/p>\n<p><strong>Stan:<\/strong> Bardzo dobry &#8211; nieznaczna ilo\u015b\u0107 drobnych zaci\u0105gni\u0119\u0107.<\/p>","protected":false},"excerpt":{"rendered":"<p>Feyenoord Rotterdam 2002\/03 Away [L]<\/p>","protected":false},"featured_media":3543,"template":"","meta":{"_kad_blocks_custom_css":"","_kad_blocks_head_custom_js":"","_kad_blocks_body_custom_js":"","_kad_blocks_footer_custom_js":"","_kad_post_transparent":"","_kad_post_title":"","_kad_post_layout":"","_kad_post_sidebar_id":"","_kad_post_content_style":"","_kad_post_vertical_padding":"","_kad_post_feature":"","_kad_post_feature_position":"","_kad_post_header":false,"_kad_post_footer":false},"product_brand":[35],"product_cat":[107,31,50],"product_tag":[],"class_list":{"0":"post-1753","1":"product","2":"type-product","3":"status-publish","4":"has-post-thumbnail","6":"product_brand-kappa","7":"product_cat-belgia-i-holandia","8":"product_cat-kluby-europejskie","9":"product_cat-kluby-europejskie-kluby-europejskie","10":"pa_location-filip","11":"pa_rozmiar-l","12":"pa_sezon-2002-03","14":"first","15":"instock","16":"taxable","17":"shipping-taxable","18":"purchasable","19":"product-type-simple","20":"entry","21":"content-bg","22":"loop-entry"},"taxonomy_info":{"product_brand":[{"value":35,"label":"Kappa"}],"product_cat":[{"value":107,"label":"Belgia i Holandia"},{"value":31,"label":"Kluby Europejskie"},{"value":50,"label":"Kluby Europejskie"}],"pa_location":[{"value":18,"label":"FILIP"}],"pa_rozmiar":[{"value":39,"label":"L"}],"pa_sezon":[{"value":106,"label":"2002\/03"}]},"featured_image_src_large":["https:\/\/fts.you2.pl\/wp-content\/uploads\/2025\/09\/9936-Feyenoord-Rotterdam-200203-Away-L-1024x1024.jpg",1024,1024,true],"author_info":[],"comment_info":"","_links":{"self":[{"href":"https:\/\/fts.you2.pl\/de\/wp-json\/wp\/v2\/product\/1753","targetHints":{"allow":["GET"]}}],"collection":[{"href":"https:\/\/fts.you2.pl\/de\/wp-json\/wp\/v2\/product"}],"about":[{"href":"https:\/\/fts.you2.pl\/de\/wp-json\/wp\/v2\/types\/product"}],"wp:featuredmedia":[{"embeddable":true,"href":"https:\/\/fts.you2.pl\/de\/wp-json\/wp\/v2\/media\/3543"}],"wp:attachment":[{"href":"https:\/\/fts.you2.pl\/de\/wp-json\/wp\/v2\/media?parent=1753"}],"wp:term":[{"taxonomy":"product_brand","embeddable":true,"href":"https:\/\/fts.you2.pl\/de\/wp-json\/wp\/v2\/product_brand?post=1753"},{"taxonomy":"product_cat","embeddable":true,"href":"https:\/\/fts.you2.pl\/de\/wp-json\/wp\/v2\/product_cat?post=1753"},{"taxonomy":"product_tag","embeddable":true,"href":"https:\/\/fts.you2.pl\/de\/wp-json\/wp\/v2\/product_tag?post=1753"}],"curies":[{"name":"wp","href":"https:\/\/api.w.org\/{rel}","templated":true}]}}