{"id":1761,"date":"2021-10-08T16:08:46","date_gmt":"2021-10-08T14:08:46","guid":{"rendered":"https:\/\/fts.you2.pl\/index.php\/produkt\/izrael-2006-08-away-s\/"},"modified":"2025-09-18T10:47:14","modified_gmt":"2025-09-18T08:47:14","slug":"izrael-2006-08-away-s","status":"publish","type":"product","link":"https:\/\/fts.you2.pl\/de\/izrael-2006-08-away-s\/","title":{"rendered":"Izrael 2006\/08 Away [S]"},"content":{"rendered":"<p><strong>Klub: <\/strong>Izrael<\/p>\n<p><strong>Sezon: <\/strong>2006\/08 Away<\/p>\n<p><strong>Rozmiar: <\/strong>S<\/p>\n<p><strong>Wymiary (szeroko\u015b\u0107 pod pachami\/d\u0142ugo\u015b\u0107) w cm:\u00a0<\/strong>50\/70<\/p>\n<p><strong>Stan:<\/strong> Bardzo dobry &#8211; drobne zabrudzenie na r\u0119kawie.<\/p>","protected":false},"excerpt":{"rendered":"<p>Izrael 2006\/08 Away [S]<\/p>","protected":false},"featured_media":3599,"template":"","meta":{"_kad_blocks_custom_css":"","_kad_blocks_head_custom_js":"","_kad_blocks_body_custom_js":"","_kad_blocks_footer_custom_js":"","_kad_post_transparent":"","_kad_post_title":"","_kad_post_layout":"","_kad_post_sidebar_id":"","_kad_post_content_style":"","_kad_post_vertical_padding":"","_kad_post_feature":"","_kad_post_feature_position":"","_kad_post_header":false,"_kad_post_footer":false},"product_brand":[86],"product_cat":[23,114,22],"product_tag":[],"class_list":{"0":"post-1761","1":"product","2":"type-product","3":"status-publish","4":"has-post-thumbnail","6":"product_brand-puma","7":"product_cat-europa","8":"product_cat-pozostale","9":"product_cat-reprezentacje","10":"pa_location-filip","11":"pa_rozmiar-s","12":"pa_sezon-2006-08","14":"first","15":"instock","16":"taxable","17":"shipping-taxable","18":"purchasable","19":"product-type-simple","20":"entry","21":"content-bg","22":"loop-entry"},"taxonomy_info":{"product_brand":[{"value":86,"label":"Puma"}],"product_cat":[{"value":23,"label":"Europa"},{"value":114,"label":"Pozosta\u0142e"},{"value":22,"label":"REPREZENTACJE"}],"pa_location":[{"value":18,"label":"FILIP"}],"pa_rozmiar":[{"value":19,"label":"S"}],"pa_sezon":[{"value":112,"label":"2006\/08"}]},"featured_image_src_large":["https:\/\/fts.you2.pl\/wp-content\/uploads\/2025\/09\/11667-Izrael-200608-Away-S-1024x1024.jpg",1024,1024,true],"author_info":[],"comment_info":"","_links":{"self":[{"href":"https:\/\/fts.you2.pl\/de\/wp-json\/wp\/v2\/product\/1761","targetHints":{"allow":["GET"]}}],"collection":[{"href":"https:\/\/fts.you2.pl\/de\/wp-json\/wp\/v2\/product"}],"about":[{"href":"https:\/\/fts.you2.pl\/de\/wp-json\/wp\/v2\/types\/product"}],"wp:featuredmedia":[{"embeddable":true,"href":"https:\/\/fts.you2.pl\/de\/wp-json\/wp\/v2\/media\/3599"}],"wp:attachment":[{"href":"https:\/\/fts.you2.pl\/de\/wp-json\/wp\/v2\/media?parent=1761"}],"wp:term":[{"taxonomy":"product_brand","embeddable":true,"href":"https:\/\/fts.you2.pl\/de\/wp-json\/wp\/v2\/product_brand?post=1761"},{"taxonomy":"product_cat","embeddable":true,"href":"https:\/\/fts.you2.pl\/de\/wp-json\/wp\/v2\/product_cat?post=1761"},{"taxonomy":"product_tag","embeddable":true,"href":"https:\/\/fts.you2.pl\/de\/wp-json\/wp\/v2\/product_tag?post=1761"}],"curies":[{"name":"wp","href":"https:\/\/api.w.org\/{rel}","templated":true}]}}