{"id":1762,"date":"2021-10-08T16:08:55","date_gmt":"2021-10-08T14:08:55","guid":{"rendered":"https:\/\/fts.you2.pl\/index.php\/produkt\/bnwt-koszulka-bramkarska-juventus-fc-x-palace-2019-m\/"},"modified":"2025-09-18T10:49:02","modified_gmt":"2025-09-18T08:49:02","slug":"bnwt-koszulka-bramkarska-juventus-fc-x-palace-2019-m","status":"publish","type":"product","link":"https:\/\/fts.you2.pl\/de\/bnwt-koszulka-bramkarska-juventus-fc-x-palace-2019-m\/","title":{"rendered":"BNWT Koszulka bramkarska Juventus FC x Palace 2019 [M]"},"content":{"rendered":"<p><strong>Klub: <\/strong>Juventus FC x Palace Skateboards<\/p>\n<p><strong>Sezon: <\/strong>2019<\/p>\n<p><strong>Rozmiar: <\/strong>M<\/p>\n<p><strong>Stan:<\/strong> BNWT &#8211; koszulka nowa, z metkami.<\/p>\n<p><strong>Wymiary (szeroko\u015b\u0107 pod pachami\/d\u0142ugo\u015b\u0107):\u00a0<\/strong>52\/77<\/p>\n<p><strong>Info:\u00a0<\/strong>Koszulka b\u0119d\u0105ca dzie\u0142em kooperacji Adidasa, Juventusu i londy\u0144skiej marki deskorolkowej Palace. Koszulki, bluzy i inne ubrania z tej serii wyprzeda\u0142y si\u0119 w mgnieniu oka. Nam uda\u0142o si\u0119 zdoby\u0107 koszulk\u0119 bramkarsk\u0105, w kt\u00f3rej co prawda nie mogli\u015bmy zobaczy\u0107 zawodnika Starej Damy w trakcie meczu, ale na rozgrzewk\u0119 przedmeczow\u0105 wybieg\u0142 w niej Wojciech Szcz\u0119sny.<\/p>","protected":false},"excerpt":{"rendered":"<p>BNWT Koszulka bramkarska Juventus FC x Palace 2019 [M]<\/p>","protected":false},"featured_media":3604,"template":"","meta":{"_kad_blocks_custom_css":"","_kad_blocks_head_custom_js":"","_kad_blocks_body_custom_js":"","_kad_blocks_footer_custom_js":"","_kad_post_transparent":"","_kad_post_title":"","_kad_post_layout":"","_kad_post_sidebar_id":"","_kad_post_content_style":"","_kad_post_vertical_padding":"","_kad_post_feature":"","_kad_post_feature_position":"","_kad_post_header":false,"_kad_post_footer":false},"product_brand":[45],"product_cat":[118,31,117],"product_tag":[],"class_list":{"0":"post-1762","1":"product","2":"type-product","3":"status-publish","4":"has-post-thumbnail","6":"product_brand-adidas","7":"product_cat-juventus-fc","8":"product_cat-kluby-europejskie","9":"product_cat-kluby-wloskie","10":"pa_location-filip","11":"pa_rozmiar-m","12":"pa_sezon-116","14":"first","15":"instock","16":"taxable","17":"shipping-taxable","18":"purchasable","19":"product-type-simple","20":"entry","21":"content-bg","22":"loop-entry"},"taxonomy_info":{"product_brand":[{"value":45,"label":"Adidas"}],"product_cat":[{"value":118,"label":"Juventus FC"},{"value":31,"label":"Kluby Europejskie"},{"value":117,"label":"Kluby W\u0142oskie"}],"pa_location":[{"value":18,"label":"FILIP"}],"pa_rozmiar":[{"value":28,"label":"M"}],"pa_sezon":[{"value":116,"label":"2019"}]},"featured_image_src_large":["https:\/\/fts.you2.pl\/wp-content\/uploads\/2025\/09\/16701-BNWT-Koszulka-bramkarska-Juventus-FC-x-Palace-2019-M-1024x1024.jpg",1024,1024,true],"author_info":[],"comment_info":"","_links":{"self":[{"href":"https:\/\/fts.you2.pl\/de\/wp-json\/wp\/v2\/product\/1762","targetHints":{"allow":["GET"]}}],"collection":[{"href":"https:\/\/fts.you2.pl\/de\/wp-json\/wp\/v2\/product"}],"about":[{"href":"https:\/\/fts.you2.pl\/de\/wp-json\/wp\/v2\/types\/product"}],"wp:featuredmedia":[{"embeddable":true,"href":"https:\/\/fts.you2.pl\/de\/wp-json\/wp\/v2\/media\/3604"}],"wp:attachment":[{"href":"https:\/\/fts.you2.pl\/de\/wp-json\/wp\/v2\/media?parent=1762"}],"wp:term":[{"taxonomy":"product_brand","embeddable":true,"href":"https:\/\/fts.you2.pl\/de\/wp-json\/wp\/v2\/product_brand?post=1762"},{"taxonomy":"product_cat","embeddable":true,"href":"https:\/\/fts.you2.pl\/de\/wp-json\/wp\/v2\/product_cat?post=1762"},{"taxonomy":"product_tag","embeddable":true,"href":"https:\/\/fts.you2.pl\/de\/wp-json\/wp\/v2\/product_tag?post=1762"}],"curies":[{"name":"wp","href":"https:\/\/api.w.org\/{rel}","templated":true}]}}