{"id":1763,"date":"2021-10-08T16:09:00","date_gmt":"2021-10-08T14:09:00","guid":{"rendered":"https:\/\/fts.you2.pl\/index.php\/produkt\/leeds-united-fc-2000-02-away-19-bakke-xl\/"},"modified":"2025-09-18T10:50:56","modified_gmt":"2025-09-18T08:50:56","slug":"leeds-united-fc-2000-02-away-19-bakke-xl","status":"publish","type":"product","link":"https:\/\/fts.you2.pl\/de\/leeds-united-fc-2000-02-away-19-bakke-xl\/","title":{"rendered":"Leeds United FC 2000\/02 Away 19 Bakke [XL]"},"content":{"rendered":"<p><strong>Klub: <\/strong>Leeds United FC<\/p>\n<p><strong>Zawodnik: <\/strong>19 Bakke<\/p>\n<p><strong>Sezon: <\/strong>2000\/02 Away<\/p>\n<p><strong>Rozmiar: <\/strong>XL<\/p>\n<p><strong>Wymiary (szeroko\u015b\u0107 pod pachami\/d\u0142ugo\u015b\u0107) w cm:\u00a0<\/strong>61\/76<\/p>\n<p><strong>Stan:<\/strong> Bardzo dobry &#8211; delikatnie p\u0119kaj\u0105cy nadruk na plecach.<\/p>","protected":false},"excerpt":{"rendered":"<p>Leeds United FC 2000\/02 Away 19 Bakke [XL]<\/p>","protected":false},"featured_media":3613,"template":"","meta":{"_kad_blocks_custom_css":"","_kad_blocks_head_custom_js":"","_kad_blocks_body_custom_js":"","_kad_blocks_footer_custom_js":"","_kad_post_transparent":"","_kad_post_title":"","_kad_post_layout":"","_kad_post_sidebar_id":"","_kad_post_content_style":"","_kad_post_vertical_padding":"","_kad_post_feature":"","_kad_post_feature_position":"","_kad_post_header":false,"_kad_post_footer":false},"product_brand":[55],"product_cat":[32,31,33],"product_tag":[],"class_list":{"0":"post-1763","1":"product","2":"type-product","3":"status-publish","4":"has-post-thumbnail","6":"product_brand-nike","7":"product_cat-kluby-angielskie","8":"product_cat-kluby-europejskie","9":"product_cat-pozostale-kluby-angielskie","10":"pa_location-filip","11":"pa_napis-bakke","12":"pa_numer-120","13":"pa_rozmiar-xl","14":"pa_sezon-2000-02","16":"first","17":"instock","18":"taxable","19":"shipping-taxable","20":"purchasable","21":"product-type-simple","22":"entry","23":"content-bg","24":"loop-entry"},"taxonomy_info":{"product_brand":[{"value":55,"label":"Nike"}],"product_cat":[{"value":32,"label":"Kluby Angielskie"},{"value":31,"label":"Kluby Europejskie"},{"value":33,"label":"Pozosta\u0142e kluby angielskie"}],"pa_location":[{"value":18,"label":"FILIP"}],"pa_napis":[{"value":119,"label":"Bakke"}],"pa_numer":[{"value":120,"label":"19"}],"pa_rozmiar":[{"value":57,"label":"XL"}],"pa_sezon":[{"value":121,"label":"2000\/02"}]},"featured_image_src_large":["https:\/\/fts.you2.pl\/wp-content\/uploads\/2025\/09\/9955-Leeds-United-FC-200002-Away-19-Bakke-XL-1024x1024.jpg",1024,1024,true],"author_info":[],"comment_info":"","_links":{"self":[{"href":"https:\/\/fts.you2.pl\/de\/wp-json\/wp\/v2\/product\/1763","targetHints":{"allow":["GET"]}}],"collection":[{"href":"https:\/\/fts.you2.pl\/de\/wp-json\/wp\/v2\/product"}],"about":[{"href":"https:\/\/fts.you2.pl\/de\/wp-json\/wp\/v2\/types\/product"}],"wp:featuredmedia":[{"embeddable":true,"href":"https:\/\/fts.you2.pl\/de\/wp-json\/wp\/v2\/media\/3613"}],"wp:attachment":[{"href":"https:\/\/fts.you2.pl\/de\/wp-json\/wp\/v2\/media?parent=1763"}],"wp:term":[{"taxonomy":"product_brand","embeddable":true,"href":"https:\/\/fts.you2.pl\/de\/wp-json\/wp\/v2\/product_brand?post=1763"},{"taxonomy":"product_cat","embeddable":true,"href":"https:\/\/fts.you2.pl\/de\/wp-json\/wp\/v2\/product_cat?post=1763"},{"taxonomy":"product_tag","embeddable":true,"href":"https:\/\/fts.you2.pl\/de\/wp-json\/wp\/v2\/product_tag?post=1763"}],"curies":[{"name":"wp","href":"https:\/\/api.w.org\/{rel}","templated":true}]}}