{"id":1771,"date":"2021-10-08T16:10:01","date_gmt":"2021-10-08T14:10:01","guid":{"rendered":"https:\/\/fts.you2.pl\/index.php\/produkt\/newcastle-united-jets-2013-14-home-m\/"},"modified":"2025-09-18T11:05:23","modified_gmt":"2025-09-18T09:05:23","slug":"newcastle-united-jets-2013-14-home-m","status":"publish","type":"product","link":"https:\/\/fts.you2.pl\/de\/newcastle-united-jets-2013-14-home-m\/","title":{"rendered":"Newcastle United Jets 2013\/14 Home [M]"},"content":{"rendered":"<p><strong>Klub: <\/strong>Newcastle United Jets<\/p>\n<p><strong>Sezon: <\/strong>2013\/14 Home<\/p>\n<p><strong>Rozmiar: <\/strong>M<\/p>\n<p><strong>Wymiary (szeroko\u015b\u0107 pod pachami\/d\u0142ugo\u015b\u0107) w cm:\u00a0<\/strong>51\/70(prz\u00f3d), 76(ty\u0142)<\/p>\n<p><strong>Stan:<\/strong> Bardzo dobry &#8211; nitka wystaj\u0105ca w jednym miejscu.<\/p>\n<p><strong>Dodatkowe informacje:<\/strong> W tym sezonie barwy tej australijskiej dru\u017cyny reprezentowa\u0142 Emile Heskey.<\/p>","protected":false},"excerpt":{"rendered":"<p>Newcastle United Jets 2013\/14 Home [M]<\/p>","protected":false},"featured_media":3670,"template":"","meta":{"_kad_blocks_custom_css":"","_kad_blocks_head_custom_js":"","_kad_blocks_body_custom_js":"","_kad_blocks_footer_custom_js":"","_kad_post_transparent":"","_kad_post_title":"","_kad_post_layout":"","_kad_post_sidebar_id":"","_kad_post_content_style":"","_kad_post_vertical_padding":"","_kad_post_feature":"","_kad_post_feature_position":"","_kad_post_header":false,"_kad_post_footer":false},"product_brand":[141],"product_cat":[142,36],"product_tag":[],"class_list":{"0":"post-1771","1":"product","2":"type-product","3":"status-publish","4":"has-post-thumbnail","6":"product_brand-isc","7":"product_cat-australia-i-oceania-kluby-reszty-swiata","8":"product_cat-kluby-reszty-swiata","9":"pa_location-filip","10":"pa_rozmiar-m","11":"pa_sezon-2013-14","13":"first","14":"instock","15":"taxable","16":"shipping-taxable","17":"purchasable","18":"product-type-simple","19":"entry","20":"content-bg","21":"loop-entry"},"taxonomy_info":{"product_brand":[{"value":141,"label":"ISC"}],"product_cat":[{"value":142,"label":"Australia i Oceania"},{"value":36,"label":"Kluby Reszty \u015awiata"}],"pa_location":[{"value":18,"label":"FILIP"}],"pa_rozmiar":[{"value":28,"label":"M"}],"pa_sezon":[{"value":34,"label":"2013\/14"}]},"featured_image_src_large":["https:\/\/fts.you2.pl\/wp-content\/uploads\/2025\/09\/11653-Newcastle-United-Jets-201314-Home-M-1-1024x1024.jpg",1024,1024,true],"author_info":[],"comment_info":"","_links":{"self":[{"href":"https:\/\/fts.you2.pl\/de\/wp-json\/wp\/v2\/product\/1771","targetHints":{"allow":["GET"]}}],"collection":[{"href":"https:\/\/fts.you2.pl\/de\/wp-json\/wp\/v2\/product"}],"about":[{"href":"https:\/\/fts.you2.pl\/de\/wp-json\/wp\/v2\/types\/product"}],"wp:featuredmedia":[{"embeddable":true,"href":"https:\/\/fts.you2.pl\/de\/wp-json\/wp\/v2\/media\/3670"}],"wp:attachment":[{"href":"https:\/\/fts.you2.pl\/de\/wp-json\/wp\/v2\/media?parent=1771"}],"wp:term":[{"taxonomy":"product_brand","embeddable":true,"href":"https:\/\/fts.you2.pl\/de\/wp-json\/wp\/v2\/product_brand?post=1771"},{"taxonomy":"product_cat","embeddable":true,"href":"https:\/\/fts.you2.pl\/de\/wp-json\/wp\/v2\/product_cat?post=1771"},{"taxonomy":"product_tag","embeddable":true,"href":"https:\/\/fts.you2.pl\/de\/wp-json\/wp\/v2\/product_tag?post=1771"}],"curies":[{"name":"wp","href":"https:\/\/api.w.org\/{rel}","templated":true}]}}