{"id":1773,"date":"2021-10-08T16:10:09","date_gmt":"2021-10-08T14:10:09","guid":{"rendered":"https:\/\/fts.you2.pl\/index.php\/produkt\/nigeria-2002-04-home-m\/"},"modified":"2025-09-18T11:08:59","modified_gmt":"2025-09-18T09:08:59","slug":"nigeria-2002-04-home-m","status":"publish","type":"product","link":"https:\/\/fts.you2.pl\/de\/nigeria-2002-04-home-m\/","title":{"rendered":"Nigeria 2002\/04 Home [M]"},"content":{"rendered":"<p><strong>Klub: <\/strong>Nigeria<\/p>\n<p><strong>Sezon: <\/strong>2002\/04 Home<\/p>\n<p><strong>Rozmiar: <\/strong>M<\/p>\n<p><strong>Wymiary (szeroko\u015b\u0107 pod pachami\/d\u0142ugo\u015b\u0107) w cm:\u00a0<\/strong>54\/73<\/p>\n<p><strong>Stan:<\/strong> Bardzo dobry &#8211; drobne zaci\u0105gni\u0119cia i mikro dziurka pod znaczkiem Nike.<\/p>","protected":false},"excerpt":{"rendered":"<p>Nigeria 2002\/04 Home [M]<\/p>","protected":false},"featured_media":3687,"template":"","meta":{"_kad_blocks_custom_css":"","_kad_blocks_head_custom_js":"","_kad_blocks_body_custom_js":"","_kad_blocks_footer_custom_js":"","_kad_post_transparent":"","_kad_post_title":"","_kad_post_layout":"","_kad_post_sidebar_id":"","_kad_post_content_style":"","_kad_post_vertical_padding":"","_kad_post_feature":"","_kad_post_feature_position":"","_kad_post_header":false,"_kad_post_footer":false},"product_brand":[55],"product_cat":[137,22],"product_tag":[],"class_list":{"0":"post-1773","1":"product","2":"type-product","3":"status-publish","4":"has-post-thumbnail","6":"product_brand-nike","7":"product_cat-reprezentacje-afryka","8":"product_cat-reprezentacje","9":"pa_location-filip","10":"pa_rozmiar-m","11":"pa_sezon-2002-04","13":"first","14":"instock","15":"taxable","16":"shipping-taxable","17":"purchasable","18":"product-type-simple","19":"entry","20":"content-bg","21":"loop-entry"},"taxonomy_info":{"product_brand":[{"value":55,"label":"Nike"}],"product_cat":[{"value":137,"label":"Afryka"},{"value":22,"label":"REPREZENTACJE"}],"pa_location":[{"value":18,"label":"FILIP"}],"pa_rozmiar":[{"value":28,"label":"M"}],"pa_sezon":[{"value":144,"label":"2002\/04"}]},"featured_image_src_large":["https:\/\/fts.you2.pl\/wp-content\/uploads\/2025\/09\/9948-Nigeria-200204-Home-M-1-1024x1024.jpg",1024,1024,true],"author_info":[],"comment_info":"","_links":{"self":[{"href":"https:\/\/fts.you2.pl\/de\/wp-json\/wp\/v2\/product\/1773","targetHints":{"allow":["GET"]}}],"collection":[{"href":"https:\/\/fts.you2.pl\/de\/wp-json\/wp\/v2\/product"}],"about":[{"href":"https:\/\/fts.you2.pl\/de\/wp-json\/wp\/v2\/types\/product"}],"wp:featuredmedia":[{"embeddable":true,"href":"https:\/\/fts.you2.pl\/de\/wp-json\/wp\/v2\/media\/3687"}],"wp:attachment":[{"href":"https:\/\/fts.you2.pl\/de\/wp-json\/wp\/v2\/media?parent=1773"}],"wp:term":[{"taxonomy":"product_brand","embeddable":true,"href":"https:\/\/fts.you2.pl\/de\/wp-json\/wp\/v2\/product_brand?post=1773"},{"taxonomy":"product_cat","embeddable":true,"href":"https:\/\/fts.you2.pl\/de\/wp-json\/wp\/v2\/product_cat?post=1773"},{"taxonomy":"product_tag","embeddable":true,"href":"https:\/\/fts.you2.pl\/de\/wp-json\/wp\/v2\/product_tag?post=1773"}],"curies":[{"name":"wp","href":"https:\/\/api.w.org\/{rel}","templated":true}]}}