{"id":1775,"date":"2021-10-08T16:10:17","date_gmt":"2021-10-08T14:10:17","guid":{"rendered":"https:\/\/fts.you2.pl\/index.php\/produkt\/olympiakos-2002-03-home-11-djordjevic-m\/"},"modified":"2025-09-18T11:12:38","modified_gmt":"2025-09-18T09:12:38","slug":"olympiakos-2002-03-home-11-djordjevic-m","status":"publish","type":"product","link":"https:\/\/fts.you2.pl\/de\/olympiakos-2002-03-home-11-djordjevic-m\/","title":{"rendered":"Olympiakos 2002\/03 Home 11 Djordjevi\u0107 [M]"},"content":{"rendered":"<p><b>Klub: <\/b>Olympiakos<b><\/b><\/p>\n<p><b>Zawodnik: <\/b>11 Djordjevi\u0107<b><\/b><\/p>\n<p><b>Sezon: <\/b>2002\/03 Home<b><\/b><\/p>\n<p><b>Rozmiar: <\/b>M<b><\/b><\/p>\n<p><b>Wymiary (szeroko\u015b\u0107 pod pachami\/d\u0142ugo\u015b\u0107) w cm: <\/b>54\/67(prz\u00f3d), 72(ty\u0142).<b><\/b><\/p>\n<p><b>Stan: <\/b>Bardzo dobry &#8211; drobne przetarcia na plecach.<\/p>","protected":false},"excerpt":{"rendered":"<p>Olympiakos 2002\/03 Home 11 Djordjevi\u0107 [M]<\/p>","protected":false},"featured_media":3719,"template":"","meta":{"_kad_blocks_custom_css":"","_kad_blocks_head_custom_js":"","_kad_blocks_body_custom_js":"","_kad_blocks_footer_custom_js":"","_kad_post_transparent":"","_kad_post_title":"","_kad_post_layout":"","_kad_post_sidebar_id":"","_kad_post_content_style":"","_kad_post_vertical_padding":"","_kad_post_feature":"","_kad_post_feature_position":"","_kad_post_header":false,"_kad_post_footer":false},"product_brand":[21],"product_cat":[149,31,50],"product_tag":[],"class_list":{"0":"post-1775","1":"product","2":"type-product","3":"status-publish","4":"has-post-thumbnail","6":"product_brand-umbro","7":"product_cat-grecja","8":"product_cat-kluby-europejskie","9":"product_cat-kluby-europejskie-kluby-europejskie","10":"pa_location-filip","11":"pa_napis-djordjevic","12":"pa_numer-148","13":"pa_rozmiar-m","14":"pa_sezon-2002-03","16":"first","17":"instock","18":"taxable","19":"shipping-taxable","20":"purchasable","21":"product-type-simple","22":"entry","23":"content-bg","24":"loop-entry"},"taxonomy_info":{"product_brand":[{"value":21,"label":"Umbro"}],"product_cat":[{"value":149,"label":"Grecja"},{"value":31,"label":"Kluby Europejskie"},{"value":50,"label":"Kluby Europejskie"}],"pa_location":[{"value":18,"label":"FILIP"}],"pa_napis":[{"value":147,"label":"Djordjevi\u0107"}],"pa_numer":[{"value":148,"label":"11"}],"pa_rozmiar":[{"value":28,"label":"M"}],"pa_sezon":[{"value":106,"label":"2002\/03"}]},"featured_image_src_large":["https:\/\/fts.you2.pl\/wp-content\/uploads\/2025\/09\/10525-Olympiakos-200203-Home-11-Djordjevic-M-1-1024x1024.jpg",1024,1024,true],"author_info":[],"comment_info":"","_links":{"self":[{"href":"https:\/\/fts.you2.pl\/de\/wp-json\/wp\/v2\/product\/1775","targetHints":{"allow":["GET"]}}],"collection":[{"href":"https:\/\/fts.you2.pl\/de\/wp-json\/wp\/v2\/product"}],"about":[{"href":"https:\/\/fts.you2.pl\/de\/wp-json\/wp\/v2\/types\/product"}],"wp:featuredmedia":[{"embeddable":true,"href":"https:\/\/fts.you2.pl\/de\/wp-json\/wp\/v2\/media\/3719"}],"wp:attachment":[{"href":"https:\/\/fts.you2.pl\/de\/wp-json\/wp\/v2\/media?parent=1775"}],"wp:term":[{"taxonomy":"product_brand","embeddable":true,"href":"https:\/\/fts.you2.pl\/de\/wp-json\/wp\/v2\/product_brand?post=1775"},{"taxonomy":"product_cat","embeddable":true,"href":"https:\/\/fts.you2.pl\/de\/wp-json\/wp\/v2\/product_cat?post=1775"},{"taxonomy":"product_tag","embeddable":true,"href":"https:\/\/fts.you2.pl\/de\/wp-json\/wp\/v2\/product_tag?post=1775"}],"curies":[{"name":"wp","href":"https:\/\/api.w.org\/{rel}","templated":true}]}}