{"id":1777,"date":"2021-10-08T16:10:22","date_gmt":"2021-10-08T14:10:22","guid":{"rendered":"https:\/\/fts.you2.pl\/index.php\/produkt\/pahang-fa-2013-14-home-xl\/"},"modified":"2025-09-18T12:38:46","modified_gmt":"2025-09-18T10:38:46","slug":"pahang-fa-2013-14-home-xl","status":"publish","type":"product","link":"https:\/\/fts.you2.pl\/de\/pahang-fa-2013-14-home-xl\/","title":{"rendered":"Pahang FA 2013\/14 Home [XL]"},"content":{"rendered":"<p><strong>Klub: <\/strong>Pahang FA<\/p>\n<p><strong>Sezon: <\/strong>2013\/14 Home<\/p>\n<p><strong>Rozmiar: <\/strong>XL<\/p>\n<p><strong>Wymiary (szeroko\u015b\u0107 pod pachami\/d\u0142ugo\u015b\u0107):\u00a0<\/strong>52\/70<\/p>\n<p><strong>Stan:<\/strong> Dobry &#8211; kilka zabrudze\u0144 w postaci ciemnych kropeczek.<\/p>","protected":false},"excerpt":{"rendered":"<p>Pahang FA 2013\/14 Home [XL]<\/p>","protected":false},"featured_media":3736,"template":"","meta":{"_kad_blocks_custom_css":"","_kad_blocks_head_custom_js":"","_kad_blocks_body_custom_js":"","_kad_blocks_footer_custom_js":"","_kad_post_transparent":"","_kad_post_title":"","_kad_post_layout":"","_kad_post_sidebar_id":"","_kad_post_content_style":"","_kad_post_vertical_padding":"","_kad_post_feature":"","_kad_post_feature_position":"","_kad_post_header":false,"_kad_post_footer":false},"product_brand":[],"product_cat":[151,36],"product_tag":[],"class_list":{"0":"post-1777","1":"product","2":"type-product","3":"status-publish","4":"has-post-thumbnail","6":"product_cat-azja-kluby-reszty-swiata","7":"product_cat-kluby-reszty-swiata","8":"pa_location-filip","9":"pa_rozmiar-xl","10":"pa_sezon-2013-14","12":"first","13":"instock","14":"taxable","15":"shipping-taxable","16":"purchasable","17":"product-type-simple","18":"entry","19":"content-bg","20":"loop-entry"},"taxonomy_info":{"product_cat":[{"value":151,"label":"Azja"},{"value":36,"label":"Kluby Reszty \u015awiata"}],"pa_location":[{"value":18,"label":"FILIP"}],"pa_rozmiar":[{"value":57,"label":"XL"}],"pa_sezon":[{"value":34,"label":"2013\/14"}]},"featured_image_src_large":["https:\/\/fts.you2.pl\/wp-content\/uploads\/2025\/09\/9717-Pahang-FA-201314-Home-XL-1024x1024.jpg",1024,1024,true],"author_info":[],"comment_info":"","_links":{"self":[{"href":"https:\/\/fts.you2.pl\/de\/wp-json\/wp\/v2\/product\/1777","targetHints":{"allow":["GET"]}}],"collection":[{"href":"https:\/\/fts.you2.pl\/de\/wp-json\/wp\/v2\/product"}],"about":[{"href":"https:\/\/fts.you2.pl\/de\/wp-json\/wp\/v2\/types\/product"}],"wp:featuredmedia":[{"embeddable":true,"href":"https:\/\/fts.you2.pl\/de\/wp-json\/wp\/v2\/media\/3736"}],"wp:attachment":[{"href":"https:\/\/fts.you2.pl\/de\/wp-json\/wp\/v2\/media?parent=1777"}],"wp:term":[{"taxonomy":"product_brand","embeddable":true,"href":"https:\/\/fts.you2.pl\/de\/wp-json\/wp\/v2\/product_brand?post=1777"},{"taxonomy":"product_cat","embeddable":true,"href":"https:\/\/fts.you2.pl\/de\/wp-json\/wp\/v2\/product_cat?post=1777"},{"taxonomy":"product_tag","embeddable":true,"href":"https:\/\/fts.you2.pl\/de\/wp-json\/wp\/v2\/product_tag?post=1777"}],"curies":[{"name":"wp","href":"https:\/\/api.w.org\/{rel}","templated":true}]}}