{"id":1778,"date":"2021-10-08T16:10:25","date_gmt":"2021-10-08T14:10:25","guid":{"rendered":"https:\/\/fts.you2.pl\/index.php\/produkt\/parma-ac-1995-96-third-l\/"},"modified":"2025-09-18T12:40:29","modified_gmt":"2025-09-18T10:40:29","slug":"parma-ac-1995-96-third-l","status":"publish","type":"product","link":"https:\/\/fts.you2.pl\/de\/parma-ac-1995-96-third-l\/","title":{"rendered":"Parma AC 1995\/96 Third [L]"},"content":{"rendered":"<p><b>Klub: <\/b>Parma AC<b><\/b><\/p>\n<p><b>Sezon: <\/b>1995\/96 Third<b><\/b><\/p>\n<p><b>Rozmiary: <\/b>L<b><\/b><\/p>\n<p><b>Wymiary (szeroko\u015b\u0107 pod pachami\/ d\u0142ugo\u015b\u0107) w cm:<\/b> 60\/77<b><\/b><\/p>\n<p><b>Stan:\u00a0<\/b>Dobry &#8211; pojedyncze mikro zaci\u0105gni\u0119cia, wyblak\u0142e logo Pumy oraz uszkodzona metka z rozmiarem na karku.<\/p>","protected":false},"excerpt":{"rendered":"<p>Parma AC 1995\/96 Third [L]<\/p>","protected":false},"featured_media":3742,"template":"","meta":{"_kad_blocks_custom_css":"","_kad_blocks_head_custom_js":"","_kad_blocks_body_custom_js":"","_kad_blocks_footer_custom_js":"","_kad_post_transparent":"","_kad_post_title":"","_kad_post_layout":"","_kad_post_sidebar_id":"","_kad_post_content_style":"","_kad_post_vertical_padding":"","_kad_post_feature":"","_kad_post_feature_position":"","_kad_post_header":false,"_kad_post_footer":false},"product_brand":[86],"product_cat":[31,117,152],"product_tag":[],"class_list":{"0":"post-1778","1":"product","2":"type-product","3":"status-publish","4":"has-post-thumbnail","6":"product_brand-puma","7":"product_cat-kluby-europejskie","8":"product_cat-kluby-wloskie","9":"product_cat-pozostale-kluby-wloskie","10":"pa_location-filip","11":"pa_rozmiar-l","12":"pa_sezon-1995-96","14":"first","15":"instock","16":"taxable","17":"shipping-taxable","18":"purchasable","19":"product-type-simple","20":"entry","21":"content-bg","22":"loop-entry"},"taxonomy_info":{"product_brand":[{"value":86,"label":"Puma"}],"product_cat":[{"value":31,"label":"Kluby Europejskie"},{"value":117,"label":"Kluby W\u0142oskie"},{"value":152,"label":"Pozosta\u0142e kluby w\u0142oskie"}],"pa_location":[{"value":18,"label":"FILIP"}],"pa_rozmiar":[{"value":39,"label":"L"}],"pa_sezon":[{"value":66,"label":"1995\/96"}]},"featured_image_src_large":["https:\/\/fts.you2.pl\/wp-content\/uploads\/2025\/09\/9928-Parma-AC-199596-Third-L-1024x1024.jpg",1024,1024,true],"author_info":[],"comment_info":"","_links":{"self":[{"href":"https:\/\/fts.you2.pl\/de\/wp-json\/wp\/v2\/product\/1778","targetHints":{"allow":["GET"]}}],"collection":[{"href":"https:\/\/fts.you2.pl\/de\/wp-json\/wp\/v2\/product"}],"about":[{"href":"https:\/\/fts.you2.pl\/de\/wp-json\/wp\/v2\/types\/product"}],"wp:featuredmedia":[{"embeddable":true,"href":"https:\/\/fts.you2.pl\/de\/wp-json\/wp\/v2\/media\/3742"}],"wp:attachment":[{"href":"https:\/\/fts.you2.pl\/de\/wp-json\/wp\/v2\/media?parent=1778"}],"wp:term":[{"taxonomy":"product_brand","embeddable":true,"href":"https:\/\/fts.you2.pl\/de\/wp-json\/wp\/v2\/product_brand?post=1778"},{"taxonomy":"product_cat","embeddable":true,"href":"https:\/\/fts.you2.pl\/de\/wp-json\/wp\/v2\/product_cat?post=1778"},{"taxonomy":"product_tag","embeddable":true,"href":"https:\/\/fts.you2.pl\/de\/wp-json\/wp\/v2\/product_tag?post=1778"}],"curies":[{"name":"wp","href":"https:\/\/api.w.org\/{rel}","templated":true}]}}