{"id":1791,"date":"2021-10-08T16:11:11","date_gmt":"2021-10-08T14:11:11","guid":{"rendered":"https:\/\/fts.you2.pl\/index.php\/produkt\/spartak-moskwa-2010-11-away-xxl\/"},"modified":"2025-09-18T13:04:16","modified_gmt":"2025-09-18T11:04:16","slug":"spartak-moskwa-2010-11-away-xxl","status":"publish","type":"product","link":"https:\/\/fts.you2.pl\/de\/spartak-moskwa-2010-11-away-xxl\/","title":{"rendered":"Spartak Moskwa 2010\/11 Away [XXL]"},"content":{"rendered":"<p><strong>Klub: <\/strong>Spartak Moskwa<\/p>\n<p><strong>Sezon: <\/strong>2010\/11 Away<\/p>\n<p><strong>Rozmiar: <\/strong>XXL<\/p>\n<p><strong>Wymiary (szeroko\u015b\u0107 pod pachami\/d\u0142ugo\u015b\u0107) w cm: <\/strong>66\/78<\/p>\n<p><strong>Stan:<\/strong> Dobry &#8211; gdzieniegdzie wyst\u0119puj\u0105 zabrudzenia.<\/p>","protected":false},"excerpt":{"rendered":"<p>Spartak Moskwa 2010\/11 Away [XXL]<\/p>","protected":false},"featured_media":3840,"template":"","meta":{"_kad_blocks_custom_css":"","_kad_blocks_head_custom_js":"","_kad_blocks_body_custom_js":"","_kad_blocks_footer_custom_js":"","_kad_post_transparent":"","_kad_post_title":"","_kad_post_layout":"","_kad_post_sidebar_id":"","_kad_post_content_style":"","_kad_post_vertical_padding":"","_kad_post_feature":"","_kad_post_feature_position":"","_kad_post_header":false,"_kad_post_footer":false},"product_brand":[55],"product_cat":[50,31,167],"product_tag":[],"class_list":{"0":"post-1791","1":"product","2":"type-product","3":"status-publish","4":"has-post-thumbnail","6":"product_brand-nike","7":"product_cat-kluby-europejskie-kluby-europejskie","8":"product_cat-kluby-europejskie","9":"product_cat-rosja","10":"pa_location-filip","11":"pa_rozmiar-xxl","12":"pa_sezon-2010-11","14":"first","15":"instock","16":"taxable","17":"shipping-taxable","18":"purchasable","19":"product-type-simple","20":"entry","21":"content-bg","22":"loop-entry"},"taxonomy_info":{"product_brand":[{"value":55,"label":"Nike"}],"product_cat":[{"value":50,"label":"Kluby Europejskie"},{"value":31,"label":"Kluby Europejskie"},{"value":167,"label":"Rosja"}],"pa_location":[{"value":18,"label":"FILIP"}],"pa_rozmiar":[{"value":71,"label":"XXL"}],"pa_sezon":[{"value":168,"label":"2010\/11"}]},"featured_image_src_large":["https:\/\/fts.you2.pl\/wp-content\/uploads\/2025\/09\/9664-Spartak-Moskwa-201011-Away-XXL-1-1024x1024.jpg",1024,1024,true],"author_info":[],"comment_info":"","_links":{"self":[{"href":"https:\/\/fts.you2.pl\/de\/wp-json\/wp\/v2\/product\/1791","targetHints":{"allow":["GET"]}}],"collection":[{"href":"https:\/\/fts.you2.pl\/de\/wp-json\/wp\/v2\/product"}],"about":[{"href":"https:\/\/fts.you2.pl\/de\/wp-json\/wp\/v2\/types\/product"}],"wp:featuredmedia":[{"embeddable":true,"href":"https:\/\/fts.you2.pl\/de\/wp-json\/wp\/v2\/media\/3840"}],"wp:attachment":[{"href":"https:\/\/fts.you2.pl\/de\/wp-json\/wp\/v2\/media?parent=1791"}],"wp:term":[{"taxonomy":"product_brand","embeddable":true,"href":"https:\/\/fts.you2.pl\/de\/wp-json\/wp\/v2\/product_brand?post=1791"},{"taxonomy":"product_cat","embeddable":true,"href":"https:\/\/fts.you2.pl\/de\/wp-json\/wp\/v2\/product_cat?post=1791"},{"taxonomy":"product_tag","embeddable":true,"href":"https:\/\/fts.you2.pl\/de\/wp-json\/wp\/v2\/product_tag?post=1791"}],"curies":[{"name":"wp","href":"https:\/\/api.w.org\/{rel}","templated":true}]}}