{"id":1799,"date":"2021-10-08T16:11:25","date_gmt":"2021-10-08T14:11:25","guid":{"rendered":"https:\/\/fts.you2.pl\/index.php\/produkt\/szwajcaria-2008-10-home-xl\/"},"modified":"2025-09-18T13:18:25","modified_gmt":"2025-09-18T11:18:25","slug":"szwajcaria-2008-10-home-xl","status":"publish","type":"product","link":"https:\/\/fts.you2.pl\/de\/szwajcaria-2008-10-home-xl\/","title":{"rendered":"Szwajcaria 2008\/10 Home [XL]"},"content":{"rendered":"<p><strong>Klub: <\/strong>Szwajcaria<\/p>\n<p><strong>Sezon: <\/strong>2008\/10 Home<\/p>\n<p><strong>Rozmiar: <\/strong>XL<\/p>\n<p><strong>Wymiary (szeroko\u015b\u0107 pod pachami\/d\u0142ugo\u015b\u0107):\u00a0<\/strong>58\/77<\/p>\n<p><strong>Stan:<\/strong> Doskona\u0142y<\/p>","protected":false},"excerpt":{"rendered":"<p>Szwajcaria 2008\/10 Home [XL]<\/p>","protected":false},"featured_media":3900,"template":"","meta":{"_kad_blocks_custom_css":"","_kad_blocks_head_custom_js":"","_kad_blocks_body_custom_js":"","_kad_blocks_footer_custom_js":"","_kad_post_transparent":"","_kad_post_title":"","_kad_post_layout":"","_kad_post_sidebar_id":"","_kad_post_content_style":"","_kad_post_vertical_padding":"","_kad_post_feature":"","_kad_post_feature_position":"","_kad_post_header":false,"_kad_post_footer":false},"product_brand":[86],"product_cat":[23,114,22],"product_tag":[],"class_list":{"0":"post-1799","1":"product","2":"type-product","3":"status-publish","4":"has-post-thumbnail","6":"product_brand-puma","7":"product_cat-europa","8":"product_cat-pozostale","9":"product_cat-reprezentacje","10":"pa_location-filip","11":"pa_rozmiar-xl","12":"pa_sezon-2008-10","14":"first","15":"instock","16":"taxable","17":"shipping-taxable","18":"purchasable","19":"product-type-simple","20":"entry","21":"content-bg","22":"loop-entry"},"taxonomy_info":{"product_brand":[{"value":86,"label":"Puma"}],"product_cat":[{"value":23,"label":"Europa"},{"value":114,"label":"Pozosta\u0142e"},{"value":22,"label":"REPREZENTACJE"}],"pa_location":[{"value":18,"label":"FILIP"}],"pa_rozmiar":[{"value":57,"label":"XL"}],"pa_sezon":[{"value":44,"label":"2008\/10"}]},"featured_image_src_large":["https:\/\/fts.you2.pl\/wp-content\/uploads\/2025\/09\/12139-Szwajcaria-200810-Home-XL-1024x1024.jpg",1024,1024,true],"author_info":[],"comment_info":"","_links":{"self":[{"href":"https:\/\/fts.you2.pl\/de\/wp-json\/wp\/v2\/product\/1799","targetHints":{"allow":["GET"]}}],"collection":[{"href":"https:\/\/fts.you2.pl\/de\/wp-json\/wp\/v2\/product"}],"about":[{"href":"https:\/\/fts.you2.pl\/de\/wp-json\/wp\/v2\/types\/product"}],"wp:featuredmedia":[{"embeddable":true,"href":"https:\/\/fts.you2.pl\/de\/wp-json\/wp\/v2\/media\/3900"}],"wp:attachment":[{"href":"https:\/\/fts.you2.pl\/de\/wp-json\/wp\/v2\/media?parent=1799"}],"wp:term":[{"taxonomy":"product_brand","embeddable":true,"href":"https:\/\/fts.you2.pl\/de\/wp-json\/wp\/v2\/product_brand?post=1799"},{"taxonomy":"product_cat","embeddable":true,"href":"https:\/\/fts.you2.pl\/de\/wp-json\/wp\/v2\/product_cat?post=1799"},{"taxonomy":"product_tag","embeddable":true,"href":"https:\/\/fts.you2.pl\/de\/wp-json\/wp\/v2\/product_tag?post=1799"}],"curies":[{"name":"wp","href":"https:\/\/api.w.org\/{rel}","templated":true}]}}