{"id":1801,"date":"2021-10-08T16:11:30","date_gmt":"2021-10-08T14:11:30","guid":{"rendered":"https:\/\/fts.you2.pl\/index.php\/produkt\/koszulka-sedziowska-the-referees-association-90-s-l\/"},"modified":"2025-09-18T13:21:50","modified_gmt":"2025-09-18T11:21:50","slug":"koszulka-sedziowska-the-referees-association-90-s-l","status":"publish","type":"product","link":"https:\/\/fts.you2.pl\/de\/koszulka-sedziowska-the-referees-association-90-s-l\/","title":{"rendered":"Koszulka s\u0119dziowska The Referees Association 90&#8217;s [L]"},"content":{"rendered":"<p><strong>Klub: <\/strong>The Referees Association<\/p>\n<p><strong>Sezon: <\/strong>90&#8217;S<\/p>\n<p><strong>Rozmiar: <\/strong>L<\/p>\n<p><strong>Wymiary (szeroko\u015b\u0107 pod pachami\/d\u0142ugo\u015b\u0107) w cm:\u00a0<\/strong>52\/69<\/p>\n<p><strong>Dodatkowe informacje:<\/strong> Koszulka s\u0119dziowska z lig angielskich pochodz\u0105ca z lat 90tych.<\/p>","protected":false},"excerpt":{"rendered":"<p>Koszulka s\u0119dziowska The Referees Association 90&#8217;s [L]<\/p>","protected":false},"featured_media":3911,"template":"","meta":{"_kad_blocks_custom_css":"","_kad_blocks_head_custom_js":"","_kad_blocks_body_custom_js":"","_kad_blocks_footer_custom_js":"","_kad_post_transparent":"","_kad_post_title":"","_kad_post_layout":"","_kad_post_sidebar_id":"","_kad_post_content_style":"","_kad_post_vertical_padding":"","_kad_post_feature":"","_kad_post_feature_position":"","_kad_post_header":false,"_kad_post_footer":false},"product_brand":[21],"product_cat":[25,176],"product_tag":[],"class_list":{"0":"post-1801","1":"product","2":"type-product","3":"status-publish","4":"has-post-thumbnail","6":"product_brand-umbro","7":"product_cat-inne","8":"product_cat-koszulki-sedziowskie","9":"pa_location-filip","10":"pa_rozmiar-l","11":"pa_sezon-90s","13":"first","14":"instock","15":"taxable","16":"shipping-taxable","17":"purchasable","18":"product-type-simple","19":"entry","20":"content-bg","21":"loop-entry"},"taxonomy_info":{"product_brand":[{"value":21,"label":"Umbro"}],"product_cat":[{"value":25,"label":"Inne"},{"value":176,"label":"Koszulki s\u0119dziowskie"}],"pa_location":[{"value":18,"label":"FILIP"}],"pa_rozmiar":[{"value":39,"label":"L"}],"pa_sezon":[{"value":102,"label":"90's"}]},"featured_image_src_large":["https:\/\/fts.you2.pl\/wp-content\/uploads\/2025\/09\/13723-Koszulka-sedziowska-The-Referees-Association-90s-L-1024x1024.jpg",1024,1024,true],"author_info":[],"comment_info":"","_links":{"self":[{"href":"https:\/\/fts.you2.pl\/de\/wp-json\/wp\/v2\/product\/1801","targetHints":{"allow":["GET"]}}],"collection":[{"href":"https:\/\/fts.you2.pl\/de\/wp-json\/wp\/v2\/product"}],"about":[{"href":"https:\/\/fts.you2.pl\/de\/wp-json\/wp\/v2\/types\/product"}],"wp:featuredmedia":[{"embeddable":true,"href":"https:\/\/fts.you2.pl\/de\/wp-json\/wp\/v2\/media\/3911"}],"wp:attachment":[{"href":"https:\/\/fts.you2.pl\/de\/wp-json\/wp\/v2\/media?parent=1801"}],"wp:term":[{"taxonomy":"product_brand","embeddable":true,"href":"https:\/\/fts.you2.pl\/de\/wp-json\/wp\/v2\/product_brand?post=1801"},{"taxonomy":"product_cat","embeddable":true,"href":"https:\/\/fts.you2.pl\/de\/wp-json\/wp\/v2\/product_cat?post=1801"},{"taxonomy":"product_tag","embeddable":true,"href":"https:\/\/fts.you2.pl\/de\/wp-json\/wp\/v2\/product_tag?post=1801"}],"curies":[{"name":"wp","href":"https:\/\/api.w.org\/{rel}","templated":true}]}}