{"id":1808,"date":"2021-10-08T16:12:03","date_gmt":"2021-10-08T14:12:03","guid":{"rendered":"https:\/\/fts.you2.pl\/index.php\/produkt\/koszulka-do-pilki-recznej-winterthur-1994-95-9-m-l\/"},"modified":"2025-09-18T13:34:41","modified_gmt":"2025-09-18T11:34:41","slug":"koszulka-do-pilki-recznej-winterthur-1994-95-9-m-l","status":"publish","type":"product","link":"https:\/\/fts.you2.pl\/de\/koszulka-do-pilki-recznej-winterthur-1994-95-9-m-l\/","title":{"rendered":"PI\u0141KA R\u0118CZNA Pfadi Winterthur 1994\/95 9 [M\/L]"},"content":{"rendered":"<p><strong>Klub: <\/strong>Pfadi Winterthur<\/p>\n<p><strong>Sezon: <\/strong>1994\/95<\/p>\n<p><strong>Rozmiar: <\/strong>M\/L<\/p>\n<p><strong>Stan:<\/strong> Zadowalaj\u0105cy &#8211; pojedyncze zaci\u0105gni\u0119cia, delikatne p\u0119kni\u0119cia na numerze na plecach, podniszczony herb klubu.<\/p>\n<p><strong>Wymiary (szeroko\u015b\u0107 pod pachami\/d\u0142ugo\u015b\u0107) w cm:\u00a0<\/strong>54\/70<\/p>\n<p><strong>Dodatkowe informacje:<\/strong> Koszulka szwajcarskiego klubu Pfadi Winterthur z sezonu 1994\/95. By\u0142 to sezon zako\u0144czony mistrzostwem kraju, jednym z dziewi\u0119ciu w historii klubu. Identycznego wzoru koszulek u\u017cywa\u0142a wtedy Borussia Dortmund! Koszulka prawdopodobnie jest meczowa.<\/p>","protected":false},"excerpt":{"rendered":"<p>PI\u0141KA R\u0118CZNA Pfadi Winterthur 1994\/95 9 [M\/L]<\/p>","protected":false},"featured_media":3954,"template":"","meta":{"_kad_blocks_custom_css":"","_kad_blocks_head_custom_js":"","_kad_blocks_body_custom_js":"","_kad_blocks_footer_custom_js":"","_kad_post_transparent":"","_kad_post_title":"","_kad_post_layout":"","_kad_post_sidebar_id":"","_kad_post_content_style":"","_kad_post_vertical_padding":"","_kad_post_feature":"","_kad_post_feature_position":"","_kad_post_header":false,"_kad_post_footer":false},"product_brand":[55],"product_cat":[25,110,188],"product_tag":[],"class_list":{"0":"post-1808","1":"product","2":"type-product","3":"status-publish","4":"has-post-thumbnail","6":"product_brand-nike","7":"product_cat-inne","8":"product_cat-inne-sporty","9":"product_cat-pilka-reczna","10":"pa_location-filip","11":"pa_numer-166","12":"pa_rozmiar-l","13":"pa_rozmiar-m","14":"pa_sezon-1994-95","16":"first","17":"instock","18":"taxable","19":"shipping-taxable","20":"purchasable","21":"product-type-simple","22":"entry","23":"content-bg","24":"loop-entry"},"taxonomy_info":{"product_brand":[{"value":55,"label":"Nike"}],"product_cat":[{"value":25,"label":"Inne"},{"value":110,"label":"Inne sporty"},{"value":188,"label":"Pi\u0142ka R\u0119czna"}],"pa_location":[{"value":18,"label":"FILIP"}],"pa_numer":[{"value":166,"label":"9"}],"pa_rozmiar":[{"value":39,"label":"L"},{"value":28,"label":"M"}],"pa_sezon":[{"value":162,"label":"1994\/95"}]},"featured_image_src_large":["https:\/\/fts.you2.pl\/wp-content\/uploads\/2025\/09\/16687-Koszulka-do-pilki-recznej-Pfadi-Winterthur-199495-9-ML-1-1024x1024.jpg",1024,1024,true],"author_info":[],"comment_info":"","_links":{"self":[{"href":"https:\/\/fts.you2.pl\/de\/wp-json\/wp\/v2\/product\/1808","targetHints":{"allow":["GET"]}}],"collection":[{"href":"https:\/\/fts.you2.pl\/de\/wp-json\/wp\/v2\/product"}],"about":[{"href":"https:\/\/fts.you2.pl\/de\/wp-json\/wp\/v2\/types\/product"}],"wp:featuredmedia":[{"embeddable":true,"href":"https:\/\/fts.you2.pl\/de\/wp-json\/wp\/v2\/media\/3954"}],"wp:attachment":[{"href":"https:\/\/fts.you2.pl\/de\/wp-json\/wp\/v2\/media?parent=1808"}],"wp:term":[{"taxonomy":"product_brand","embeddable":true,"href":"https:\/\/fts.you2.pl\/de\/wp-json\/wp\/v2\/product_brand?post=1808"},{"taxonomy":"product_cat","embeddable":true,"href":"https:\/\/fts.you2.pl\/de\/wp-json\/wp\/v2\/product_cat?post=1808"},{"taxonomy":"product_tag","embeddable":true,"href":"https:\/\/fts.you2.pl\/de\/wp-json\/wp\/v2\/product_tag?post=1808"}],"curies":[{"name":"wp","href":"https:\/\/api.w.org\/{rel}","templated":true}]}}