{"id":1809,"date":"2021-10-08T16:12:07","date_gmt":"2021-10-08T14:12:07","guid":{"rendered":"https:\/\/fts.you2.pl\/index.php\/produkt\/wlochy-1986-89-home-12-xl\/"},"modified":"2025-09-18T13:36:34","modified_gmt":"2025-09-18T11:36:34","slug":"wlochy-1986-89-home-12-xl","status":"publish","type":"product","link":"https:\/\/fts.you2.pl\/de\/wlochy-1986-89-home-12-xl\/","title":{"rendered":"W\u0142ochy 1986\/89 Home 12 [XL]"},"content":{"rendered":"<p><strong>Klub: <\/strong>W\u0142ochy<\/p>\n<p><strong>Sezon: <\/strong>1986\/89 Home<\/p>\n<p><strong>Rozmiar: <\/strong>XL<\/p>\n<p><strong>Wymiary (szeroko\u015b\u0107 pod pachami\/d\u0142ugo\u015b\u0107) w cm:\u00a0<\/strong>52\/69<\/p>\n<p><strong>Stan:<\/strong> Bardzo dobry<\/p>\n<p><strong>Dodatkowe informacje:<\/strong> Z numerem 12 wyst\u0119powa\u0142 wtedy Stefano Tacconi, czyli bramkarz, a nie zawodnik z pola. Jest to wersja turniejowa koszulki, w kt\u00f3rej nie jest widoczne logo producenta.<\/p>","protected":false},"excerpt":{"rendered":"<p>W\u0142ochy 1986\/89 Home 12 [XL]<\/p>","protected":false},"featured_media":3964,"template":"","meta":{"_kad_blocks_custom_css":"","_kad_blocks_head_custom_js":"","_kad_blocks_body_custom_js":"","_kad_blocks_footer_custom_js":"","_kad_post_transparent":"","_kad_post_title":"","_kad_post_layout":"","_kad_post_sidebar_id":"","_kad_post_content_style":"","_kad_post_vertical_padding":"","_kad_post_feature":"","_kad_post_feature_position":"","_kad_post_header":false,"_kad_post_footer":false},"product_brand":[59],"product_cat":[23,22,190],"product_tag":[],"class_list":{"0":"post-1809","1":"product","2":"type-product","3":"status-publish","4":"has-post-thumbnail","6":"product_brand-diadora","7":"product_cat-europa","8":"product_cat-reprezentacje","9":"product_cat-wlochy","10":"pa_location-filip","11":"pa_numer-155","12":"pa_rozmiar-xl","13":"pa_sezon-1986-89","15":"first","16":"instock","17":"taxable","18":"shipping-taxable","19":"purchasable","20":"product-type-simple","21":"entry","22":"content-bg","23":"loop-entry"},"taxonomy_info":{"product_brand":[{"value":59,"label":"Diadora"}],"product_cat":[{"value":23,"label":"Europa"},{"value":22,"label":"REPREZENTACJE"},{"value":190,"label":"W\u0142ochy"}],"pa_location":[{"value":18,"label":"FILIP"}],"pa_numer":[{"value":155,"label":"12"}],"pa_rozmiar":[{"value":57,"label":"XL"}],"pa_sezon":[{"value":189,"label":"1986\/89"}]},"featured_image_src_large":["https:\/\/fts.you2.pl\/wp-content\/uploads\/2025\/09\/13823-Wlochy-198689-Home-12-XL-1-1024x1024.jpg",1024,1024,true],"author_info":[],"comment_info":"","_links":{"self":[{"href":"https:\/\/fts.you2.pl\/de\/wp-json\/wp\/v2\/product\/1809","targetHints":{"allow":["GET"]}}],"collection":[{"href":"https:\/\/fts.you2.pl\/de\/wp-json\/wp\/v2\/product"}],"about":[{"href":"https:\/\/fts.you2.pl\/de\/wp-json\/wp\/v2\/types\/product"}],"wp:featuredmedia":[{"embeddable":true,"href":"https:\/\/fts.you2.pl\/de\/wp-json\/wp\/v2\/media\/3964"}],"wp:attachment":[{"href":"https:\/\/fts.you2.pl\/de\/wp-json\/wp\/v2\/media?parent=1809"}],"wp:term":[{"taxonomy":"product_brand","embeddable":true,"href":"https:\/\/fts.you2.pl\/de\/wp-json\/wp\/v2\/product_brand?post=1809"},{"taxonomy":"product_cat","embeddable":true,"href":"https:\/\/fts.you2.pl\/de\/wp-json\/wp\/v2\/product_cat?post=1809"},{"taxonomy":"product_tag","embeddable":true,"href":"https:\/\/fts.you2.pl\/de\/wp-json\/wp\/v2\/product_tag?post=1809"}],"curies":[{"name":"wp","href":"https:\/\/api.w.org\/{rel}","templated":true}]}}