{"id":1820,"date":"2022-03-08T11:45:30","date_gmt":"2022-03-08T10:45:30","guid":{"rendered":"https:\/\/fts.you2.pl\/index.php\/produkt\/liverpool-fc-2016-17-home-16-grujic-xl\/"},"modified":"2025-09-18T13:56:08","modified_gmt":"2025-09-18T11:56:08","slug":"liverpool-fc-2016-17-home-16-grujic-xl","status":"publish","type":"product","link":"https:\/\/fts.you2.pl\/de\/liverpool-fc-2016-17-home-16-grujic-xl\/","title":{"rendered":"Liverpool FC 2016\/17 Home 16 Gruji\u0107 [XL]"},"content":{"rendered":"<p><strong>Klub: <\/strong>Liverpool FC<\/p>\n<p><strong>Zawodnik: <\/strong>16 Gruji\u0107<\/p>\n<p><strong>Sezon: <\/strong>2016\/17 Home<\/p>\n<p><strong>Rozmiar: <\/strong>XL<\/p>\n<p><strong>Stan: <\/strong>Doskona\u0142y<\/p>\n<p><strong>Wymiary (szeroko\u015b\u0107 pod pachami\/d\u0142ugo\u015b\u0107) w cm:\u00a0<\/strong>56\/71(prz\u00f3d), 77(ty\u0142)<\/p>","protected":false},"excerpt":{"rendered":"<p>Liverpool FC 2016\/17 Home 16 Gruji\u0107 [XL]<\/p>","protected":false},"featured_media":4055,"template":"","meta":{"_kad_blocks_custom_css":"","_kad_blocks_head_custom_js":"","_kad_blocks_body_custom_js":"","_kad_blocks_footer_custom_js":"","_kad_post_transparent":"","_kad_post_title":"","_kad_post_layout":"","_kad_post_sidebar_id":"","_kad_post_content_style":"","_kad_post_vertical_padding":"","_kad_post_feature":"","_kad_post_feature_position":"","_kad_post_header":false,"_kad_post_footer":false},"product_brand":[204],"product_cat":[32,31,125],"product_tag":[],"class_list":{"0":"post-1820","1":"product","2":"type-product","3":"status-publish","4":"has-post-thumbnail","6":"product_brand-new-balance","7":"product_cat-kluby-angielskie","8":"product_cat-kluby-europejskie","9":"product_cat-liverpool-fc","10":"pa_location-filip","11":"pa_napis-grujic","12":"pa_numer-203","13":"pa_rozmiar-xl","14":"pa_sezon-2016-17","16":"first","17":"instock","18":"taxable","19":"shipping-taxable","20":"purchasable","21":"product-type-simple","22":"entry","23":"content-bg","24":"loop-entry"},"taxonomy_info":{"product_brand":[{"value":204,"label":"New Balance"}],"product_cat":[{"value":32,"label":"Kluby Angielskie"},{"value":31,"label":"Kluby Europejskie"},{"value":125,"label":"Liverpool FC"}],"pa_location":[{"value":18,"label":"FILIP"}],"pa_napis":[{"value":202,"label":"Gruji\u0107"}],"pa_numer":[{"value":203,"label":"16"}],"pa_rozmiar":[{"value":57,"label":"XL"}],"pa_sezon":[{"value":200,"label":"2016\/17"}]},"featured_image_src_large":["https:\/\/fts.you2.pl\/wp-content\/uploads\/2025\/09\/10223-Liverpool-FC-201617-Home-16-Grujic-XL-1024x1024.jpg",1024,1024,true],"author_info":[],"comment_info":"","_links":{"self":[{"href":"https:\/\/fts.you2.pl\/de\/wp-json\/wp\/v2\/product\/1820","targetHints":{"allow":["GET"]}}],"collection":[{"href":"https:\/\/fts.you2.pl\/de\/wp-json\/wp\/v2\/product"}],"about":[{"href":"https:\/\/fts.you2.pl\/de\/wp-json\/wp\/v2\/types\/product"}],"wp:featuredmedia":[{"embeddable":true,"href":"https:\/\/fts.you2.pl\/de\/wp-json\/wp\/v2\/media\/4055"}],"wp:attachment":[{"href":"https:\/\/fts.you2.pl\/de\/wp-json\/wp\/v2\/media?parent=1820"}],"wp:term":[{"taxonomy":"product_brand","embeddable":true,"href":"https:\/\/fts.you2.pl\/de\/wp-json\/wp\/v2\/product_brand?post=1820"},{"taxonomy":"product_cat","embeddable":true,"href":"https:\/\/fts.you2.pl\/de\/wp-json\/wp\/v2\/product_cat?post=1820"},{"taxonomy":"product_tag","embeddable":true,"href":"https:\/\/fts.you2.pl\/de\/wp-json\/wp\/v2\/product_tag?post=1820"}],"curies":[{"name":"wp","href":"https:\/\/api.w.org\/{rel}","templated":true}]}}