{"id":1833,"date":"2022-04-30T10:22:45","date_gmt":"2022-04-30T08:22:45","guid":{"rendered":"https:\/\/fts.you2.pl\/index.php\/produkt\/match-issue-red-bull-lipsk-2017-18-home-7-sabitzer-m\/"},"modified":"2025-09-18T14:19:34","modified_gmt":"2025-09-18T12:19:34","slug":"match-issue-red-bull-lipsk-2017-18-home-7-sabitzer-m","status":"publish","type":"product","link":"https:\/\/fts.you2.pl\/de\/match-issue-red-bull-lipsk-2017-18-home-7-sabitzer-m\/","title":{"rendered":"MATCH WORN\/PREPARED Red Bull Lipsk 2017\/18 Home 7 Sabitzer [M]"},"content":{"rendered":"<p><strong>Klub: <\/strong>Red Bull Lipsk<\/p>\n<p><strong>Zawodnik: <\/strong>7 Sabitzer<\/p>\n<p><strong>Sezon: <\/strong>2017\/18 Home<\/p>\n<p><strong>Rozmiar: <\/strong>M<\/p>\n<p><strong>Wymiary (szeroko\u015b\u0107 pod pachami\/d\u0142ugo\u015b\u0107) w cm:\u00a0<\/strong>47\/71<\/p>\n<p><strong>Stan:<\/strong> Bardzo dobry &#8211; delikatnie odklejaj\u0105ca si\u0119 literka z napisu na plecach i wystaj\u0105ca nitka na jednym z r\u0119kawk\u00f3w.<\/p>\n<p><strong>Dodatkowe informacje:<\/strong> Koszulka meczowa Marcela Sabitzera z rozgrywek Ligi Europy, trykot ten m\u00f3g\u0142 by\u0107 wykorzystany przez Austriaka w meczu b\u0105d\u017a by\u0142 dla niego przygotowany. Wersj\u0119 najwy\u017csz\u0105 wyr\u00f3\u017cniaj\u0105 chocia\u017cby prasowana metka oraz &#8222;siateczka&#8221; na plecach.<\/p>","protected":false},"excerpt":{"rendered":"<p>MATCH WORN\/PREPARED Red Bull Lipsk 2017\/18 Home 7 Sabitzer [M]<\/p>","protected":false},"featured_media":4155,"template":"","meta":{"_kad_blocks_custom_css":"","_kad_blocks_head_custom_js":"","_kad_blocks_body_custom_js":"","_kad_blocks_footer_custom_js":"","_kad_post_transparent":"","_kad_post_title":"","_kad_post_layout":"","_kad_post_sidebar_id":"","_kad_post_content_style":"","_kad_post_vertical_padding":"","_kad_post_feature":"","_kad_post_feature_position":"","_kad_post_header":false,"_kad_post_footer":false},"product_brand":[55],"product_cat":[31,46,173,174],"product_tag":[],"class_list":{"0":"post-1833","1":"product","2":"type-product","3":"status-publish","4":"has-post-thumbnail","6":"product_brand-nike","7":"product_cat-kluby-europejskie","8":"product_cat-kluby-niemieckie","9":"product_cat-match-worn-issue","10":"product_cat-pozostale-kluby-niemieckie","11":"pa_location-filip","12":"pa_napis-sabitzer","13":"pa_numer-43","14":"pa_rozmiar-m","15":"pa_sezon-2017-18","17":"first","18":"instock","19":"taxable","20":"shipping-taxable","21":"purchasable","22":"product-type-simple","23":"entry","24":"content-bg","25":"loop-entry"},"taxonomy_info":{"product_brand":[{"value":55,"label":"Nike"}],"product_cat":[{"value":31,"label":"Kluby Europejskie"},{"value":46,"label":"Kluby Niemieckie"},{"value":173,"label":"MATCH WORN &amp; ISSUE"},{"value":174,"label":"Pozosta\u0142e kluby niemieckie"}],"pa_location":[{"value":18,"label":"FILIP"}],"pa_napis":[{"value":212,"label":"Sabitzer"}],"pa_numer":[{"value":43,"label":"7"}],"pa_rozmiar":[{"value":28,"label":"M"}],"pa_sezon":[{"value":70,"label":"2017\/18"}]},"featured_image_src_large":["https:\/\/fts.you2.pl\/wp-content\/uploads\/2025\/09\/12059-MATCH-WORNPREPARED-Red-Bull-Lipsk-201718-Home-7-Sabitzer-M-1024x1024.jpg",1024,1024,true],"author_info":[],"comment_info":"","_links":{"self":[{"href":"https:\/\/fts.you2.pl\/de\/wp-json\/wp\/v2\/product\/1833","targetHints":{"allow":["GET"]}}],"collection":[{"href":"https:\/\/fts.you2.pl\/de\/wp-json\/wp\/v2\/product"}],"about":[{"href":"https:\/\/fts.you2.pl\/de\/wp-json\/wp\/v2\/types\/product"}],"wp:featuredmedia":[{"embeddable":true,"href":"https:\/\/fts.you2.pl\/de\/wp-json\/wp\/v2\/media\/4155"}],"wp:attachment":[{"href":"https:\/\/fts.you2.pl\/de\/wp-json\/wp\/v2\/media?parent=1833"}],"wp:term":[{"taxonomy":"product_brand","embeddable":true,"href":"https:\/\/fts.you2.pl\/de\/wp-json\/wp\/v2\/product_brand?post=1833"},{"taxonomy":"product_cat","embeddable":true,"href":"https:\/\/fts.you2.pl\/de\/wp-json\/wp\/v2\/product_cat?post=1833"},{"taxonomy":"product_tag","embeddable":true,"href":"https:\/\/fts.you2.pl\/de\/wp-json\/wp\/v2\/product_tag?post=1833"}],"curies":[{"name":"wp","href":"https:\/\/api.w.org\/{rel}","templated":true}]}}