{"id":1836,"date":"2022-04-30T10:22:50","date_gmt":"2022-04-30T08:22:50","guid":{"rendered":"https:\/\/fts.you2.pl\/index.php\/produkt\/crystal-palace-2011-12-away-10-garvan-m\/"},"modified":"2025-09-18T14:25:03","modified_gmt":"2025-09-18T12:25:03","slug":"crystal-palace-2011-12-away-10-garvan-m","status":"publish","type":"product","link":"https:\/\/fts.you2.pl\/de\/crystal-palace-2011-12-away-10-garvan-m\/","title":{"rendered":"Crystal Palace 2011\/12 Away 10 Garvan [M]"},"content":{"rendered":"<p><strong>Klub: <\/strong>Crystal Palace<\/p>\n<p><strong>Zawodnik: <\/strong>10 Garvan<\/p>\n<p><strong>Sezon: <\/strong>2011\/12 Away<\/p>\n<p><strong>Rozmiar: <\/strong>M<\/p>\n<p><strong>Wymiary (szeroko\u015b\u0107 pod pachami\/d\u0142ugo\u015b\u0107):\u00a0<\/strong>51\/70<\/p>\n<p><strong>Stan:<\/strong> Dobry &#8211; koszulka ma przetarte patche ligowe na r\u0119kawkach i delikatnie p\u0119kaj\u0105cy nadruk sponsora.<\/p>","protected":false},"excerpt":{"rendered":"<p>Crystal Palace 2011\/12 Away 10 Garvan [M]<\/p>","protected":false},"featured_media":4183,"template":"","meta":{"_kad_blocks_custom_css":"","_kad_blocks_head_custom_js":"","_kad_blocks_body_custom_js":"","_kad_blocks_footer_custom_js":"","_kad_post_transparent":"","_kad_post_title":"","_kad_post_layout":"","_kad_post_sidebar_id":"","_kad_post_content_style":"","_kad_post_vertical_padding":"","_kad_post_feature":"","_kad_post_feature_position":"","_kad_post_header":false,"_kad_post_footer":false},"product_brand":[55],"product_cat":[32,31,33],"product_tag":[],"class_list":{"0":"post-1836","1":"product","2":"type-product","3":"status-publish","4":"has-post-thumbnail","6":"product_brand-nike","7":"product_cat-kluby-angielskie","8":"product_cat-kluby-europejskie","9":"product_cat-pozostale-kluby-angielskie","10":"pa_location-filip","11":"pa_napis-garvan","12":"pa_numer-63","13":"pa_rozmiar-m","14":"pa_sezon-2011-12","16":"first","17":"instock","18":"taxable","19":"shipping-taxable","20":"purchasable","21":"product-type-simple","22":"entry","23":"content-bg","24":"loop-entry"},"taxonomy_info":{"product_brand":[{"value":55,"label":"Nike"}],"product_cat":[{"value":32,"label":"Kluby Angielskie"},{"value":31,"label":"Kluby Europejskie"},{"value":33,"label":"Pozosta\u0142e kluby angielskie"}],"pa_location":[{"value":18,"label":"FILIP"}],"pa_napis":[{"value":217,"label":"Garvan"}],"pa_numer":[{"value":63,"label":"10"}],"pa_rozmiar":[{"value":28,"label":"M"}],"pa_sezon":[{"value":68,"label":"2011\/12"}]},"featured_image_src_large":["https:\/\/fts.you2.pl\/wp-content\/uploads\/2025\/09\/11956-Crystal-Palace-201112-Away-10-Garvan-M-1024x1024.jpg",1024,1024,true],"author_info":[],"comment_info":"","_links":{"self":[{"href":"https:\/\/fts.you2.pl\/de\/wp-json\/wp\/v2\/product\/1836","targetHints":{"allow":["GET"]}}],"collection":[{"href":"https:\/\/fts.you2.pl\/de\/wp-json\/wp\/v2\/product"}],"about":[{"href":"https:\/\/fts.you2.pl\/de\/wp-json\/wp\/v2\/types\/product"}],"wp:featuredmedia":[{"embeddable":true,"href":"https:\/\/fts.you2.pl\/de\/wp-json\/wp\/v2\/media\/4183"}],"wp:attachment":[{"href":"https:\/\/fts.you2.pl\/de\/wp-json\/wp\/v2\/media?parent=1836"}],"wp:term":[{"taxonomy":"product_brand","embeddable":true,"href":"https:\/\/fts.you2.pl\/de\/wp-json\/wp\/v2\/product_brand?post=1836"},{"taxonomy":"product_cat","embeddable":true,"href":"https:\/\/fts.you2.pl\/de\/wp-json\/wp\/v2\/product_cat?post=1836"},{"taxonomy":"product_tag","embeddable":true,"href":"https:\/\/fts.you2.pl\/de\/wp-json\/wp\/v2\/product_tag?post=1836"}],"curies":[{"name":"wp","href":"https:\/\/api.w.org\/{rel}","templated":true}]}}