{"id":1841,"date":"2022-05-10T15:18:29","date_gmt":"2022-05-10T13:18:29","guid":{"rendered":"https:\/\/fts.you2.pl\/index.php\/produkt\/genclerbirligi-2006-07-home-11-nicoise-l\/"},"modified":"2025-09-18T14:33:56","modified_gmt":"2025-09-18T12:33:56","slug":"genclerbirligi-2006-07-home-11-nicoise-l","status":"publish","type":"product","link":"https:\/\/fts.you2.pl\/de\/genclerbirligi-2006-07-home-11-nicoise-l\/","title":{"rendered":"Genclerbirligi 2006\/07 Home 11 Nicoise [L]"},"content":{"rendered":"<p><strong>Klub: <\/strong>Genclerbirligi<\/p>\n<p><strong>Zawodnik: <\/strong>11 Nicoise<\/p>\n<p><strong>Sezon: <\/strong>2006\/07 Home<\/p>\n<p><strong>Rozmiar: <\/strong>L<\/p>\n<p><strong>Wymiary (szeroko\u015b\u0107 pod pachami\/d\u0142ugo\u015b\u0107) w cm:\u00a0<\/strong>56\/76<\/p>\n<p><strong>Stan:<\/strong> Bardzo dobry<\/p>","protected":false},"excerpt":{"rendered":"<p>Genclerbirligi 2006\/07 Home 11 Nicoise [L]<\/p>","protected":false},"featured_media":4217,"template":"","meta":{"_kad_blocks_custom_css":"","_kad_blocks_head_custom_js":"","_kad_blocks_body_custom_js":"","_kad_blocks_footer_custom_js":"","_kad_post_transparent":"","_kad_post_title":"","_kad_post_layout":"","_kad_post_sidebar_id":"","_kad_post_content_style":"","_kad_post_vertical_padding":"","_kad_post_feature":"","_kad_post_feature_position":"","_kad_post_header":false,"_kad_post_footer":false},"product_brand":[69],"product_cat":[31,50,51],"product_tag":[],"class_list":{"0":"post-1841","1":"product","2":"type-product","3":"status-publish","4":"has-post-thumbnail","6":"product_brand-lotto","7":"product_cat-kluby-europejskie","8":"product_cat-kluby-europejskie-kluby-europejskie","9":"product_cat-turcja","10":"pa_location-filip","11":"pa_napis-nicoise","12":"pa_numer-148","13":"pa_rozmiar-l","14":"pa_sezon-2006-07","16":"first","17":"instock","18":"taxable","19":"shipping-taxable","20":"purchasable","21":"product-type-simple","22":"entry","23":"content-bg","24":"loop-entry"},"taxonomy_info":{"product_brand":[{"value":69,"label":"Lotto"}],"product_cat":[{"value":31,"label":"Kluby Europejskie"},{"value":50,"label":"Kluby Europejskie"},{"value":51,"label":"Turcja"}],"pa_location":[{"value":18,"label":"FILIP"}],"pa_napis":[{"value":222,"label":"Nicoise"}],"pa_numer":[{"value":148,"label":"11"}],"pa_rozmiar":[{"value":39,"label":"L"}],"pa_sezon":[{"value":40,"label":"2006\/07"}]},"featured_image_src_large":["https:\/\/fts.you2.pl\/wp-content\/uploads\/2025\/09\/12347-Genclerbirligi-200607-Home-11-Nicoise-L-1024x1024.jpg",1024,1024,true],"author_info":[],"comment_info":"","_links":{"self":[{"href":"https:\/\/fts.you2.pl\/de\/wp-json\/wp\/v2\/product\/1841","targetHints":{"allow":["GET"]}}],"collection":[{"href":"https:\/\/fts.you2.pl\/de\/wp-json\/wp\/v2\/product"}],"about":[{"href":"https:\/\/fts.you2.pl\/de\/wp-json\/wp\/v2\/types\/product"}],"wp:featuredmedia":[{"embeddable":true,"href":"https:\/\/fts.you2.pl\/de\/wp-json\/wp\/v2\/media\/4217"}],"wp:attachment":[{"href":"https:\/\/fts.you2.pl\/de\/wp-json\/wp\/v2\/media?parent=1841"}],"wp:term":[{"taxonomy":"product_brand","embeddable":true,"href":"https:\/\/fts.you2.pl\/de\/wp-json\/wp\/v2\/product_brand?post=1841"},{"taxonomy":"product_cat","embeddable":true,"href":"https:\/\/fts.you2.pl\/de\/wp-json\/wp\/v2\/product_cat?post=1841"},{"taxonomy":"product_tag","embeddable":true,"href":"https:\/\/fts.you2.pl\/de\/wp-json\/wp\/v2\/product_tag?post=1841"}],"curies":[{"name":"wp","href":"https:\/\/api.w.org\/{rel}","templated":true}]}}