{"id":1844,"date":"2022-05-28T17:28:42","date_gmt":"2022-05-28T15:28:42","guid":{"rendered":"https:\/\/fts.you2.pl\/index.php\/produkt\/autograf-fc-rosengard-home-51-troelsgaard-s\/"},"modified":"2025-09-18T14:39:14","modified_gmt":"2025-09-18T12:39:14","slug":"autograf-fc-rosengard-home-51-troelsgaard-s","status":"publish","type":"product","link":"https:\/\/fts.you2.pl\/de\/autograf-fc-rosengard-home-51-troelsgaard-s\/","title":{"rendered":"FC Rosengard Home 51 Troelsgaard [S] + AUTOGRAF"},"content":{"rendered":"<p><strong>Klub: <\/strong>FC Rosengard<\/p>\n<p><strong>Zawodnik: <\/strong>51 Troelsgaard<\/p>\n<p><strong>Rozmiar: <\/strong>S<\/p>\n<p><strong>Stan:<\/strong> Doskona\u0142y<\/p>\n<p><strong>Wymiary (szeroko\u015b\u0107 pod pachami\/d\u0142ugo\u015b\u0107) w cm:\u00a0<\/strong>45\/67<\/p>\n<p><strong>Dodatkowe informacje:<\/strong> Koszulka prawdopodobnie meczowa du\u0144skiej zawodniczki <span style=\"background-color:#f8f9fa;font-family:sans-serif;font-size:12.32px;\">Sanne Troelsgaard Nielsen wyst\u0119puj\u0105cej dla tego znanego szwedzkiego klubu w latach 2017-2021. Na plecach znajduje si\u0119 jej autograf. Pi\u0142karka reprezentuje obecnie barwy angielskiego Reading FC.\u00a0<\/span><\/p>","protected":false},"excerpt":{"rendered":"<p>AUTOGRAF FC Rosengard Home 51 Troelsgaard [S]<\/p>","protected":false},"featured_media":4237,"template":"","meta":{"_kad_blocks_custom_css":"","_kad_blocks_head_custom_js":"","_kad_blocks_body_custom_js":"","_kad_blocks_footer_custom_js":"","_kad_post_transparent":"","_kad_post_title":"","_kad_post_layout":"","_kad_post_sidebar_id":"","_kad_post_content_style":"","_kad_post_vertical_padding":"","_kad_post_feature":"","_kad_post_feature_position":"","_kad_post_header":false,"_kad_post_footer":false},"product_brand":[86],"product_cat":[31,50,73],"product_tag":[],"class_list":{"0":"post-1844","1":"product","2":"type-product","3":"status-publish","4":"has-post-thumbnail","6":"product_brand-puma","7":"product_cat-kluby-europejskie","8":"product_cat-kluby-europejskie-kluby-europejskie","9":"product_cat-skandynawia","10":"pa_location-filip","11":"pa_napis-troelsgaard","12":"pa_numer-225","13":"pa_rozmiar-s","15":"first","16":"instock","17":"taxable","18":"shipping-taxable","19":"purchasable","20":"product-type-simple","21":"entry","22":"content-bg","23":"loop-entry"},"taxonomy_info":{"product_brand":[{"value":86,"label":"Puma"}],"product_cat":[{"value":31,"label":"Kluby Europejskie"},{"value":50,"label":"Kluby Europejskie"},{"value":73,"label":"Skandynawia"}],"pa_location":[{"value":18,"label":"FILIP"}],"pa_napis":[{"value":224,"label":"Troelsgaard"}],"pa_numer":[{"value":225,"label":"51"}],"pa_rozmiar":[{"value":19,"label":"S"}]},"featured_image_src_large":["https:\/\/fts.you2.pl\/wp-content\/uploads\/2025\/09\/13007-FC-Rosengard-Home-51-Troelsgaard-S-AUTOGRAF-1024x1024.jpg",1024,1024,true],"author_info":[],"comment_info":"","_links":{"self":[{"href":"https:\/\/fts.you2.pl\/de\/wp-json\/wp\/v2\/product\/1844","targetHints":{"allow":["GET"]}}],"collection":[{"href":"https:\/\/fts.you2.pl\/de\/wp-json\/wp\/v2\/product"}],"about":[{"href":"https:\/\/fts.you2.pl\/de\/wp-json\/wp\/v2\/types\/product"}],"wp:featuredmedia":[{"embeddable":true,"href":"https:\/\/fts.you2.pl\/de\/wp-json\/wp\/v2\/media\/4237"}],"wp:attachment":[{"href":"https:\/\/fts.you2.pl\/de\/wp-json\/wp\/v2\/media?parent=1844"}],"wp:term":[{"taxonomy":"product_brand","embeddable":true,"href":"https:\/\/fts.you2.pl\/de\/wp-json\/wp\/v2\/product_brand?post=1844"},{"taxonomy":"product_cat","embeddable":true,"href":"https:\/\/fts.you2.pl\/de\/wp-json\/wp\/v2\/product_cat?post=1844"},{"taxonomy":"product_tag","embeddable":true,"href":"https:\/\/fts.you2.pl\/de\/wp-json\/wp\/v2\/product_tag?post=1844"}],"curies":[{"name":"wp","href":"https:\/\/api.w.org\/{rel}","templated":true}]}}