{"id":1852,"date":"2022-06-24T11:14:20","date_gmt":"2022-06-24T09:14:20","guid":{"rendered":"https:\/\/fts.you2.pl\/index.php\/produkt\/player-issue-rot-weiss-ahlen-2008-09-home-22-bolstler-xl\/"},"modified":"2025-09-18T14:55:40","modified_gmt":"2025-09-18T12:55:40","slug":"player-issue-rot-weiss-ahlen-2008-09-home-22-bolstler-xl","status":"publish","type":"product","link":"https:\/\/fts.you2.pl\/de\/player-issue-rot-weiss-ahlen-2008-09-home-22-bolstler-xl\/","title":{"rendered":"MATCH ISSUE Rot Weiss Ahlen 2008\/09 Home 22 Bolstler [XL]"},"content":{"rendered":"<p><strong>Klub: <\/strong>Rot Weiss Ahlen<\/p>\n<p><strong>Zawodnik: <\/strong>22 Bolstler<\/p>\n<p><strong>Sezon: <\/strong>2008\/09 Home<\/p>\n<p><strong>Rozmiar: <\/strong>XL<\/p>\n<p><strong>Wymiary (szeroko\u015b\u0107 pod pachami\/d\u0142ugo\u015b\u0107) w cm:\u00a0<\/strong>58\/76<\/p>\n<p><strong>Stan:<\/strong> Bardzo dobry &#8211; bia\u0142a plamka w okolicy numeru.<\/p>","protected":false},"excerpt":{"rendered":"<p>MATCH ISSUE Rot Weiss Ahlen 2008\/09 Home 22 Bolstler [XL]<\/p>","protected":false},"featured_media":4319,"template":"","meta":{"_kad_blocks_custom_css":"","_kad_blocks_head_custom_js":"","_kad_blocks_body_custom_js":"","_kad_blocks_footer_custom_js":"","_kad_post_transparent":"","_kad_post_title":"","_kad_post_layout":"","_kad_post_sidebar_id":"","_kad_post_content_style":"","_kad_post_vertical_padding":"","_kad_post_feature":"","_kad_post_feature_position":"","_kad_post_header":false,"_kad_post_footer":false},"product_brand":[233],"product_cat":[31,46,173,174],"product_tag":[],"class_list":{"0":"post-1852","1":"product","2":"type-product","3":"status-publish","4":"has-post-thumbnail","6":"product_brand-jako","7":"product_cat-kluby-europejskie","8":"product_cat-kluby-niemieckie","9":"product_cat-match-worn-issue","10":"product_cat-pozostale-kluby-niemieckie","11":"pa_location-filip","12":"pa_napis-bolstler","13":"pa_numer-182","14":"pa_rozmiar-xl","15":"pa_sezon-2008-09","17":"first","18":"instock","19":"taxable","20":"shipping-taxable","21":"purchasable","22":"product-type-simple","23":"entry","24":"content-bg","25":"loop-entry"},"taxonomy_info":{"product_brand":[{"value":233,"label":"Jako"}],"product_cat":[{"value":31,"label":"Kluby Europejskie"},{"value":46,"label":"Kluby Niemieckie"},{"value":173,"label":"MATCH WORN &amp; ISSUE"},{"value":174,"label":"Pozosta\u0142e kluby niemieckie"}],"pa_location":[{"value":18,"label":"FILIP"}],"pa_napis":[{"value":232,"label":"Bolstler"}],"pa_numer":[{"value":182,"label":"22"}],"pa_rozmiar":[{"value":57,"label":"XL"}],"pa_sezon":[{"value":72,"label":"2008\/09"}]},"featured_image_src_large":["https:\/\/fts.you2.pl\/wp-content\/uploads\/2025\/09\/13857-MATCH-ISSUE-Rot-Weiss-Ahlen-200809-Home-22-Bolstler-XL-1024x1024.jpg",1024,1024,true],"author_info":[],"comment_info":"","_links":{"self":[{"href":"https:\/\/fts.you2.pl\/de\/wp-json\/wp\/v2\/product\/1852","targetHints":{"allow":["GET"]}}],"collection":[{"href":"https:\/\/fts.you2.pl\/de\/wp-json\/wp\/v2\/product"}],"about":[{"href":"https:\/\/fts.you2.pl\/de\/wp-json\/wp\/v2\/types\/product"}],"wp:featuredmedia":[{"embeddable":true,"href":"https:\/\/fts.you2.pl\/de\/wp-json\/wp\/v2\/media\/4319"}],"wp:attachment":[{"href":"https:\/\/fts.you2.pl\/de\/wp-json\/wp\/v2\/media?parent=1852"}],"wp:term":[{"taxonomy":"product_brand","embeddable":true,"href":"https:\/\/fts.you2.pl\/de\/wp-json\/wp\/v2\/product_brand?post=1852"},{"taxonomy":"product_cat","embeddable":true,"href":"https:\/\/fts.you2.pl\/de\/wp-json\/wp\/v2\/product_cat?post=1852"},{"taxonomy":"product_tag","embeddable":true,"href":"https:\/\/fts.you2.pl\/de\/wp-json\/wp\/v2\/product_tag?post=1852"}],"curies":[{"name":"wp","href":"https:\/\/api.w.org\/{rel}","templated":true}]}}