{"id":1857,"date":"2022-07-22T15:05:21","date_gmt":"2022-07-22T13:05:21","guid":{"rendered":"https:\/\/fts.you2.pl\/index.php\/produkt\/lazio-2001-02-home-l-xl\/"},"modified":"2025-09-18T15:04:37","modified_gmt":"2025-09-18T13:04:37","slug":"lazio-2001-02-home-l-xl","status":"publish","type":"product","link":"https:\/\/fts.you2.pl\/de\/lazio-2001-02-home-l-xl\/","title":{"rendered":"SS Lazio 2001\/02 Home [L\/XL]"},"content":{"rendered":"<p><strong>Klub: <\/strong>Lazio<\/p>\n<p><strong>Sezon: <\/strong>2001\/02 Home<\/p>\n<p><strong>Rozmiar: <\/strong>L\/XL<\/p>\n<p><strong>Stan: <\/strong>S\u0142aby &#8211; koszulka jest ca\u0142a pozaci\u0105gana a emblemat Pumy w dolnym rogu koszulki jest pop\u0119kany,<\/p>\n<p><strong>Wymiary (szeroko\u015b\u0107 pod pachami\/d\u0142ugo\u015b\u0107) w cm: <\/strong>54\/74<\/p>","protected":false},"excerpt":{"rendered":"<p>SS Lazio 2001\/02 Home [L\/XL]<\/p>","protected":false},"featured_media":4358,"template":"","meta":{"_kad_blocks_custom_css":"","_kad_blocks_head_custom_js":"","_kad_blocks_body_custom_js":"","_kad_blocks_footer_custom_js":"","_kad_post_transparent":"","_kad_post_title":"","_kad_post_layout":"","_kad_post_sidebar_id":"","_kad_post_content_style":"","_kad_post_vertical_padding":"","_kad_post_feature":"","_kad_post_feature_position":"","_kad_post_header":false,"_kad_post_footer":false},"product_brand":[86],"product_cat":[31,117,152],"product_tag":[],"class_list":{"0":"post-1857","1":"product","2":"type-product","3":"status-publish","4":"has-post-thumbnail","6":"product_brand-puma","7":"product_cat-kluby-europejskie","8":"product_cat-kluby-wloskie","9":"product_cat-pozostale-kluby-wloskie","10":"pa_location-filip","11":"pa_rozmiar-l","12":"pa_rozmiar-xl","13":"pa_sezon-2001-02","15":"first","16":"instock","17":"taxable","18":"shipping-taxable","19":"purchasable","20":"product-type-simple","21":"entry","22":"content-bg","23":"loop-entry"},"taxonomy_info":{"product_brand":[{"value":86,"label":"Puma"}],"product_cat":[{"value":31,"label":"Kluby Europejskie"},{"value":117,"label":"Kluby W\u0142oskie"},{"value":152,"label":"Pozosta\u0142e kluby w\u0142oskie"}],"pa_location":[{"value":18,"label":"FILIP"}],"pa_rozmiar":[{"value":39,"label":"L"},{"value":57,"label":"XL"}],"pa_sezon":[{"value":105,"label":"2001\/02"}]},"featured_image_src_large":["https:\/\/fts.you2.pl\/wp-content\/uploads\/2025\/09\/14863-Lazio-200102-Home-LXL-1024x1024.jpg",1024,1024,true],"author_info":[],"comment_info":"","_links":{"self":[{"href":"https:\/\/fts.you2.pl\/de\/wp-json\/wp\/v2\/product\/1857","targetHints":{"allow":["GET"]}}],"collection":[{"href":"https:\/\/fts.you2.pl\/de\/wp-json\/wp\/v2\/product"}],"about":[{"href":"https:\/\/fts.you2.pl\/de\/wp-json\/wp\/v2\/types\/product"}],"wp:featuredmedia":[{"embeddable":true,"href":"https:\/\/fts.you2.pl\/de\/wp-json\/wp\/v2\/media\/4358"}],"wp:attachment":[{"href":"https:\/\/fts.you2.pl\/de\/wp-json\/wp\/v2\/media?parent=1857"}],"wp:term":[{"taxonomy":"product_brand","embeddable":true,"href":"https:\/\/fts.you2.pl\/de\/wp-json\/wp\/v2\/product_brand?post=1857"},{"taxonomy":"product_cat","embeddable":true,"href":"https:\/\/fts.you2.pl\/de\/wp-json\/wp\/v2\/product_cat?post=1857"},{"taxonomy":"product_tag","embeddable":true,"href":"https:\/\/fts.you2.pl\/de\/wp-json\/wp\/v2\/product_tag?post=1857"}],"curies":[{"name":"wp","href":"https:\/\/api.w.org\/{rel}","templated":true}]}}