{"id":1859,"date":"2022-08-18T17:50:13","date_gmt":"2022-08-18T15:50:13","guid":{"rendered":"https:\/\/fts.you2.pl\/index.php\/produkt\/player-issue-vitesse-arnhem-2008-09-home-20-xl\/"},"modified":"2025-09-18T15:08:17","modified_gmt":"2025-09-18T13:08:17","slug":"player-issue-vitesse-arnhem-2008-09-home-20-xl","status":"publish","type":"product","link":"https:\/\/fts.you2.pl\/de\/player-issue-vitesse-arnhem-2008-09-home-20-xl\/","title":{"rendered":"MATCH ISSUE Vitesse Arnhem 2008\/09 Home 20 [XL]"},"content":{"rendered":"<p><strong>Klub: <\/strong>Vitesse Arnhem<\/p>\n<p><strong>Sezon: <\/strong>2008\/09 Home<\/p>\n<p><strong>Rozmiar: <\/strong>XL<\/p>\n<p><strong>Stan: <\/strong>Doskona\u0142y<\/p>\n<p><strong>Wymiary (szeroko\u015b\u0107 pod pachami\/d\u0142ugo\u015b\u0107) w cm: <\/strong>55\/76<\/p>","protected":false},"excerpt":{"rendered":"<p>PLAYER ISSUE Vitesse Arnhem 2008\/09 Home 20 [XL]<\/p>","protected":false},"featured_media":4376,"template":"","meta":{"_kad_blocks_custom_css":"","_kad_blocks_head_custom_js":"","_kad_blocks_body_custom_js":"","_kad_blocks_footer_custom_js":"","_kad_post_transparent":"","_kad_post_title":"","_kad_post_layout":"","_kad_post_sidebar_id":"","_kad_post_content_style":"","_kad_post_vertical_padding":"","_kad_post_feature":"","_kad_post_feature_position":"","_kad_post_header":false,"_kad_post_footer":false},"product_brand":[243],"product_cat":[107,31,50,173],"product_tag":[],"class_list":{"0":"post-1859","1":"product","2":"type-product","3":"status-publish","4":"has-post-thumbnail","6":"product_brand-legea","7":"product_cat-belgia-i-holandia","8":"product_cat-kluby-europejskie","9":"product_cat-kluby-europejskie-kluby-europejskie","10":"product_cat-match-worn-issue","11":"pa_location-filip","12":"pa_numer-123","13":"pa_rozmiar-xl","14":"pa_sezon-2008-09","16":"first","17":"instock","18":"taxable","19":"shipping-taxable","20":"purchasable","21":"product-type-simple","22":"entry","23":"content-bg","24":"loop-entry"},"taxonomy_info":{"product_brand":[{"value":243,"label":"Legea"}],"product_cat":[{"value":107,"label":"Belgia i Holandia"},{"value":31,"label":"Kluby Europejskie"},{"value":50,"label":"Kluby Europejskie"},{"value":173,"label":"MATCH WORN &amp; ISSUE"}],"pa_location":[{"value":18,"label":"FILIP"}],"pa_numer":[{"value":123,"label":"20"}],"pa_rozmiar":[{"value":57,"label":"XL"}],"pa_sezon":[{"value":72,"label":"2008\/09"}]},"featured_image_src_large":["https:\/\/fts.you2.pl\/wp-content\/uploads\/2025\/09\/15648-MATCH-ISSUE-Vitesse-Arnhem-200809-Home-20-XL-1024x1024.jpg",1024,1024,true],"author_info":[],"comment_info":"","_links":{"self":[{"href":"https:\/\/fts.you2.pl\/de\/wp-json\/wp\/v2\/product\/1859","targetHints":{"allow":["GET"]}}],"collection":[{"href":"https:\/\/fts.you2.pl\/de\/wp-json\/wp\/v2\/product"}],"about":[{"href":"https:\/\/fts.you2.pl\/de\/wp-json\/wp\/v2\/types\/product"}],"wp:featuredmedia":[{"embeddable":true,"href":"https:\/\/fts.you2.pl\/de\/wp-json\/wp\/v2\/media\/4376"}],"wp:attachment":[{"href":"https:\/\/fts.you2.pl\/de\/wp-json\/wp\/v2\/media?parent=1859"}],"wp:term":[{"taxonomy":"product_brand","embeddable":true,"href":"https:\/\/fts.you2.pl\/de\/wp-json\/wp\/v2\/product_brand?post=1859"},{"taxonomy":"product_cat","embeddable":true,"href":"https:\/\/fts.you2.pl\/de\/wp-json\/wp\/v2\/product_cat?post=1859"},{"taxonomy":"product_tag","embeddable":true,"href":"https:\/\/fts.you2.pl\/de\/wp-json\/wp\/v2\/product_tag?post=1859"}],"curies":[{"name":"wp","href":"https:\/\/api.w.org\/{rel}","templated":true}]}}