{"id":1868,"date":"2022-09-02T09:06:18","date_gmt":"2022-09-02T07:06:18","guid":{"rendered":"https:\/\/fts.you2.pl\/index.php\/produkt\/panathinaikos-2008-09-home-15-gilberto-m\/"},"modified":"2025-09-18T15:24:27","modified_gmt":"2025-09-18T13:24:27","slug":"panathinaikos-2008-09-home-15-gilberto-m","status":"publish","type":"product","link":"https:\/\/fts.you2.pl\/de\/panathinaikos-2008-09-home-15-gilberto-m\/","title":{"rendered":"Panathinaikos 2008\/09 Home 15 Gilberto [M]"},"content":{"rendered":"<p><strong>Klub: <\/strong>Panathinaikos<\/p>\n<p><strong>Zawodnik: <\/strong>15 Gilberto<\/p>\n<p><strong>Sezon: <\/strong>2008\/09 Home<\/p>\n<p><strong>Rozmiar: <\/strong>M<\/p>\n<p><strong>Stan: <\/strong>Dobry &#8211; mocno pop\u0119kany nadruk na plecach, zmechacony ko\u0142nierzyk oraz kilka drobnych zaci\u0105gni\u0119\u0107 na froncie.<\/p>\n<p><strong>Wymiary (szeroko\u015b\u0107 pod pachami\/d\u0142ugo\u015b\u0107) w cm: <\/strong>56\/72<\/p>","protected":false},"excerpt":{"rendered":"<p>Panathinaikos 2008\/09 Home 15 Gilberto [M]<\/p>","protected":false},"featured_media":4445,"template":"","meta":{"_kad_blocks_custom_css":"","_kad_blocks_head_custom_js":"","_kad_blocks_body_custom_js":"","_kad_blocks_footer_custom_js":"","_kad_post_transparent":"","_kad_post_title":"","_kad_post_layout":"","_kad_post_sidebar_id":"","_kad_post_content_style":"","_kad_post_vertical_padding":"","_kad_post_feature":"","_kad_post_feature_position":"","_kad_post_header":false,"_kad_post_footer":false},"product_brand":[45],"product_cat":[149,31,50],"product_tag":[],"class_list":{"0":"post-1868","1":"product","2":"type-product","3":"status-publish","4":"has-post-thumbnail","6":"product_brand-adidas","7":"product_cat-grecja","8":"product_cat-kluby-europejskie","9":"product_cat-kluby-europejskie-kluby-europejskie","10":"pa_location-filip","11":"pa_napis-gilberto","12":"pa_numer-250","13":"pa_rozmiar-m","14":"pa_sezon-2008-09","16":"first","17":"instock","18":"taxable","19":"shipping-taxable","20":"purchasable","21":"product-type-simple","22":"entry","23":"content-bg","24":"loop-entry"},"taxonomy_info":{"product_brand":[{"value":45,"label":"Adidas"}],"product_cat":[{"value":149,"label":"Grecja"},{"value":31,"label":"Kluby Europejskie"},{"value":50,"label":"Kluby Europejskie"}],"pa_location":[{"value":18,"label":"FILIP"}],"pa_napis":[{"value":252,"label":"Gilberto"}],"pa_numer":[{"value":250,"label":"15"}],"pa_rozmiar":[{"value":28,"label":"M"}],"pa_sezon":[{"value":72,"label":"2008\/09"}]},"featured_image_src_large":["https:\/\/fts.you2.pl\/wp-content\/uploads\/2025\/09\/15895-Panathinaikos-200809-Home-15-Gilberto-M-1024x1024.jpg",1024,1024,true],"author_info":[],"comment_info":"","_links":{"self":[{"href":"https:\/\/fts.you2.pl\/de\/wp-json\/wp\/v2\/product\/1868","targetHints":{"allow":["GET"]}}],"collection":[{"href":"https:\/\/fts.you2.pl\/de\/wp-json\/wp\/v2\/product"}],"about":[{"href":"https:\/\/fts.you2.pl\/de\/wp-json\/wp\/v2\/types\/product"}],"wp:featuredmedia":[{"embeddable":true,"href":"https:\/\/fts.you2.pl\/de\/wp-json\/wp\/v2\/media\/4445"}],"wp:attachment":[{"href":"https:\/\/fts.you2.pl\/de\/wp-json\/wp\/v2\/media?parent=1868"}],"wp:term":[{"taxonomy":"product_brand","embeddable":true,"href":"https:\/\/fts.you2.pl\/de\/wp-json\/wp\/v2\/product_brand?post=1868"},{"taxonomy":"product_cat","embeddable":true,"href":"https:\/\/fts.you2.pl\/de\/wp-json\/wp\/v2\/product_cat?post=1868"},{"taxonomy":"product_tag","embeddable":true,"href":"https:\/\/fts.you2.pl\/de\/wp-json\/wp\/v2\/product_tag?post=1868"}],"curies":[{"name":"wp","href":"https:\/\/api.w.org\/{rel}","templated":true}]}}