{"id":1871,"date":"2022-09-19T18:45:15","date_gmt":"2022-09-19T16:45:15","guid":{"rendered":"https:\/\/fts.you2.pl\/index.php\/produkt\/fc-bayern-monachium-1999-01-home-10-matthaus-xl\/"},"modified":"2025-09-18T15:29:47","modified_gmt":"2025-09-18T13:29:47","slug":"fc-bayern-monachium-1999-01-home-10-matthaus-xl","status":"publish","type":"product","link":"https:\/\/fts.you2.pl\/de\/fc-bayern-monachium-1999-01-home-10-matthaus-xl\/","title":{"rendered":"FC Bayern Monachium 1999\/01 Home 10 Matthaus [XL]"},"content":{"rendered":"<p><strong>Klub: <\/strong>FC Bayern Monachium<\/p>\n<p><strong>Zawodnik: <\/strong>10 Matthaus<\/p>\n<p><strong>Sezon: <\/strong>1999\/01 Home<\/p>\n<p><strong>Rozmiar: <\/strong>XL<\/p>\n<p><strong>Wymiary (szeroko\u015b\u0107 pod pachami\/d\u0142ugo\u015b\u0107) w cm: <\/strong>62\/74<\/p>\n<p><strong>Stan:<\/strong> Zadowalaj\u0105cy &#8211; kilka niewielkich zaci\u0105gni\u0119\u0107, zabrudzenie na froncie koszulki oraz p\u0119kni\u0119cia na numerze na plecach.<\/p>","protected":false},"excerpt":{"rendered":"<p>FC Bayern Monachium 1999\/01 Home 10 Matthaus [XL]<\/p>","protected":false},"featured_media":4472,"template":"","meta":{"_kad_blocks_custom_css":"","_kad_blocks_head_custom_js":"","_kad_blocks_body_custom_js":"","_kad_blocks_footer_custom_js":"","_kad_post_transparent":"","_kad_post_title":"","_kad_post_layout":"","_kad_post_sidebar_id":"","_kad_post_content_style":"","_kad_post_vertical_padding":"","_kad_post_feature":"","_kad_post_feature_position":"","_kad_post_header":false,"_kad_post_footer":false},"product_brand":[45],"product_cat":[100,31,46],"product_tag":[],"class_list":{"0":"post-1871","1":"product","2":"type-product","3":"status-publish","4":"has-post-thumbnail","6":"product_brand-adidas","7":"product_cat-fc-bayern-monachium","8":"product_cat-kluby-europejskie","9":"product_cat-kluby-niemieckie","10":"pa_location-filip","11":"pa_napis-matthaus","12":"pa_numer-63","13":"pa_rozmiar-xl","14":"pa_sezon-1999-01","16":"first","17":"instock","18":"taxable","19":"shipping-taxable","20":"purchasable","21":"product-type-simple","22":"entry","23":"content-bg","24":"loop-entry"},"taxonomy_info":{"product_brand":[{"value":45,"label":"Adidas"}],"product_cat":[{"value":100,"label":"FC Bayern Monachium"},{"value":31,"label":"Kluby Europejskie"},{"value":46,"label":"Kluby Niemieckie"}],"pa_location":[{"value":18,"label":"FILIP"}],"pa_napis":[{"value":254,"label":"Matthaus"}],"pa_numer":[{"value":63,"label":"10"}],"pa_rozmiar":[{"value":57,"label":"XL"}],"pa_sezon":[{"value":255,"label":"1999\/01"}]},"featured_image_src_large":["https:\/\/fts.you2.pl\/wp-content\/uploads\/2025\/09\/16669-FC-Bayern-Monachium-199901-Home-10-Matthaus-XL-1024x1024.jpg",1024,1024,true],"author_info":[],"comment_info":"","_links":{"self":[{"href":"https:\/\/fts.you2.pl\/de\/wp-json\/wp\/v2\/product\/1871","targetHints":{"allow":["GET"]}}],"collection":[{"href":"https:\/\/fts.you2.pl\/de\/wp-json\/wp\/v2\/product"}],"about":[{"href":"https:\/\/fts.you2.pl\/de\/wp-json\/wp\/v2\/types\/product"}],"wp:featuredmedia":[{"embeddable":true,"href":"https:\/\/fts.you2.pl\/de\/wp-json\/wp\/v2\/media\/4472"}],"wp:attachment":[{"href":"https:\/\/fts.you2.pl\/de\/wp-json\/wp\/v2\/media?parent=1871"}],"wp:term":[{"taxonomy":"product_brand","embeddable":true,"href":"https:\/\/fts.you2.pl\/de\/wp-json\/wp\/v2\/product_brand?post=1871"},{"taxonomy":"product_cat","embeddable":true,"href":"https:\/\/fts.you2.pl\/de\/wp-json\/wp\/v2\/product_cat?post=1871"},{"taxonomy":"product_tag","embeddable":true,"href":"https:\/\/fts.you2.pl\/de\/wp-json\/wp\/v2\/product_tag?post=1871"}],"curies":[{"name":"wp","href":"https:\/\/api.w.org\/{rel}","templated":true}]}}