{"id":1885,"date":"2022-11-04T18:00:12","date_gmt":"2022-11-04T17:00:12","guid":{"rendered":"https:\/\/fts.you2.pl\/index.php\/produkt\/player-issue-slowacja-2010-11-home-9-sestak-xxl\/"},"modified":"2025-09-18T15:55:54","modified_gmt":"2025-09-18T13:55:54","slug":"player-issue-slowacja-2010-11-home-9-sestak-xxl","status":"publish","type":"product","link":"https:\/\/fts.you2.pl\/de\/player-issue-slowacja-2010-11-home-9-sestak-xxl\/","title":{"rendered":"PLAYER ISSUE S\u0142owacja 2010\/11 Home 9 Sestak [XXL]"},"content":{"rendered":"<p><strong>Klub: <\/strong>S\u0142owacja<\/p>\n<p><strong>Zawodnik: <\/strong>9 Sestak<\/p>\n<p><strong>Sezon: <\/strong>2010\/11 Home<\/p>\n<p><strong>Rozmiar: <\/strong>XXL<\/p>\n<p><strong>Stan: <\/strong>Bardzo dobry &#8211; delikatnie zszarza\u0142e nadruki.<\/p>\n<p><strong>Wymiary (szeroko\u015b\u0107 pod pachami\/d\u0142ugo\u015b\u0107) w cm: <\/strong>62\/78<\/p>","protected":false},"excerpt":{"rendered":"<p>PLAYER ISSUE S\u0142owacja 2010\/11 Home 9 Sestak [XXL]<\/p>","protected":false},"featured_media":4591,"template":"","meta":{"_kad_blocks_custom_css":"","_kad_blocks_head_custom_js":"","_kad_blocks_body_custom_js":"","_kad_blocks_footer_custom_js":"","_kad_post_transparent":"","_kad_post_title":"","_kad_post_layout":"","_kad_post_sidebar_id":"","_kad_post_content_style":"","_kad_post_vertical_padding":"","_kad_post_feature":"","_kad_post_feature_position":"","_kad_post_header":false,"_kad_post_footer":false},"product_brand":[45],"product_cat":[23,114,22],"product_tag":[],"class_list":{"0":"post-1885","1":"product","2":"type-product","3":"status-publish","4":"has-post-thumbnail","6":"product_brand-adidas","7":"product_cat-europa","8":"product_cat-pozostale","9":"product_cat-reprezentacje","10":"pa_location-filip","11":"pa_napis-sestak","12":"pa_numer-166","13":"pa_rozmiar-xxl","14":"pa_sezon-2010-11","16":"first","17":"instock","18":"taxable","19":"shipping-taxable","20":"purchasable","21":"product-type-simple","22":"entry","23":"content-bg","24":"loop-entry"},"taxonomy_info":{"product_brand":[{"value":45,"label":"Adidas"}],"product_cat":[{"value":23,"label":"Europa"},{"value":114,"label":"Pozosta\u0142e"},{"value":22,"label":"REPREZENTACJE"}],"pa_location":[{"value":18,"label":"FILIP"}],"pa_napis":[{"value":265,"label":"Sestak"}],"pa_numer":[{"value":166,"label":"9"}],"pa_rozmiar":[{"value":71,"label":"XXL"}],"pa_sezon":[{"value":168,"label":"2010\/11"}]},"featured_image_src_large":["https:\/\/fts.you2.pl\/wp-content\/uploads\/2025\/09\/17708-PLAYER-ISSUE-Slowacja-201011-Home-9-Sestak-XXL-1024x1024.jpg",1024,1024,true],"author_info":[],"comment_info":"","_links":{"self":[{"href":"https:\/\/fts.you2.pl\/de\/wp-json\/wp\/v2\/product\/1885","targetHints":{"allow":["GET"]}}],"collection":[{"href":"https:\/\/fts.you2.pl\/de\/wp-json\/wp\/v2\/product"}],"about":[{"href":"https:\/\/fts.you2.pl\/de\/wp-json\/wp\/v2\/types\/product"}],"wp:featuredmedia":[{"embeddable":true,"href":"https:\/\/fts.you2.pl\/de\/wp-json\/wp\/v2\/media\/4591"}],"wp:attachment":[{"href":"https:\/\/fts.you2.pl\/de\/wp-json\/wp\/v2\/media?parent=1885"}],"wp:term":[{"taxonomy":"product_brand","embeddable":true,"href":"https:\/\/fts.you2.pl\/de\/wp-json\/wp\/v2\/product_brand?post=1885"},{"taxonomy":"product_cat","embeddable":true,"href":"https:\/\/fts.you2.pl\/de\/wp-json\/wp\/v2\/product_cat?post=1885"},{"taxonomy":"product_tag","embeddable":true,"href":"https:\/\/fts.you2.pl\/de\/wp-json\/wp\/v2\/product_tag?post=1885"}],"curies":[{"name":"wp","href":"https:\/\/api.w.org\/{rel}","templated":true}]}}