{"id":1893,"date":"2023-07-26T09:29:46","date_gmt":"2023-07-26T07:29:46","guid":{"rendered":"https:\/\/fts.you2.pl\/index.php\/produkt\/voucher-150-zl-2\/"},"modified":"2025-09-18T16:05:15","modified_gmt":"2025-09-18T14:05:15","slug":"voucher-150-zl-2","status":"publish","type":"product","link":"https:\/\/fts.you2.pl\/de\/voucher-150-zl-2\/","title":{"rendered":"VOUCHER [300 Z\u0141]"},"content":{"rendered":"<p><strong>Produkt:<\/strong> Voucher o warto\u015bci 300 z\u0142 do jednorazowego wykorzystania w naszym sklepie.<\/p>\n<p><strong>Dodatkowe informacje:<\/strong> Voucher po zam\u00f3wieniu przychodzi do Pa\u0144stwa w formie fizycznej, zapakowany w kopert\u0119, gotowy do wr\u0119czenia jako prezent. Okres wa\u017cno\u015bci Vouchera wynosi rok od zakupu. W celu przygotowania kodu rabatowego w cenie innej ni\u017c te przez nas zaproponowane, prosimy o bezpo\u015bredni kontakt poprzez social media b\u0105d\u017a e-mail.<\/p>","protected":false},"excerpt":{"rendered":"<p>VOUCHER [300 Z\u0141]<\/p>","protected":false},"featured_media":4636,"template":"","meta":{"_kad_blocks_custom_css":"","_kad_blocks_head_custom_js":"","_kad_blocks_body_custom_js":"","_kad_blocks_footer_custom_js":"","_kad_post_transparent":"","_kad_post_title":"","_kad_post_layout":"","_kad_post_sidebar_id":"","_kad_post_content_style":"","_kad_post_vertical_padding":"","_kad_post_feature":"","_kad_post_feature_position":"","_kad_post_header":false,"_kad_post_footer":false},"product_brand":[],"product_cat":[25,269],"product_tag":[],"class_list":{"0":"post-1893","1":"product","2":"type-product","3":"status-publish","4":"has-post-thumbnail","6":"product_cat-inne","7":"product_cat-vouchery","9":"first","10":"instock","11":"taxable","12":"shipping-taxable","13":"purchasable","14":"product-type-simple","15":"entry","16":"content-bg","17":"loop-entry"},"taxonomy_info":{"product_cat":[{"value":25,"label":"Inne"},{"value":269,"label":"Vouchery"}]},"featured_image_src_large":["https:\/\/fts.you2.pl\/wp-content\/uploads\/2025\/09\/18773-VOUCHER-300-ZL-1024x1024.jpg",1024,1024,true],"author_info":[],"comment_info":"","_links":{"self":[{"href":"https:\/\/fts.you2.pl\/de\/wp-json\/wp\/v2\/product\/1893","targetHints":{"allow":["GET"]}}],"collection":[{"href":"https:\/\/fts.you2.pl\/de\/wp-json\/wp\/v2\/product"}],"about":[{"href":"https:\/\/fts.you2.pl\/de\/wp-json\/wp\/v2\/types\/product"}],"wp:featuredmedia":[{"embeddable":true,"href":"https:\/\/fts.you2.pl\/de\/wp-json\/wp\/v2\/media\/4636"}],"wp:attachment":[{"href":"https:\/\/fts.you2.pl\/de\/wp-json\/wp\/v2\/media?parent=1893"}],"wp:term":[{"taxonomy":"product_brand","embeddable":true,"href":"https:\/\/fts.you2.pl\/de\/wp-json\/wp\/v2\/product_brand?post=1893"},{"taxonomy":"product_cat","embeddable":true,"href":"https:\/\/fts.you2.pl\/de\/wp-json\/wp\/v2\/product_cat?post=1893"},{"taxonomy":"product_tag","embeddable":true,"href":"https:\/\/fts.you2.pl\/de\/wp-json\/wp\/v2\/product_tag?post=1893"}],"curies":[{"name":"wp","href":"https:\/\/api.w.org\/{rel}","templated":true}]}}