{"id":1906,"date":"2022-12-30T13:39:10","date_gmt":"2022-12-30T12:39:10","guid":{"rendered":"https:\/\/fts.you2.pl\/index.php\/produkt\/palmeiras-1992-93-home-9-l\/"},"modified":"2025-09-18T16:24:46","modified_gmt":"2025-09-18T14:24:46","slug":"palmeiras-1992-93-home-9-l","status":"publish","type":"product","link":"https:\/\/fts.you2.pl\/de\/palmeiras-1992-93-home-9-l\/","title":{"rendered":"Palmeiras 1992\/93 Home 9 [L]"},"content":{"rendered":"<p><strong>Klub: <\/strong>Palmeiras<\/p>\n<p><strong>Sezon: <\/strong>1992\/93 Home<\/p>\n<p><strong>Rozmiar: <\/strong>L<\/p>\n<p><strong>Stan: <\/strong>Dobry &#8211; koszulka posiada nieznaczn\u0105 ilo\u015b\u0107 punktowych zaci\u0105gni\u0119\u0107 na ca\u0142ej swojej powierzchni.<\/p>\n<p><strong>Wymiary (szeroko\u015b\u0107 pod pachami\/d\u0142ugo\u015b\u0107) w cm: <\/strong>57\/75<\/p>","protected":false},"excerpt":{"rendered":"<p>Palmeiras 1992\/93 Home 9 [L]<\/p>","protected":false},"featured_media":4731,"template":"","meta":{"_kad_blocks_custom_css":"","_kad_blocks_head_custom_js":"","_kad_blocks_body_custom_js":"","_kad_blocks_footer_custom_js":"","_kad_post_transparent":"","_kad_post_title":"","_kad_post_layout":"","_kad_post_sidebar_id":"","_kad_post_content_style":"","_kad_post_vertical_padding":"","_kad_post_feature":"","_kad_post_feature_position":"","_kad_post_header":false,"_kad_post_footer":false},"product_brand":[277],"product_cat":[56,36],"product_tag":[],"class_list":{"0":"post-1906","1":"product","2":"type-product","3":"status-publish","4":"has-post-thumbnail","6":"product_brand-rhumell","7":"product_cat-ameryka-poludniowa","8":"product_cat-kluby-reszty-swiata","9":"pa_location-filip","10":"pa_numer-166","11":"pa_rozmiar-l","12":"pa_sezon-1992-93","14":"first","15":"instock","16":"taxable","17":"shipping-taxable","18":"purchasable","19":"product-type-simple","20":"entry","21":"content-bg","22":"loop-entry"},"taxonomy_info":{"product_brand":[{"value":277,"label":"Rhumell"}],"product_cat":[{"value":56,"label":"Ameryka Po\u0142udniowa"},{"value":36,"label":"Kluby Reszty \u015awiata"}],"pa_location":[{"value":18,"label":"FILIP"}],"pa_numer":[{"value":166,"label":"9"}],"pa_rozmiar":[{"value":39,"label":"L"}],"pa_sezon":[{"value":278,"label":"1992\/93"}]},"featured_image_src_large":["https:\/\/fts.you2.pl\/wp-content\/uploads\/2025\/09\/19304-Palmeiras-199293-Home-9-L-1024x1024.jpg",1024,1024,true],"author_info":[],"comment_info":"","_links":{"self":[{"href":"https:\/\/fts.you2.pl\/de\/wp-json\/wp\/v2\/product\/1906","targetHints":{"allow":["GET"]}}],"collection":[{"href":"https:\/\/fts.you2.pl\/de\/wp-json\/wp\/v2\/product"}],"about":[{"href":"https:\/\/fts.you2.pl\/de\/wp-json\/wp\/v2\/types\/product"}],"wp:featuredmedia":[{"embeddable":true,"href":"https:\/\/fts.you2.pl\/de\/wp-json\/wp\/v2\/media\/4731"}],"wp:attachment":[{"href":"https:\/\/fts.you2.pl\/de\/wp-json\/wp\/v2\/media?parent=1906"}],"wp:term":[{"taxonomy":"product_brand","embeddable":true,"href":"https:\/\/fts.you2.pl\/de\/wp-json\/wp\/v2\/product_brand?post=1906"},{"taxonomy":"product_cat","embeddable":true,"href":"https:\/\/fts.you2.pl\/de\/wp-json\/wp\/v2\/product_cat?post=1906"},{"taxonomy":"product_tag","embeddable":true,"href":"https:\/\/fts.you2.pl\/de\/wp-json\/wp\/v2\/product_tag?post=1906"}],"curies":[{"name":"wp","href":"https:\/\/api.w.org\/{rel}","templated":true}]}}