{"id":1918,"date":"2023-03-03T16:08:26","date_gmt":"2023-03-03T15:08:26","guid":{"rendered":"https:\/\/fts.you2.pl\/index.php\/produkt\/borussia-dortmund-2000-02-home-8-koller-xxl\/"},"modified":"2025-09-18T16:45:15","modified_gmt":"2025-09-18T14:45:15","slug":"borussia-dortmund-2000-02-home-8-koller-xxl","status":"publish","type":"product","link":"https:\/\/fts.you2.pl\/de\/borussia-dortmund-2000-02-home-8-koller-xxl\/","title":{"rendered":"Borussia Dortmund 2000\/01 Home 8 Koller [XXL]"},"content":{"rendered":"<p><strong>Klub: <\/strong>Borussia Dortmund<\/p>\n<p><strong>Zawodnik: <\/strong>8 Koller<\/p>\n<p><strong>Sezon: <\/strong>2000\/01 Home<\/p>\n<p><strong>Rozmiar: <\/strong>XXL<\/p>\n<p><strong>Stan: <\/strong>Dobry &#8211; miejscowo pozrywane nitki w dolnym szwie, kilka mikro zaci\u0105gni\u0119\u0107.<\/p>\n<p><strong>Wymiary (szeroko\u015b\u0107 pod pachami\/d\u0142ugo\u015b\u0107) w cm: <\/strong>64\/77<\/p>","protected":false},"excerpt":{"rendered":"<p>Borussia Dortmund 2000\/01 Home 8 Koller [XXL]<\/p>","protected":false},"featured_media":4843,"template":"","meta":{"_kad_blocks_custom_css":"","_kad_blocks_head_custom_js":"","_kad_blocks_body_custom_js":"","_kad_blocks_footer_custom_js":"","_kad_post_transparent":"","_kad_post_title":"","_kad_post_layout":"","_kad_post_sidebar_id":"","_kad_post_content_style":"","_kad_post_vertical_padding":"","_kad_post_feature":"","_kad_post_feature_position":"","_kad_post_header":false,"_kad_post_footer":false},"product_brand":[287],"product_cat":[31,46],"product_tag":[],"class_list":{"0":"post-1918","1":"product","2":"type-product","3":"status-publish","4":"has-post-thumbnail","6":"product_brand-goool-de","7":"product_cat-kluby-europejskie","8":"product_cat-kluby-niemieckie","9":"pa_location-filip","10":"pa_napis-koller","11":"pa_numer-286","12":"pa_rozmiar-xxl","13":"pa_sezon-2000-02","15":"first","16":"instock","17":"taxable","18":"shipping-taxable","19":"purchasable","20":"product-type-simple","21":"entry","22":"content-bg","23":"loop-entry"},"taxonomy_info":{"product_brand":[{"value":287,"label":"Goool.de"}],"product_cat":[{"value":31,"label":"Kluby Europejskie"},{"value":46,"label":"Kluby Niemieckie"}],"pa_location":[{"value":18,"label":"FILIP"}],"pa_napis":[{"value":285,"label":"Koller"}],"pa_numer":[{"value":286,"label":"8"}],"pa_rozmiar":[{"value":71,"label":"XXL"}],"pa_sezon":[{"value":121,"label":"2000\/02"}]},"featured_image_src_large":["https:\/\/fts.you2.pl\/wp-content\/uploads\/2025\/09\/21421-Borussia-Dortmund-200002-Home-8-Koller-XXL-1024x1024.jpg",1024,1024,true],"author_info":[],"comment_info":"","_links":{"self":[{"href":"https:\/\/fts.you2.pl\/de\/wp-json\/wp\/v2\/product\/1918","targetHints":{"allow":["GET"]}}],"collection":[{"href":"https:\/\/fts.you2.pl\/de\/wp-json\/wp\/v2\/product"}],"about":[{"href":"https:\/\/fts.you2.pl\/de\/wp-json\/wp\/v2\/types\/product"}],"wp:featuredmedia":[{"embeddable":true,"href":"https:\/\/fts.you2.pl\/de\/wp-json\/wp\/v2\/media\/4843"}],"wp:attachment":[{"href":"https:\/\/fts.you2.pl\/de\/wp-json\/wp\/v2\/media?parent=1918"}],"wp:term":[{"taxonomy":"product_brand","embeddable":true,"href":"https:\/\/fts.you2.pl\/de\/wp-json\/wp\/v2\/product_brand?post=1918"},{"taxonomy":"product_cat","embeddable":true,"href":"https:\/\/fts.you2.pl\/de\/wp-json\/wp\/v2\/product_cat?post=1918"},{"taxonomy":"product_tag","embeddable":true,"href":"https:\/\/fts.you2.pl\/de\/wp-json\/wp\/v2\/product_tag?post=1918"}],"curies":[{"name":"wp","href":"https:\/\/api.w.org\/{rel}","templated":true}]}}