{"id":1920,"date":"2023-03-03T16:08:30","date_gmt":"2023-03-03T15:08:30","guid":{"rendered":"https:\/\/fts.you2.pl\/index.php\/produkt\/match-issue-borussia-dortmund-2017-18-home-33-weigl-l\/"},"modified":"2025-09-18T16:45:39","modified_gmt":"2025-09-18T14:45:39","slug":"match-issue-borussia-dortmund-2017-18-home-33-weigl-l","status":"publish","type":"product","link":"https:\/\/fts.you2.pl\/de\/match-issue-borussia-dortmund-2017-18-home-33-weigl-l\/","title":{"rendered":"MATCH ISSUE Borussia Dortmund 2017\/18 Home 33 Weigl [L]"},"content":{"rendered":"<p><strong>Klub: <\/strong>Borussia Dortmund<\/p>\n<p><strong>Zawodnik: <\/strong>33 Weigl<\/p>\n<p><strong>Sezon: <\/strong>2017\/18 Home<\/p>\n<p><strong>Rozmiar: <\/strong>L<\/p>\n<p><strong>Stan: <\/strong>Bardzo dobry &#8211; uszkodzenie przy patchu Ligi Europy spowodowane nieumiej\u0119tnym na\u0142o\u017ceniem go na koszulk\u0119.<\/p>\n<p><strong>Wymiary (szeroko\u015b\u0107 pod pachami\/d\u0142ugo\u015b\u0107) w cm: <\/strong>45\/72<\/p>\n<p><strong>Dodatkowe informacje:<\/strong> Koszulka wykonana w najwy\u017cszej mo\u017cliwej wersji, Power Cell, cechuj\u0105ca si\u0119 gumowymi elementami oraz swoj\u0105 rozci\u0105gliwo\u015bci\u0105 i przyleganiem do cia\u0142a. Jest to pucharowa wersja koszulki BVB, w kt\u00f3rej w Lidze Europy rozegrali oni dwa dwumecze, przeciwko Atalancie oraz RB Salzburg. Weigl zagra\u0142 po jednym meczu przeciwko dru\u017cynie z Austrii i\u00a0 przeciwko klubowi z W\u0142och.<\/p>","protected":false},"excerpt":{"rendered":"<p>MATCH ISSUE Borussia Dortmund 2017\/18 Home 33 Weigl [L]<\/p>","protected":false},"featured_media":4862,"template":"","meta":{"_kad_blocks_custom_css":"","_kad_blocks_head_custom_js":"","_kad_blocks_body_custom_js":"","_kad_blocks_footer_custom_js":"","_kad_post_transparent":"","_kad_post_title":"","_kad_post_layout":"","_kad_post_sidebar_id":"","_kad_post_content_style":"","_kad_post_vertical_padding":"","_kad_post_feature":"","_kad_post_feature_position":"","_kad_post_header":false,"_kad_post_footer":false},"product_brand":[86],"product_cat":[65,31,46,173],"product_tag":[],"class_list":{"0":"post-1920","1":"product","2":"type-product","3":"status-publish","4":"has-post-thumbnail","6":"product_brand-puma","7":"product_cat-borussia-dortmund","8":"product_cat-kluby-europejskie","9":"product_cat-kluby-niemieckie","10":"product_cat-match-worn-issue","11":"pa_location-filip","12":"pa_napis-weigl","13":"pa_numer-292","14":"pa_rozmiar-l","15":"pa_sezon-2017-18","17":"first","18":"instock","19":"taxable","20":"shipping-taxable","21":"purchasable","22":"product-type-simple","23":"entry","24":"content-bg","25":"loop-entry"},"taxonomy_info":{"product_brand":[{"value":86,"label":"Puma"}],"product_cat":[{"value":65,"label":"Borussia Dortmund"},{"value":31,"label":"Kluby Europejskie"},{"value":46,"label":"Kluby Niemieckie"},{"value":173,"label":"MATCH WORN &amp; ISSUE"}],"pa_location":[{"value":18,"label":"FILIP"}],"pa_napis":[{"value":291,"label":"Weigl"}],"pa_numer":[{"value":292,"label":"33"}],"pa_rozmiar":[{"value":39,"label":"L"}],"pa_sezon":[{"value":70,"label":"2017\/18"}]},"featured_image_src_large":["https:\/\/fts.you2.pl\/wp-content\/uploads\/2025\/09\/21365-MATCH-ISSUE-Borussia-Dortmund-201718-Home-33-Weigl-L-1024x1024.jpg",1024,1024,true],"author_info":[],"comment_info":"","_links":{"self":[{"href":"https:\/\/fts.you2.pl\/de\/wp-json\/wp\/v2\/product\/1920","targetHints":{"allow":["GET"]}}],"collection":[{"href":"https:\/\/fts.you2.pl\/de\/wp-json\/wp\/v2\/product"}],"about":[{"href":"https:\/\/fts.you2.pl\/de\/wp-json\/wp\/v2\/types\/product"}],"wp:featuredmedia":[{"embeddable":true,"href":"https:\/\/fts.you2.pl\/de\/wp-json\/wp\/v2\/media\/4862"}],"wp:attachment":[{"href":"https:\/\/fts.you2.pl\/de\/wp-json\/wp\/v2\/media?parent=1920"}],"wp:term":[{"taxonomy":"product_brand","embeddable":true,"href":"https:\/\/fts.you2.pl\/de\/wp-json\/wp\/v2\/product_brand?post=1920"},{"taxonomy":"product_cat","embeddable":true,"href":"https:\/\/fts.you2.pl\/de\/wp-json\/wp\/v2\/product_cat?post=1920"},{"taxonomy":"product_tag","embeddable":true,"href":"https:\/\/fts.you2.pl\/de\/wp-json\/wp\/v2\/product_tag?post=1920"}],"curies":[{"name":"wp","href":"https:\/\/api.w.org\/{rel}","templated":true}]}}