{"id":1922,"date":"2023-03-03T16:08:32","date_gmt":"2023-03-03T15:08:32","guid":{"rendered":"https:\/\/fts.you2.pl\/index.php\/produkt\/borussia-dortmund-1998-00-home-17-dede-s\/"},"modified":"2025-09-18T16:46:08","modified_gmt":"2025-09-18T14:46:08","slug":"borussia-dortmund-1998-00-home-17-dede-s","status":"publish","type":"product","link":"https:\/\/fts.you2.pl\/de\/borussia-dortmund-1998-00-home-17-dede-s\/","title":{"rendered":"Borussia Dortmund 1998\/00 Home 17 Dede [S]"},"content":{"rendered":"<p><strong>Klub: <\/strong>Borussia Dortmund<\/p>\n<p><strong>Zawodnik: <\/strong>17 Dede<\/p>\n<p><strong>Sezon: <\/strong>1998\/00 Home<\/p>\n<p><strong>Rozmiar: <\/strong>S<\/p>\n<p><strong>Stan: <\/strong>S\u0142aby &#8211; koszulka posiada sporo niewielkich zaci\u0105gni\u0119\u0107, delikatnie uszkodzon\u0105 cyfr\u0119 '1&#8242; na plecach oraz zabrudzenie na plecach spowodowane cz\u0119\u015bciowym zniszczeniem napisu 'Dortmund&#8217;.<\/p>\n<p><strong>Wymiary (szeroko\u015b\u0107 pod pachami\/d\u0142ugo\u015b\u0107) w cm: <\/strong>50\/67(prz\u00f3d), 70(ty\u0142)<\/p>","protected":false},"excerpt":{"rendered":"<p>Borussia Dortmund 1998\/00 Home 17 Dede [S]<\/p>","protected":false},"featured_media":4884,"template":"","meta":{"_kad_blocks_custom_css":"","_kad_blocks_head_custom_js":"","_kad_blocks_body_custom_js":"","_kad_blocks_footer_custom_js":"","_kad_post_transparent":"","_kad_post_title":"","_kad_post_layout":"","_kad_post_sidebar_id":"","_kad_post_content_style":"","_kad_post_vertical_padding":"","_kad_post_feature":"","_kad_post_feature_position":"","_kad_post_header":false,"_kad_post_footer":false},"product_brand":[55],"product_cat":[65,31,46],"product_tag":[],"class_list":{"0":"post-1922","1":"product","2":"type-product","3":"status-publish","4":"has-post-thumbnail","6":"product_brand-nike","7":"product_cat-borussia-dortmund","8":"product_cat-kluby-europejskie","9":"product_cat-kluby-niemieckie","10":"pa_location-filip","11":"pa_napis-dede","12":"pa_numer-94","13":"pa_rozmiar-s","14":"pa_sezon-1998-00","16":"first","17":"instock","18":"taxable","19":"shipping-taxable","20":"purchasable","21":"product-type-simple","22":"entry","23":"content-bg","24":"loop-entry"},"taxonomy_info":{"product_brand":[{"value":55,"label":"Nike"}],"product_cat":[{"value":65,"label":"Borussia Dortmund"},{"value":31,"label":"Kluby Europejskie"},{"value":46,"label":"Kluby Niemieckie"}],"pa_location":[{"value":18,"label":"FILIP"}],"pa_napis":[{"value":294,"label":"Dede"}],"pa_numer":[{"value":94,"label":"17"}],"pa_rozmiar":[{"value":19,"label":"S"}],"pa_sezon":[{"value":156,"label":"1998\/00"}]},"featured_image_src_large":["https:\/\/fts.you2.pl\/wp-content\/uploads\/2025\/09\/21321-Borussia-Dortmund-199800-Home-17-Dede-S-1024x1024.jpg",1024,1024,true],"author_info":[],"comment_info":"","_links":{"self":[{"href":"https:\/\/fts.you2.pl\/de\/wp-json\/wp\/v2\/product\/1922","targetHints":{"allow":["GET"]}}],"collection":[{"href":"https:\/\/fts.you2.pl\/de\/wp-json\/wp\/v2\/product"}],"about":[{"href":"https:\/\/fts.you2.pl\/de\/wp-json\/wp\/v2\/types\/product"}],"wp:featuredmedia":[{"embeddable":true,"href":"https:\/\/fts.you2.pl\/de\/wp-json\/wp\/v2\/media\/4884"}],"wp:attachment":[{"href":"https:\/\/fts.you2.pl\/de\/wp-json\/wp\/v2\/media?parent=1922"}],"wp:term":[{"taxonomy":"product_brand","embeddable":true,"href":"https:\/\/fts.you2.pl\/de\/wp-json\/wp\/v2\/product_brand?post=1922"},{"taxonomy":"product_cat","embeddable":true,"href":"https:\/\/fts.you2.pl\/de\/wp-json\/wp\/v2\/product_cat?post=1922"},{"taxonomy":"product_tag","embeddable":true,"href":"https:\/\/fts.you2.pl\/de\/wp-json\/wp\/v2\/product_tag?post=1922"}],"curies":[{"name":"wp","href":"https:\/\/api.w.org\/{rel}","templated":true}]}}