{"id":1923,"date":"2023-03-03T16:08:33","date_gmt":"2023-03-03T15:08:33","guid":{"rendered":"https:\/\/fts.you2.pl\/index.php\/produkt\/player-issue-borussia-dortmund-1999-00-home-23-evanilson-xl\/"},"modified":"2025-09-18T16:46:21","modified_gmt":"2025-09-18T14:46:21","slug":"player-issue-borussia-dortmund-1999-00-home-23-evanilson-xl","status":"publish","type":"product","link":"https:\/\/fts.you2.pl\/de\/player-issue-borussia-dortmund-1999-00-home-23-evanilson-xl\/","title":{"rendered":"PLAYER ISSUE Borussia Dortmund 1999\/00 Home 23 Evanilson [XL]"},"content":{"rendered":"<p><strong>Klub: <\/strong>Borussia Dortmund<\/p>\n<p><strong>Zawodnik: <\/strong>23 Evanilson<\/p>\n<p><strong>Sezon: <\/strong>1999\/00 Home<\/p>\n<p><strong>Rozmiar: <\/strong>XL<\/p>\n<p><strong>Stan: <\/strong>Bardzo dobry &#8211; przetarcia na numerze na plecach oraz zabrudzenie na r\u0119kawie.<\/p>\n<p><strong>Wymiary (szeroko\u015b\u0107 pod pachami\/d\u0142ugo\u015b\u0107) w cm: <\/strong>61\/74<\/p>\n<p><strong>Dodatkowe informacje:<\/strong> Koszulka w wersji meczowej, wyr\u00f3\u017cniaj\u0105ca si\u0119 brakiem naszywki z rozmiarem oraz napisem 'Nike Fit&#8217; u do\u0142u koszulki na froncie. Koszulka nie posiada napisu 'Dortmund&#8217; na dole koszulki z ty\u0142u.\u00a0<\/p>","protected":false},"excerpt":{"rendered":"<p>PLAYER ISSUE Borussia Dortmund 1999\/00 Home 23 Evanilson [XL]<\/p>","protected":false},"featured_media":4895,"template":"","meta":{"_kad_blocks_custom_css":"","_kad_blocks_head_custom_js":"","_kad_blocks_body_custom_js":"","_kad_blocks_footer_custom_js":"","_kad_post_transparent":"","_kad_post_title":"","_kad_post_layout":"","_kad_post_sidebar_id":"","_kad_post_content_style":"","_kad_post_vertical_padding":"","_kad_post_feature":"","_kad_post_feature_position":"","_kad_post_header":false,"_kad_post_footer":false},"product_brand":[55],"product_cat":[65,31,46],"product_tag":[],"class_list":{"0":"post-1923","1":"product","2":"type-product","3":"status-publish","4":"has-post-thumbnail","6":"product_brand-nike","7":"product_cat-borussia-dortmund","8":"product_cat-kluby-europejskie","9":"product_cat-kluby-niemieckie","10":"pa_napis-evanilson","11":"pa_numer-214","12":"pa_rozmiar-xl","13":"pa_sezon-1999-00","15":"first","16":"instock","17":"taxable","18":"shipping-taxable","19":"purchasable","20":"product-type-simple","21":"entry","22":"content-bg","23":"loop-entry"},"taxonomy_info":{"product_brand":[{"value":55,"label":"Nike"}],"product_cat":[{"value":65,"label":"Borussia Dortmund"},{"value":31,"label":"Kluby Europejskie"},{"value":46,"label":"Kluby Niemieckie"}],"pa_napis":[{"value":295,"label":"Evanilson"}],"pa_numer":[{"value":214,"label":"23"}],"pa_rozmiar":[{"value":57,"label":"XL"}],"pa_sezon":[{"value":85,"label":"1999\/00"}]},"featured_image_src_large":["https:\/\/fts.you2.pl\/wp-content\/uploads\/2025\/09\/21310-PLAYER-ISSUE-Borussia-Dortmund-199900-Home-23-Evanilson-XL-1024x1024.jpg",1024,1024,true],"author_info":[],"comment_info":"","_links":{"self":[{"href":"https:\/\/fts.you2.pl\/de\/wp-json\/wp\/v2\/product\/1923","targetHints":{"allow":["GET"]}}],"collection":[{"href":"https:\/\/fts.you2.pl\/de\/wp-json\/wp\/v2\/product"}],"about":[{"href":"https:\/\/fts.you2.pl\/de\/wp-json\/wp\/v2\/types\/product"}],"wp:featuredmedia":[{"embeddable":true,"href":"https:\/\/fts.you2.pl\/de\/wp-json\/wp\/v2\/media\/4895"}],"wp:attachment":[{"href":"https:\/\/fts.you2.pl\/de\/wp-json\/wp\/v2\/media?parent=1923"}],"wp:term":[{"taxonomy":"product_brand","embeddable":true,"href":"https:\/\/fts.you2.pl\/de\/wp-json\/wp\/v2\/product_brand?post=1923"},{"taxonomy":"product_cat","embeddable":true,"href":"https:\/\/fts.you2.pl\/de\/wp-json\/wp\/v2\/product_cat?post=1923"},{"taxonomy":"product_tag","embeddable":true,"href":"https:\/\/fts.you2.pl\/de\/wp-json\/wp\/v2\/product_tag?post=1923"}],"curies":[{"name":"wp","href":"https:\/\/api.w.org\/{rel}","templated":true}]}}