{"id":1926,"date":"2023-03-17T14:06:26","date_gmt":"2023-03-17T13:06:26","guid":{"rendered":"https:\/\/fts.you2.pl\/index.php\/produkt\/vitesse-arnhem-1999-00-home-xxl\/"},"modified":"2025-09-18T16:47:47","modified_gmt":"2025-09-18T14:47:47","slug":"vitesse-arnhem-1999-00-home-xxl","status":"publish","type":"product","link":"https:\/\/fts.you2.pl\/de\/vitesse-arnhem-1999-00-home-xxl\/","title":{"rendered":"Vitesse Arnhem 1999\/00 Home [XXL]"},"content":{"rendered":"<p><strong>Klub: <\/strong>Vitesse Arnhem<\/p>\n<p><strong>Sezon: <\/strong>1999\/00 Home<\/p>\n<p><strong>Rozmiar: <\/strong>XXL<\/p>\n<p><strong>Stan: <\/strong>Bardzo dobry &#8211; kilka mikro zaci\u0105gni\u0119\u0107.<\/p>\n<p><strong>Wymiary (szeroko\u015b\u0107 pod pachami\/d\u0142ugo\u015b\u0107) w cm: <\/strong>65\/81<\/p>","protected":false},"excerpt":{"rendered":"<p>Vitesse Arnhem 1999\/00 Home [XXL]<\/p>","protected":false},"featured_media":4923,"template":"","meta":{"_kad_blocks_custom_css":"","_kad_blocks_head_custom_js":"","_kad_blocks_body_custom_js":"","_kad_blocks_footer_custom_js":"","_kad_post_transparent":"","_kad_post_title":"","_kad_post_layout":"","_kad_post_sidebar_id":"","_kad_post_content_style":"","_kad_post_vertical_padding":"","_kad_post_feature":"","_kad_post_feature_position":"","_kad_post_header":false,"_kad_post_footer":false},"product_brand":[299],"product_cat":[107,31,50],"product_tag":[],"class_list":{"0":"post-1926","1":"product","2":"type-product","3":"status-publish","4":"has-post-thumbnail","6":"product_brand-uhlsport","7":"product_cat-belgia-i-holandia","8":"product_cat-kluby-europejskie","9":"product_cat-kluby-europejskie-kluby-europejskie","10":"pa_location-filip","11":"pa_rozmiar-xxl","12":"pa_sezon-1999-00","14":"first","15":"instock","16":"taxable","17":"shipping-taxable","18":"purchasable","19":"product-type-simple","20":"entry","21":"content-bg","22":"loop-entry"},"taxonomy_info":{"product_brand":[{"value":299,"label":"Uhlsport"}],"product_cat":[{"value":107,"label":"Belgia i Holandia"},{"value":31,"label":"Kluby Europejskie"},{"value":50,"label":"Kluby Europejskie"}],"pa_location":[{"value":18,"label":"FILIP"}],"pa_rozmiar":[{"value":71,"label":"XXL"}],"pa_sezon":[{"value":85,"label":"1999\/00"}]},"featured_image_src_large":["https:\/\/fts.you2.pl\/wp-content\/uploads\/2025\/09\/21901-Vitesse-Arnhem-199900-Home-XXL-1024x1024.jpg",1024,1024,true],"author_info":[],"comment_info":"","_links":{"self":[{"href":"https:\/\/fts.you2.pl\/de\/wp-json\/wp\/v2\/product\/1926","targetHints":{"allow":["GET"]}}],"collection":[{"href":"https:\/\/fts.you2.pl\/de\/wp-json\/wp\/v2\/product"}],"about":[{"href":"https:\/\/fts.you2.pl\/de\/wp-json\/wp\/v2\/types\/product"}],"wp:featuredmedia":[{"embeddable":true,"href":"https:\/\/fts.you2.pl\/de\/wp-json\/wp\/v2\/media\/4923"}],"wp:attachment":[{"href":"https:\/\/fts.you2.pl\/de\/wp-json\/wp\/v2\/media?parent=1926"}],"wp:term":[{"taxonomy":"product_brand","embeddable":true,"href":"https:\/\/fts.you2.pl\/de\/wp-json\/wp\/v2\/product_brand?post=1926"},{"taxonomy":"product_cat","embeddable":true,"href":"https:\/\/fts.you2.pl\/de\/wp-json\/wp\/v2\/product_cat?post=1926"},{"taxonomy":"product_tag","embeddable":true,"href":"https:\/\/fts.you2.pl\/de\/wp-json\/wp\/v2\/product_tag?post=1926"}],"curies":[{"name":"wp","href":"https:\/\/api.w.org\/{rel}","templated":true}]}}