{"id":1930,"date":"2023-04-01T15:49:55","date_gmt":"2023-04-01T13:49:55","guid":{"rendered":"https:\/\/fts.you2.pl\/index.php\/produkt\/bayer-04-leverkusen-2012-13-home-9-schurrle-s\/"},"modified":"2025-09-18T16:49:32","modified_gmt":"2025-09-18T14:49:32","slug":"bayer-04-leverkusen-2012-13-home-9-schurrle-s","status":"publish","type":"product","link":"https:\/\/fts.you2.pl\/de\/bayer-04-leverkusen-2012-13-home-9-schurrle-s\/","title":{"rendered":"Bayer 04 Leverkusen 2012\/13 Home 9 Schurrle [S]"},"content":{"rendered":"<p><strong>Klub: <\/strong>Bayer 04 Leverkusen<\/p>\n<p><strong>Zawodnik: <\/strong>9 Schurrle<\/p>\n<p><strong>Sezon: <\/strong>2012\/13 Home<\/p>\n<p><strong>Rozmiar: <\/strong>S<\/p>\n<p><strong>Stan: <\/strong>Bardzo dobry &#8211; drobne zaci\u0105gni\u0119cie na froncie.<\/p>\n<p><strong>Wymiary (szeroko\u015b\u0107 pod pachami\/d\u0142ugo\u015b\u0107) w cm: <\/strong>49\/70<\/p>\n<p><strong>Dodatkowe informacje:<\/strong> Andr\u00e9 Sch\u00fcrrle do\u0142\u0105czy\u0142 do Bayeru Leverkusen w 2011 roku z drugoligowego klubu FSV Mainz 05. W swoim pierwszym sezonie w Leverkusen zdoby\u0142 9 bramek i zaliczy\u0142 8 asyst w Bundeslidze. Pom\u00f3g\u0142 r\u00f3wnie\u017c dru\u017cynie osi\u0105gn\u0105\u0107 trzecie miejsce w lidze, zapewniaj\u0105c sobie miejsce w Lidze Mistrz\u00f3w. W sezonie 2012\/2013 zdoby\u0142 14 bramek w 43 meczach dla Leverkusen, co przyci\u0105gn\u0119\u0142o uwag\u0119 Chelsea. Ostatecznie przeni\u00f3s\u0142 si\u0119 na Stamford Bridge latem 2013 roku.<\/p>","protected":false},"excerpt":{"rendered":"<p>Bayer 04 Leverkusen 2012\/13 Home 9 Schurrle [S]<\/p>","protected":false},"featured_media":4966,"template":"","meta":{"_kad_blocks_custom_css":"","_kad_blocks_head_custom_js":"","_kad_blocks_body_custom_js":"","_kad_blocks_footer_custom_js":"","_kad_post_transparent":"","_kad_post_title":"","_kad_post_layout":"","_kad_post_sidebar_id":"","_kad_post_content_style":"","_kad_post_vertical_padding":"","_kad_post_feature":"","_kad_post_feature_position":"","_kad_post_header":false,"_kad_post_footer":false},"product_brand":[45],"product_cat":[47,31,46],"product_tag":[],"class_list":{"0":"post-1930","1":"product","2":"type-product","3":"status-publish","4":"has-post-thumbnail","6":"product_brand-adidas","7":"product_cat-bayer-04-leverkusen","8":"product_cat-kluby-europejskie","9":"product_cat-kluby-niemieckie","10":"pa_napis-schurrle","11":"pa_numer-166","12":"pa_rozmiar-s","13":"pa_sezon-2012-13","15":"first","16":"instock","17":"taxable","18":"shipping-taxable","19":"purchasable","20":"product-type-simple","21":"entry","22":"content-bg","23":"loop-entry"},"taxonomy_info":{"product_brand":[{"value":45,"label":"Adidas"}],"product_cat":[{"value":47,"label":"Bayer 04 Leverkusen"},{"value":31,"label":"Kluby Europejskie"},{"value":46,"label":"Kluby Niemieckie"}],"pa_napis":[{"value":304,"label":"Schurrle"}],"pa_numer":[{"value":166,"label":"9"}],"pa_rozmiar":[{"value":19,"label":"S"}],"pa_sezon":[{"value":91,"label":"2012\/13"}]},"featured_image_src_large":["https:\/\/fts.you2.pl\/wp-content\/uploads\/2025\/09\/22079-Bayer-04-Leverkusen-201213-Home-9-Schurrle-S-1024x1024.jpg",1024,1024,true],"author_info":[],"comment_info":"","_links":{"self":[{"href":"https:\/\/fts.you2.pl\/de\/wp-json\/wp\/v2\/product\/1930","targetHints":{"allow":["GET"]}}],"collection":[{"href":"https:\/\/fts.you2.pl\/de\/wp-json\/wp\/v2\/product"}],"about":[{"href":"https:\/\/fts.you2.pl\/de\/wp-json\/wp\/v2\/types\/product"}],"wp:featuredmedia":[{"embeddable":true,"href":"https:\/\/fts.you2.pl\/de\/wp-json\/wp\/v2\/media\/4966"}],"wp:attachment":[{"href":"https:\/\/fts.you2.pl\/de\/wp-json\/wp\/v2\/media?parent=1930"}],"wp:term":[{"taxonomy":"product_brand","embeddable":true,"href":"https:\/\/fts.you2.pl\/de\/wp-json\/wp\/v2\/product_brand?post=1930"},{"taxonomy":"product_cat","embeddable":true,"href":"https:\/\/fts.you2.pl\/de\/wp-json\/wp\/v2\/product_cat?post=1930"},{"taxonomy":"product_tag","embeddable":true,"href":"https:\/\/fts.you2.pl\/de\/wp-json\/wp\/v2\/product_tag?post=1930"}],"curies":[{"name":"wp","href":"https:\/\/api.w.org\/{rel}","templated":true}]}}