{"id":1931,"date":"2023-04-01T15:49:58","date_gmt":"2023-04-01T13:49:58","guid":{"rendered":"https:\/\/fts.you2.pl\/index.php\/produkt\/psv-eindhoven-2011-13-away-10-wijnaldum-l\/"},"modified":"2025-09-18T16:49:44","modified_gmt":"2025-09-18T14:49:44","slug":"psv-eindhoven-2011-13-away-10-wijnaldum-l","status":"publish","type":"product","link":"https:\/\/fts.you2.pl\/de\/psv-eindhoven-2011-13-away-10-wijnaldum-l\/","title":{"rendered":"PSV Eindhoven 2011\/13 Away 10 Wijnaldum [L]"},"content":{"rendered":"<p><strong>Klub: <\/strong>PSV Eindhoven<\/p>\n<p><strong>Zawodnik: <\/strong>10 Wijnaldum<\/p>\n<p><strong>Sezon: <\/strong>2011\/13 Away<\/p>\n<p><strong>Rozmiar: <\/strong>L<\/p>\n<p><strong>Stan: <\/strong>Dobry &#8211; poza przeci\u0119tym materia\u0142em na froncie koszulki, nie posiada ona \u017cadnych innych wad.<\/p>\n<p><strong>Wymiary (szeroko\u015b\u0107 pod pachami\/d\u0142ugo\u015b\u0107) w cm: <\/strong>55\/78<\/p>\n<p><strong>Dodatkowe informacje:<\/strong> Georginio Wijnaldum to holenderski pi\u0142karz, kt\u00f3ry rozpocz\u0105\u0142 swoj\u0105 karier\u0119 w PSV Eindhoven. W barwach tego klubu gra\u0142 w latach 2011-2015 i zdoby\u0142 z nim dwa tytu\u0142y mistrza Holandii. Wijnaldum by\u0142 jednym z czo\u0142owych zawodnik\u00f3w PSV, a w sezonie 2014\/15 zdoby\u0142 14 bramek.<\/p>","protected":false},"excerpt":{"rendered":"<p>PSV Eindhoven 2011\/13 Away 10 Wijnaldum [L]<\/p>","protected":false},"featured_media":4976,"template":"","meta":{"_kad_blocks_custom_css":"","_kad_blocks_head_custom_js":"","_kad_blocks_body_custom_js":"","_kad_blocks_footer_custom_js":"","_kad_post_transparent":"","_kad_post_title":"","_kad_post_layout":"","_kad_post_sidebar_id":"","_kad_post_content_style":"","_kad_post_vertical_padding":"","_kad_post_feature":"","_kad_post_feature_position":"","_kad_post_header":false,"_kad_post_footer":false},"product_brand":[55],"product_cat":[107,50,31],"product_tag":[],"class_list":{"0":"post-1931","1":"product","2":"type-product","3":"status-publish","4":"has-post-thumbnail","6":"product_brand-nike","7":"product_cat-belgia-i-holandia","8":"product_cat-kluby-europejskie-kluby-europejskie","9":"product_cat-kluby-europejskie","10":"pa_napis-wijnaldum","11":"pa_numer-63","12":"pa_rozmiar-l","13":"pa_sezon-2011-13","15":"first","16":"instock","17":"taxable","18":"shipping-taxable","19":"purchasable","20":"product-type-simple","21":"entry","22":"content-bg","23":"loop-entry"},"taxonomy_info":{"product_brand":[{"value":55,"label":"Nike"}],"product_cat":[{"value":107,"label":"Belgia i Holandia"},{"value":50,"label":"Kluby Europejskie"},{"value":31,"label":"Kluby Europejskie"}],"pa_napis":[{"value":305,"label":"Wijnaldum"}],"pa_numer":[{"value":63,"label":"10"}],"pa_rozmiar":[{"value":39,"label":"L"}],"pa_sezon":[{"value":81,"label":"2011\/13"}]},"featured_image_src_large":["https:\/\/fts.you2.pl\/wp-content\/uploads\/2025\/09\/22027-PSV-Eindhoven-201113-Away-10-Wijnaldum-L-1024x1024.jpg",1024,1024,true],"author_info":[],"comment_info":"","_links":{"self":[{"href":"https:\/\/fts.you2.pl\/de\/wp-json\/wp\/v2\/product\/1931","targetHints":{"allow":["GET"]}}],"collection":[{"href":"https:\/\/fts.you2.pl\/de\/wp-json\/wp\/v2\/product"}],"about":[{"href":"https:\/\/fts.you2.pl\/de\/wp-json\/wp\/v2\/types\/product"}],"wp:featuredmedia":[{"embeddable":true,"href":"https:\/\/fts.you2.pl\/de\/wp-json\/wp\/v2\/media\/4976"}],"wp:attachment":[{"href":"https:\/\/fts.you2.pl\/de\/wp-json\/wp\/v2\/media?parent=1931"}],"wp:term":[{"taxonomy":"product_brand","embeddable":true,"href":"https:\/\/fts.you2.pl\/de\/wp-json\/wp\/v2\/product_brand?post=1931"},{"taxonomy":"product_cat","embeddable":true,"href":"https:\/\/fts.you2.pl\/de\/wp-json\/wp\/v2\/product_cat?post=1931"},{"taxonomy":"product_tag","embeddable":true,"href":"https:\/\/fts.you2.pl\/de\/wp-json\/wp\/v2\/product_tag?post=1931"}],"curies":[{"name":"wp","href":"https:\/\/api.w.org\/{rel}","templated":true}]}}