{"id":1936,"date":"2023-04-06T18:32:26","date_gmt":"2023-04-06T16:32:26","guid":{"rendered":"https:\/\/fts.you2.pl\/index.php\/produkt\/fc-bayern-monachium-2002-03-home-7-scholl-xl\/"},"modified":"2025-09-18T16:50:45","modified_gmt":"2025-09-18T14:50:45","slug":"fc-bayern-monachium-2002-03-home-7-scholl-xl","status":"publish","type":"product","link":"https:\/\/fts.you2.pl\/de\/fc-bayern-monachium-2002-03-home-7-scholl-xl\/","title":{"rendered":"FC Bayern Monachium 2001\/02 Home 7 Scholl [XL]"},"content":{"rendered":"<p><strong>Klub: <\/strong>FC Bayern Monachium<\/p>\n<p><strong>Zawodnik: <\/strong>7 Scholl<\/p>\n<p><strong>Sezon: <\/strong>2001\/02 Home<\/p>\n<p><strong>Rozmiar: <\/strong>XL<\/p>\n<p><strong>Stan: <\/strong>Bardzo dobry &#8211; kilka mikro zaci\u0105gni\u0119\u0107.<\/p>\n<p><strong>Wymiary (szeroko\u015b\u0107 pod pachami\/d\u0142ugo\u015b\u0107) w cm: <\/strong>59\/75<\/p>\n<p><strong>Dodatkowe informacje:<\/strong> Mehmet Scholl do\u0142\u0105czy\u0142 do Bayernu Monachium w 1992 roku i szybko sta\u0142 si\u0119 wa\u017cnym zawodnikiem zespo\u0142u. W swojej karierze zdoby\u0142 wiele trofe\u00f3w, w tym 8 tytu\u0142\u00f3w mistrza Niemiec, 5 Puchar\u00f3w Niemiec oraz Lig\u0119 Mistrz\u00f3w UEFA. Scholl by\u0142 tak\u017ce wa\u017cnym graczem reprezentacji Niemiec, z kt\u00f3r\u0105 zdoby\u0142 mistrzostwo Europy w 1996 roku. W 2007 roku zako\u0144czy\u0142 karier\u0119 jako legenda klubu.<\/p><\/p>","protected":false},"excerpt":{"rendered":"<p>FC Bayern Monachium 2001\/02 \u00a0Home 7 Scholl [XL]<\/p>","protected":false},"featured_media":5022,"template":"","meta":{"_kad_blocks_custom_css":"","_kad_blocks_head_custom_js":"","_kad_blocks_body_custom_js":"","_kad_blocks_footer_custom_js":"","_kad_post_transparent":"","_kad_post_title":"","_kad_post_layout":"","_kad_post_sidebar_id":"","_kad_post_content_style":"","_kad_post_vertical_padding":"","_kad_post_feature":"","_kad_post_feature_position":"","_kad_post_header":false,"_kad_post_footer":false},"product_brand":[45],"product_cat":[100,31,46],"product_tag":[],"class_list":{"0":"post-1936","1":"product","2":"type-product","3":"status-publish","4":"has-post-thumbnail","6":"product_brand-adidas","7":"product_cat-fc-bayern-monachium","8":"product_cat-kluby-europejskie","9":"product_cat-kluby-niemieckie","10":"pa_napis-scholl","11":"pa_numer-43","12":"pa_rozmiar-xl","13":"pa_sezon-2002-03","15":"first","16":"instock","17":"taxable","18":"shipping-taxable","19":"purchasable","20":"product-type-simple","21":"entry","22":"content-bg","23":"loop-entry"},"taxonomy_info":{"product_brand":[{"value":45,"label":"Adidas"}],"product_cat":[{"value":100,"label":"FC Bayern Monachium"},{"value":31,"label":"Kluby Europejskie"},{"value":46,"label":"Kluby Niemieckie"}],"pa_napis":[{"value":309,"label":"Scholl"}],"pa_numer":[{"value":43,"label":"7"}],"pa_rozmiar":[{"value":57,"label":"XL"}],"pa_sezon":[{"value":106,"label":"2002\/03"}]},"featured_image_src_large":["https:\/\/fts.you2.pl\/wp-content\/uploads\/2025\/09\/22497-FC-Bayern-Monachium-200102-Home-7-Scholl-XL-1024x1024.jpg",1024,1024,true],"author_info":[],"comment_info":"","_links":{"self":[{"href":"https:\/\/fts.you2.pl\/de\/wp-json\/wp\/v2\/product\/1936","targetHints":{"allow":["GET"]}}],"collection":[{"href":"https:\/\/fts.you2.pl\/de\/wp-json\/wp\/v2\/product"}],"about":[{"href":"https:\/\/fts.you2.pl\/de\/wp-json\/wp\/v2\/types\/product"}],"wp:featuredmedia":[{"embeddable":true,"href":"https:\/\/fts.you2.pl\/de\/wp-json\/wp\/v2\/media\/5022"}],"wp:attachment":[{"href":"https:\/\/fts.you2.pl\/de\/wp-json\/wp\/v2\/media?parent=1936"}],"wp:term":[{"taxonomy":"product_brand","embeddable":true,"href":"https:\/\/fts.you2.pl\/de\/wp-json\/wp\/v2\/product_brand?post=1936"},{"taxonomy":"product_cat","embeddable":true,"href":"https:\/\/fts.you2.pl\/de\/wp-json\/wp\/v2\/product_cat?post=1936"},{"taxonomy":"product_tag","embeddable":true,"href":"https:\/\/fts.you2.pl\/de\/wp-json\/wp\/v2\/product_tag?post=1936"}],"curies":[{"name":"wp","href":"https:\/\/api.w.org\/{rel}","templated":true}]}}