{"id":1965,"date":"2023-04-20T18:56:43","date_gmt":"2023-04-20T16:56:43","guid":{"rendered":"https:\/\/fts.you2.pl\/index.php\/produkt\/cardiff-city-fc-2013-14-home-13-kim-l\/"},"modified":"2025-09-18T16:57:00","modified_gmt":"2025-09-18T14:57:00","slug":"cardiff-city-fc-2013-14-home-13-kim-l","status":"publish","type":"product","link":"https:\/\/fts.you2.pl\/de\/cardiff-city-fc-2013-14-home-13-kim-l\/","title":{"rendered":"Cardiff City FC 2013\/14 Home 13 Kim [L]"},"content":{"rendered":"<p><strong>Klub: <\/strong>Cardiff City FC<\/p>\n<p><strong>Zawodnik: <\/strong>13 Kim<\/p>\n<p><strong>Sezon: <\/strong>2013\/14 Home<\/p>\n<p><strong>Rozmiar: <\/strong>L<\/p>\n<p><strong>Stan: <\/strong>Doskona\u0142y<\/p>\n<p><strong>Wymiary (szeroko\u015b\u0107 pod pachami\/d\u0142ugo\u015b\u0107) w cm: <\/strong>56\/71<\/p>","protected":false},"excerpt":{"rendered":"<p>Cardiff City FC 2013\/14 Home 13 Kim [L]<\/p>","protected":false},"featured_media":5303,"template":"","meta":{"_kad_blocks_custom_css":"","_kad_blocks_head_custom_js":"","_kad_blocks_body_custom_js":"","_kad_blocks_footer_custom_js":"","_kad_post_transparent":"","_kad_post_title":"","_kad_post_layout":"","_kad_post_sidebar_id":"","_kad_post_content_style":"","_kad_post_vertical_padding":"","_kad_post_feature":"","_kad_post_feature_position":"","_kad_post_header":false,"_kad_post_footer":false},"product_brand":[86],"product_cat":[32,31,33],"product_tag":[],"class_list":{"0":"post-1965","1":"product","2":"type-product","3":"status-publish","4":"has-post-thumbnail","6":"product_brand-puma","7":"product_cat-kluby-angielskie","8":"product_cat-kluby-europejskie","9":"product_cat-pozostale-kluby-angielskie","10":"pa_napis-kim","11":"pa_numer-301","12":"pa_rozmiar-l","13":"pa_sezon-2013-14","15":"first","16":"instock","17":"taxable","18":"shipping-taxable","19":"purchasable","20":"product-type-simple","21":"entry","22":"content-bg","23":"loop-entry"},"taxonomy_info":{"product_brand":[{"value":86,"label":"Puma"}],"product_cat":[{"value":32,"label":"Kluby Angielskie"},{"value":31,"label":"Kluby Europejskie"},{"value":33,"label":"Pozosta\u0142e kluby angielskie"}],"pa_napis":[{"value":333,"label":"Kim"}],"pa_numer":[{"value":301,"label":"13"}],"pa_rozmiar":[{"value":39,"label":"L"}],"pa_sezon":[{"value":34,"label":"2013\/14"}]},"featured_image_src_large":["https:\/\/fts.you2.pl\/wp-content\/uploads\/2025\/09\/23410-Cardiff-City-FC-201314-Home-13-Kim-L-1024x1024.jpg",1024,1024,true],"author_info":[],"comment_info":"","_links":{"self":[{"href":"https:\/\/fts.you2.pl\/de\/wp-json\/wp\/v2\/product\/1965","targetHints":{"allow":["GET"]}}],"collection":[{"href":"https:\/\/fts.you2.pl\/de\/wp-json\/wp\/v2\/product"}],"about":[{"href":"https:\/\/fts.you2.pl\/de\/wp-json\/wp\/v2\/types\/product"}],"wp:featuredmedia":[{"embeddable":true,"href":"https:\/\/fts.you2.pl\/de\/wp-json\/wp\/v2\/media\/5303"}],"wp:attachment":[{"href":"https:\/\/fts.you2.pl\/de\/wp-json\/wp\/v2\/media?parent=1965"}],"wp:term":[{"taxonomy":"product_brand","embeddable":true,"href":"https:\/\/fts.you2.pl\/de\/wp-json\/wp\/v2\/product_brand?post=1965"},{"taxonomy":"product_cat","embeddable":true,"href":"https:\/\/fts.you2.pl\/de\/wp-json\/wp\/v2\/product_cat?post=1965"},{"taxonomy":"product_tag","embeddable":true,"href":"https:\/\/fts.you2.pl\/de\/wp-json\/wp\/v2\/product_tag?post=1965"}],"curies":[{"name":"wp","href":"https:\/\/api.w.org\/{rel}","templated":true}]}}